{"id":77758,"date":"2023-12-13T20:59:57","date_gmt":"2023-12-13T19:59:57","guid":{"rendered":"https:\/\/www.soanam.de\/?post_type=product&#038;p=77758"},"modified":"2023-12-13T21:02:22","modified_gmt":"2023-12-13T20:02:22","slug":"groh-un-petit-miracle-grandit-ringbook-allemand-2019","status":"publish","type":"product","link":"https:\/\/www.soanam.de\/fr\/produkt\/groh-ein-kleines-wunder-waechst-heran-ringbuch-deutsch-2019\/","title":{"rendered":"GROH Un petit miracle grandit, classeur \u00e0 anneaux, allemand, 2019"},"content":{"rendered":"<h3><strong>Description du produit<\/strong><\/h3>\n<p>Mon compte \u00e0 rebours de grossesse semaine par semaine<\/p>\n<p>La grossesse est une chose merveilleuse - excitante et tout \u00e0 fait incomparable, que ce soit la premi\u00e8re fois ou que l'on ait d\u00e9j\u00e0 mis un b\u00e9b\u00e9 au monde. Avec ce pr\u00e9sentoir d\u00e9coratif, la future maman peut c\u00e9l\u00e9brer sa grossesse semaine apr\u00e8s semaine et profiter de l'attente. \"Un petit miracle grandit\" contient un compte \u00e0 rebours pour compter les jours jusqu'\u00e0 l'accouchement et donne au passage des conseils pratiques gr\u00e2ce \u00e0 des textes courts et informatifs sur la grossesse. Le compte \u00e0 rebours de la grossesse est d'un graphisme moderne et constitue un cadeau affectueux pour les femmes enceintes ou pour se faire plaisir pendant les jours excitants qui pr\u00e9c\u00e8dent la naissance.<\/p>\n<p><strong>Marquage des produits<\/strong><br \/>\n\u00c9diteur : \u00c9quipe de r\u00e9daction de Groh<br \/>\nISBN-10 : 3848523841<br \/>\nISBN-13 : 9783848523849<\/p>\n<p><strong>Caract\u00e9ristiques principales du produit<\/strong><br \/>\nLangue : Allemand<br \/>\nNombre de pages : 52 pages<br \/>\nMaison d'\u00e9dition : Groh, Groh Verlag, Groh Verlag Gmbh<br \/>\nAuteur : \u00c9quipe de r\u00e9daction de Groh<br \/>\nTitre du livre : Un petit miracle grandit.<br \/>\nFormat : Livre de poche<br \/>\nAnn\u00e9e de publication : 2019<\/p>\n<p><strong>Caract\u00e9ristiques suppl\u00e9mentaires du produit<\/strong><br \/>\nL\/L\/H : 14cm\/11cm\/2cm<br \/>\nPoids de l'article : 168g<\/p>","protected":false},"excerpt":{"rendered":"<h3><strong>Caract\u00e9ristiques de l'article<\/strong><\/h3>\n<p>Artikelzustand: Neu - Neues, ungelesenes, ungebrauchtes Buch in makellosem Zustand<\/p>\n<table style=\"border-collapse: collapse;width: 432pt\" width=\"576\">\n<tbody>\n<tr style=\"height: 15.0pt\">\n<td style=\"width: 193pt;height: 15.0pt\" width=\"257\" height=\"20\">Anzahl der Seiten:<\/td>\n<td style=\"width: 239pt\" width=\"319\">52 Seiten<\/td>\n<\/tr>\n<tr style=\"height: 15.0pt\">\n<td class=\"xl65\" style=\"height: 15.0pt\" height=\"20\">Autor:<\/td>\n<td class=\"xl65\">Groh Redaktionsteam<\/td>\n<\/tr>\n<tr style=\"height: 15.0pt\">\n<td class=\"xl65\" style=\"height: 15.0pt\" height=\"20\">Particularit\u00e9s :<\/td>\n<td class=\"xl65\">Ringbuch<\/td>\n<\/tr>\n<tr style=\"height: 15.0pt\">\n<td class=\"xl65\" style=\"height: 15.0pt\" height=\"20\">Buchtitel:<\/td>\n<td class=\"xl65\">Ein Kleines Wunder W\u00e4chst Heran.<\/td>\n<\/tr>\n<tr style=\"height: 15.0pt\">\n<td class=\"xl65\" style=\"height: 15.0pt\" height=\"20\">Erscheinungsjahr:<\/td>\n<td class=\"xl65\">2019<\/td>\n<\/tr>\n<tr style=\"height: 15.0pt\">\n<td class=\"xl65\" style=\"height: 15.0pt\" height=\"20\">Format:<\/td>\n<td class=\"xl65\">Taschenbuch<\/td>\n<\/tr>\n<tr style=\"height: 15.0pt\">\n<td class=\"xl65\" style=\"height: 15.0pt\" height=\"20\">Genre:<\/td>\n<td class=\"xl65\">Eltern, Ehe &amp; Familie<\/td>\n<\/tr>\n<tr style=\"height: 15.0pt\">\n<td class=\"xl65\" style=\"height: 15.0pt\" height=\"20\">Gewicht:<\/td>\n<td class=\"xl65\">168<\/td>\n<\/tr>\n<tr style=\"height: 15.0pt\">\n<td class=\"xl65\" style=\"height: 15.0pt\" height=\"20\">Herstellungsland und -region:<\/td>\n<td class=\"xl65\">Allemagne<\/td>\n<\/tr>\n<tr style=\"height: 15.0pt\">\n<td class=\"xl65\" style=\"height: 15.0pt\" height=\"20\">ISBN:<\/td>\n<td class=\"xl65\">9783848523849<\/td>\n<\/tr>\n<tr style=\"height: 15.0pt\">\n<td class=\"xl65\" style=\"height: 15.0pt\" height=\"20\">Literarische Gattung:<\/td>\n<td class=\"xl65\">Sachbuch<\/td>\n<\/tr>\n<tr style=\"height: 15.0pt\">\n<td class=\"xl65\" style=\"height: 15.0pt\" height=\"20\">Marke:<\/td>\n<td class=\"xl65\">Groh Verlag<\/td>\n<\/tr>\n<tr style=\"height: 15.0pt\">\n<td class=\"xl65\" style=\"height: 15.0pt\" height=\"20\">Produktart:<\/td>\n<td class=\"xl65\">Livres<\/td>\n<\/tr>\n<tr style=\"height: 15.0pt\">\n<td class=\"xl65\" style=\"height: 15.0pt\" height=\"20\">Sprache:<\/td>\n<td class=\"xl65\">Allemand<\/td>\n<\/tr>\n<tr style=\"height: 15.0pt\">\n<td class=\"xl65\" style=\"height: 15.0pt\" height=\"20\">Thematik:<\/td>\n<td class=\"xl65\">Schwangerschaft<\/td>\n<\/tr>\n<tr style=\"height: 15.0pt\">\n<td class=\"xl65\" style=\"height: 15.0pt\" height=\"20\">Verlag:<\/td>\n<td class=\"xl65\">Groh, Groh Verlag, Groh Verlag Gmbh<\/td>\n<\/tr>\n<tr style=\"height: 15.0pt\">\n<td class=\"xl65\" style=\"height: 15.0pt\" height=\"20\">Zielgruppe:<\/td>\n<td class=\"xl65\">Adultes<\/td>\n<\/tr>\n<\/tbody>\n<\/table>","protected":false},"featured_media":77872,"comment_status":"open","ping_status":"closed","template":"","meta":{"_seopress_robots_primary_cat":"","_seopress_titles_title":"","_seopress_titles_desc":"","_seopress_robots_index":""},"product_brand":[],"product_cat":[1428,1434,1447],"product_tag":[],"class_list":{"0":"post-77758","1":"product","2":"type-product","3":"status-publish","4":"has-post-thumbnail","6":"product_cat-buecher","7":"product_cat-erwachsene","8":"product_cat-ratgeber","9":"product_shipping_class-standard-versand","11":"first","12":"instock","13":"taxable","14":"shipping-taxable","15":"purchasable","16":"product-type-simple"},"_links":{"self":[{"href":"https:\/\/www.soanam.de\/fr\/wp-json\/wp\/v2\/product\/77758","targetHints":{"allow":["GET"]}}],"collection":[{"href":"https:\/\/www.soanam.de\/fr\/wp-json\/wp\/v2\/product"}],"about":[{"href":"https:\/\/www.soanam.de\/fr\/wp-json\/wp\/v2\/types\/product"}],"replies":[{"embeddable":true,"href":"https:\/\/www.soanam.de\/fr\/wp-json\/wp\/v2\/comments?post=77758"}],"wp:featuredmedia":[{"embeddable":true,"href":"https:\/\/www.soanam.de\/fr\/wp-json\/wp\/v2\/media\/77872"}],"wp:attachment":[{"href":"https:\/\/www.soanam.de\/fr\/wp-json\/wp\/v2\/media?parent=77758"}],"wp:term":[{"taxonomy":"product_brand","embeddable":true,"href":"https:\/\/www.soanam.de\/fr\/wp-json\/wp\/v2\/product_brand?post=77758"},{"taxonomy":"product_cat","embeddable":true,"href":"https:\/\/www.soanam.de\/fr\/wp-json\/wp\/v2\/product_cat?post=77758"},{"taxonomy":"product_tag","embeddable":true,"href":"https:\/\/www.soanam.de\/fr\/wp-json\/wp\/v2\/product_tag?post=77758"}],"curies":[{"name":"wp","href":"https:\/\/api.w.org\/{rel}","templated":true}]}}