{"id":77757,"date":"2023-12-13T20:59:57","date_gmt":"2023-12-13T19:59:57","guid":{"rendered":"https:\/\/www.soanam.de\/?post_type=product&#038;p=77757"},"modified":"2023-12-13T21:02:19","modified_gmt":"2023-12-13T20:02:19","slug":"bruno-banani-powerstretch-treggings-en-noir-taille-34","status":"publish","type":"product","link":"https:\/\/www.soanam.de\/fr\/produkt\/bruno-banani-powerstretch-treggings-in-schwarz-groesse-34\/","title":{"rendered":"Bruno Banani Treggings Powerstretch, en noir, taille 34"},"content":{"rendered":"<p>Pantalon de cr\u00e9ateur avec d\u00e9tails en similicuir<br \/>\nEn power-stretch<br \/>\nAvec coutures d\u00e9coratives sur le devant<br \/>\nHauteur de taille classique<\/p>\n<p>Ce pantalon de Bruno Banani a une superbe silhouette.<br \/>\nIl est con\u00e7u comme une seconde peau en c\u00f4te milanaise de qualit\u00e9 sup\u00e9rieure. La coupe styl\u00e9e ultra-\u00e9troite est caract\u00e9ris\u00e9e par une qualit\u00e9 solide tr\u00e8s extensible. Le pantalon assure ainsi un confort optimal et offre une coupe fiable. Outre les passants de ceinture et les fermetures \u00e0 boutons sur la ceinture, les coutures d\u00e9coratives sur le devant et les poches plaqu\u00e9es \u00e0 l'arri\u00e8re sont dot\u00e9es de passepoils styl\u00e9s \u00e0 l'aspect cuir.<\/p>\n<p>Mati\u00e8re : Ext\u00e9rieur : 68% viscose, 28% polyamide, 4% \u00e9lasthanne.<br \/>\nBordure : 100% polyur\u00e9thane<br \/>\nConseils d'entretien : Lavage en machine \u00e0 40<\/p>\n<p>couleur : noir<br \/>\nTaille : EUR 34<\/p>\n<p>Tour de taille : 71cm<br \/>\nTour de hanches : 80cm<br \/>\nLongueur d'entrejambe:78cm<br \/>\nlongueur totale : 101cm<\/p>\n<p>&nbsp;<\/p>\n<p>Il s'agit pour ce nouvel article d'un retour client sans \u00e9tiquette.<\/p>","protected":false},"excerpt":{"rendered":"<table class=\"dv_characteristicsTable\">\n<tbody>\n<tr>\n<td class=\"left\">Taille<\/td>\n<td>34 (XS)<\/td>\n<\/tr>\n<tr>\n<td class=\"left\">Gr\u00f6\u00dfentyp<\/td>\n<td>Normalgr\u00f6\u00dfen<\/td>\n<\/tr>\n<tr>\n<td class=\"left\">Composition du mat\u00e9riau<\/td>\n<td>Dessus : 68% viscose, 28% polyamide, 4% \u00e9lasthanne. Bordure : 100% polyur\u00e9thane<\/td>\n<\/tr>\n<tr>\n<td class=\"left\">Materialart<\/td>\n<td>Milano Ripp<\/td>\n<\/tr>\n<tr>\n<td class=\"left\">Conseils d'entretien<\/td>\n<td>Lavage en machine<\/td>\n<\/tr>\n<tr>\n<td class=\"left\">Optik<\/td>\n<td>unifarben<\/td>\n<\/tr>\n<tr>\n<td class=\"left\">Stil<\/td>\n<td>modisch<\/td>\n<\/tr>\n<tr>\n<td class=\"left\">Couleur<\/td>\n<td>schwarz<\/td>\n<\/tr>\n<tr>\n<td class=\"left\">Leibh\u00f6he<\/td>\n<td>klassisch<\/td>\n<\/tr>\n<tr>\n<td class=\"left\">Bundabschluss<\/td>\n<td>abgestepptes B\u00fcndchen<\/td>\n<\/tr>\n<tr>\n<td class=\"left\">Beinabschluss<\/td>\n<td>durchgesteppt<\/td>\n<\/tr>\n<tr>\n<td class=\"left\">Beinform<\/td>\n<td>schmal<\/td>\n<\/tr>\n<tr>\n<td class=\"left\">Coupe<\/td>\n<td>eng<\/td>\n<\/tr>\n<tr>\n<td class=\"left\">Schnittform L\u00e4nge<\/td>\n<td>kn\u00f6chellang<\/td>\n<\/tr>\n<tr>\n<td class=\"left\">Sacs<\/td>\n<td>aufgesetzte Taschen<\/td>\n<\/tr>\n<tr>\n<td class=\"left\">Verschluss<\/td>\n<td>Rei\u00dfverschluss, 1-Knopf-Form<\/td>\n<\/tr>\n<tr>\n<td class=\"left\">Besondere Merkmale<\/td>\n<td>Slim-Fit-Hose \"Power-Stretch\"<\/td>\n<\/tr>\n<\/tbody>\n<\/table>","protected":false},"featured_media":77867,"comment_status":"open","ping_status":"closed","template":"","meta":{"_seopress_robots_primary_cat":"","_seopress_titles_title":"","_seopress_titles_desc":"","_seopress_robots_index":""},"product_brand":[],"product_cat":[1348,1349,1446],"product_tag":[],"class_list":{"0":"post-77757","1":"product","2":"type-product","3":"status-publish","4":"has-post-thumbnail","6":"product_cat-damen-mode","7":"product_cat-hosen-damen-mode","8":"product_cat-treggings","9":"product_shipping_class-standard-versand","11":"first","12":"instock","13":"taxable","14":"shipping-taxable","15":"purchasable","16":"product-type-simple"},"_links":{"self":[{"href":"https:\/\/www.soanam.de\/fr\/wp-json\/wp\/v2\/product\/77757","targetHints":{"allow":["GET"]}}],"collection":[{"href":"https:\/\/www.soanam.de\/fr\/wp-json\/wp\/v2\/product"}],"about":[{"href":"https:\/\/www.soanam.de\/fr\/wp-json\/wp\/v2\/types\/product"}],"replies":[{"embeddable":true,"href":"https:\/\/www.soanam.de\/fr\/wp-json\/wp\/v2\/comments?post=77757"}],"wp:featuredmedia":[{"embeddable":true,"href":"https:\/\/www.soanam.de\/fr\/wp-json\/wp\/v2\/media\/77867"}],"wp:attachment":[{"href":"https:\/\/www.soanam.de\/fr\/wp-json\/wp\/v2\/media?parent=77757"}],"wp:term":[{"taxonomy":"product_brand","embeddable":true,"href":"https:\/\/www.soanam.de\/fr\/wp-json\/wp\/v2\/product_brand?post=77757"},{"taxonomy":"product_cat","embeddable":true,"href":"https:\/\/www.soanam.de\/fr\/wp-json\/wp\/v2\/product_cat?post=77757"},{"taxonomy":"product_tag","embeddable":true,"href":"https:\/\/www.soanam.de\/fr\/wp-json\/wp\/v2\/product_tag?post=77757"}],"curies":[{"name":"wp","href":"https:\/\/api.w.org\/{rel}","templated":true}]}}