{"id":77715,"date":"2023-12-13T20:59:10","date_gmt":"2023-12-13T19:59:10","guid":{"rendered":"https:\/\/www.soanam.de\/?post_type=product&#038;p=77715"},"modified":"2023-12-13T21:01:47","modified_gmt":"2023-12-13T20:01:47","slug":"heinrich-simon-vivre-dans-le-judaisme-fetes-et-plus-livre-de-poche-allemand-2020","status":"publish","type":"product","link":"https:\/\/www.soanam.de\/fr\/produkt\/heinrich-simon-leben-im-judentum-feste-und-mehr-taschenbuch-deutsch-2020\/","title":{"rendered":"Heinrich Simon - Leben im Judentum, Feste und mehr, livre de poche, allemand, 2020"},"content":{"rendered":"<h3><strong>Description du produit<\/strong><\/h3>\n<p>Als Jude gilt ein Kind, das von einer j\u00fcdischen Mutter geboren wurde. Dabei spielt es keine Rolle, ob die Mutter j\u00fcdisch von Geburt ist oder ob sie zum Judentum \u00fcbergetreten ist. M\u00e4nnliche j\u00fcdische Kinder werden im Regelfall am achten Tag nach ihrer Geburt beschnitten und mit dieser Zeremonie in den Bund aufgenommen, den Gott mit dem Stammvater Abraham geschlossen hat. Ein denkw\u00fcrdiger Tag im Menschenleben ist das Erreichen der religi\u00f6sen M\u00fcndigkeit, die bei Knaben mit der Vollendung des 13. Lebensjahres, bei M\u00e4dchen mit dem 12. Geburtstag eintritt. Eine Ehe kann nur an Werktagen geschlossen werden, weil die Urkunde von Zeugen unterschrieben werden muss, was an Feiertagen unstatthaft ist. - Eine Scheidung ist m\u00f6glich, der Mann muss daf\u00fcr einen Scheide brief ausstellen. Die Beerdigung hat ein festes Ritual und ist f\u00fcr alle gleich. Die Gr\u00e4ber bleiben f\u00fcr alle Zeit erhalten. Es ist im Einzelnen geregelt, welche Speisen gegessen werden d\u00fcrfen. Zwischen Fleisch und Milch wird streng geschieden; sie bei derselben Mahlzeit zu genie\u00dfen ist verboten.<br \/>\nLe juda\u00efsme, fortement orient\u00e9 vers ce monde, consid\u00e8re la vie comme une t\u00e2che de l'homme ; il doit faire ses preuves sur terre en ob\u00e9issant aux commandements de Dieu.<\/p>\n<p><strong>D\u00e9tails<\/strong><br \/>\nMiniatures juives volume 8<br \/>\nMaison d'\u00e9dition : Hentrich &amp; Hentrich<br \/>\n2e \u00e9d.<br \/>\nNombre de pages : 64<br \/>\nDate de publication : Mars 2020<br \/>\nAllemand<br \/>\nDimensions : 155mm x 113mm x 15mm<br \/>\nPoids : 72g<br \/>\nISBN-13 : 9783955653910<br \/>\nISBN-10 : 3955653919<\/p>","protected":false},"excerpt":{"rendered":"<p>Caract\u00e9ristiques de l'article<\/p>\n<p>Artikelzustand: Neu - Neues, ungelesenes, ungebrauchtes Buch in makellosem Zustand<\/p>\n<table style=\"border-collapse: collapse;width: 521pt\" width=\"694\">\n<tbody>\n<tr style=\"height: 15.0pt\">\n<td class=\"xl72\" style=\"width: 255pt;height: 15.0pt\" width=\"340\" height=\"20\">Anzahl der Seiten:<\/td>\n<td class=\"xl72\" style=\"width: 266pt\" width=\"354\">64 Seiten<\/td>\n<\/tr>\n<tr style=\"height: 15.0pt\">\n<td style=\"height: 15.0pt\" height=\"20\">Ausgabe:<\/td>\n<td>Ausgabe Nr. 2 des Jahres 20<\/td>\n<\/tr>\n<tr style=\"height: 15.0pt\">\n<td style=\"height: 15.0pt\" height=\"20\">Autor:<\/td>\n<td class=\"xl72\">Heinrich Simon<\/td>\n<\/tr>\n<tr style=\"height: 15.0pt\">\n<td style=\"height: 15.0pt\" height=\"20\">Particularit\u00e9s :<\/td>\n<td>2. Auflage<\/td>\n<\/tr>\n<tr style=\"height: 15.0pt\">\n<td style=\"height: 15.0pt\" height=\"20\">Buchreihe:<\/td>\n<td>J\u00fcdische Miniaturen<\/td>\n<\/tr>\n<tr style=\"height: 15.0pt\">\n<td style=\"height: 15.0pt\" height=\"20\">Buchtitel:<\/td>\n<td>Leben im Judentum<\/td>\n<\/tr>\n<tr style=\"height: 15.0pt\">\n<td style=\"height: 15.0pt\" height=\"20\">Erscheinungsjahr:<\/td>\n<td class=\"xl72\">2020<\/td>\n<\/tr>\n<tr style=\"height: 15.0pt\">\n<td style=\"height: 15.0pt\" height=\"20\">Format:<\/td>\n<td>Taschenbuch<\/td>\n<\/tr>\n<tr style=\"height: 15.0pt\">\n<td style=\"height: 15.0pt\" height=\"20\">Genre:<\/td>\n<td>Religion &amp; Spirituelles<\/td>\n<\/tr>\n<tr style=\"height: 15.0pt\">\n<td style=\"height: 15.0pt\" height=\"20\">ISBN:<\/td>\n<td class=\"xl72\">9783955653910<\/td>\n<\/tr>\n<tr style=\"height: 15.0pt\">\n<td style=\"height: 15.0pt\" height=\"20\">Literarische Gattung:<\/td>\n<td>Sachbuch<\/td>\n<\/tr>\n<tr style=\"height: 15.0pt\">\n<td style=\"height: 15.0pt\" height=\"20\">Produktart:<\/td>\n<td>Guide pratique<\/td>\n<\/tr>\n<tr style=\"height: 15.0pt\">\n<td style=\"height: 15.0pt\" height=\"20\">Seiten:<\/td>\n<td class=\"xl72\">64<\/td>\n<\/tr>\n<tr style=\"height: 15.0pt\">\n<td style=\"height: 15.0pt\" height=\"20\">Sprache:<\/td>\n<td>Allemand<\/td>\n<\/tr>\n<tr style=\"height: 15.0pt\">\n<td style=\"height: 15.0pt\" height=\"20\">Thematik:<\/td>\n<td>J\u00fcdische Feste<\/td>\n<\/tr>\n<tr style=\"height: 15.0pt\">\n<td style=\"height: 15.0pt\" height=\"20\">Titelzusatz:<\/td>\n<td class=\"xl72\">Pers\u00f6nliche Feste und denkw\u00fcrdige Tage<\/td>\n<\/tr>\n<tr style=\"height: 15.0pt\">\n<td style=\"height: 15.0pt\" height=\"20\">Verlag:<\/td>\n<td>Pester, Nora, Dr., Hentrich &amp; Hentrich<\/td>\n<\/tr>\n<tr style=\"height: 15.0pt\">\n<td style=\"height: 15.0pt\" height=\"20\">Zielgruppe:<\/td>\n<td>Jugendliche, Erwachsene<\/td>\n<\/tr>\n<\/tbody>\n<\/table>","protected":false},"featured_media":77841,"comment_status":"open","ping_status":"closed","template":"","meta":{"_seopress_robots_primary_cat":"","_seopress_titles_title":"","_seopress_titles_desc":"","_seopress_robots_index":""},"product_brand":[],"product_cat":[1428,1429,1430,1434,1439],"product_tag":[],"class_list":{"0":"post-77715","1":"product","2":"type-product","3":"status-publish","4":"has-post-thumbnail","6":"product_cat-buecher","7":"product_cat-jugend","8":"product_cat-lehrbuecher","9":"product_cat-erwachsene","10":"product_cat-lehrbuecher-erwachsene","11":"product_shipping_class-standard-versand","13":"first","14":"instock","15":"taxable","16":"shipping-taxable","17":"purchasable","18":"product-type-simple"},"_links":{"self":[{"href":"https:\/\/www.soanam.de\/fr\/wp-json\/wp\/v2\/product\/77715","targetHints":{"allow":["GET"]}}],"collection":[{"href":"https:\/\/www.soanam.de\/fr\/wp-json\/wp\/v2\/product"}],"about":[{"href":"https:\/\/www.soanam.de\/fr\/wp-json\/wp\/v2\/types\/product"}],"replies":[{"embeddable":true,"href":"https:\/\/www.soanam.de\/fr\/wp-json\/wp\/v2\/comments?post=77715"}],"wp:featuredmedia":[{"embeddable":true,"href":"https:\/\/www.soanam.de\/fr\/wp-json\/wp\/v2\/media\/77841"}],"wp:attachment":[{"href":"https:\/\/www.soanam.de\/fr\/wp-json\/wp\/v2\/media?parent=77715"}],"wp:term":[{"taxonomy":"product_brand","embeddable":true,"href":"https:\/\/www.soanam.de\/fr\/wp-json\/wp\/v2\/product_brand?post=77715"},{"taxonomy":"product_cat","embeddable":true,"href":"https:\/\/www.soanam.de\/fr\/wp-json\/wp\/v2\/product_cat?post=77715"},{"taxonomy":"product_tag","embeddable":true,"href":"https:\/\/www.soanam.de\/fr\/wp-json\/wp\/v2\/product_tag?post=77715"}],"curies":[{"name":"wp","href":"https:\/\/api.w.org\/{rel}","templated":true}]}}