{"id":77713,"date":"2023-12-13T20:59:09","date_gmt":"2023-12-13T19:59:09","guid":{"rendered":"https:\/\/www.soanam.de\/?post_type=product&#038;p=77713"},"modified":"2023-12-13T21:01:42","modified_gmt":"2023-12-13T20:01:42","slug":"playmobil-6666-porte-cles-medecin-urgentiste-a-collectionner-a-partir-de-4-ans","status":"publish","type":"product","link":"https:\/\/www.soanam.de\/fr\/produkt\/playmobil-6666-schluesselanhaenger-notaerztin-zum-sammeln-ab-4-jahre\/","title":{"rendered":"Playmobil 6666 - Porte-clefs m\u00e9decin urgentiste, \u00e0 collectionner, d\u00e8s 4 ans"},"content":{"rendered":"<h3><strong>Description du produit<\/strong><\/h3>\n<p>Dimensions du produit : 7 x 2.2 x 18 cm<br \/>\nAltersempfehlung des Herstellers: 4 - 10 Jahre<br \/>\nNum\u00e9ro de mod\u00e8le : 6666<br \/>\nArticle de fin de s\u00e9rie : (production arr\u00eat\u00e9e par le fabricant) Non<br \/>\nObjectif p\u00e9dagogique : Habilet\u00e9, Comportement social, Cr\u00e9ativit\u00e9<br \/>\nLangue : allemand, anglais, espagnol, italien, fran\u00e7ais<br \/>\nMod\u00e8le : 6666<br \/>\nNombre de joueurs : 1<br \/>\nNombre de pi\u00e8ces : 1<br \/>\nMat\u00e9riau : plastique<br \/>\nGroupe cible : Unisexe<br \/>\nPoids de l'article : 40 g<\/p>\n<p><strong>Les consignes de s\u00e9curit\u00e9 suivantes s'appliquent \u00e0 ce produit<\/strong><br \/>\nAttention : utilisation sous la surveillance directe d'un adulte<br \/>\nAttention : contient des jouets. Surveillance par un adulte recommand\u00e9e<br \/>\nAttention : ne convient pas aux enfants de moins de 36 mois<br \/>\nAttention : pour un usage domestique uniquement<\/p>","protected":false},"excerpt":{"rendered":"<h3><strong>Caract\u00e9ristiques de l'article<\/strong><\/h3>\n<p>Artikelzustand: Neu - Neuer, unbenutzter und unbesch\u00e4digter Artikel in der unge\u00f6ffneten Verpackung<\/p>\n<table style=\"border-collapse: collapse;width: 924pt\" width=\"1232\">\n<tbody>\n<tr style=\"height: 15.0pt\">\n<td class=\"xl72\" style=\"width: 485pt;height: 15.0pt\" width=\"647\" height=\"20\">\n<table style=\"border-collapse: collapse;width: 924pt\" width=\"1232\">\n<tbody>\n<tr style=\"height: 15.0pt\">\n<td class=\"xl72\" style=\"width: 485pt;height: 15.0pt\" width=\"647\" height=\"20\">Altersempfehlung:<\/td>\n<td class=\"xl72\" style=\"width: 439pt\" width=\"585\">4-10 Jahre<\/td>\n<\/tr>\n<tr style=\"height: 15.0pt\">\n<td class=\"xl72\" style=\"height: 15.0pt\" height=\"20\">EAN:<\/td>\n<td class=\"xl72\">4008789066664<\/td>\n<\/tr>\n<tr style=\"height: 15.0pt\">\n<td class=\"xl72\" style=\"height: 15.0pt\" height=\"20\">Herstellernummer:<\/td>\n<td class=\"xl72\">6666<\/td>\n<\/tr>\n<tr style=\"height: 15.0pt\">\n<td class=\"xl72\" style=\"height: 15.0pt\" height=\"20\">Herstellungsland und -region:<\/td>\n<td class=\"xl72\">Malta<\/td>\n<\/tr>\n<tr style=\"height: 15.0pt\">\n<td class=\"xl72\" style=\"height: 15.0pt\" height=\"20\">Marke:<\/td>\n<td class=\"xl72\">Playmobil<\/td>\n<\/tr>\n<tr style=\"height: 15.0pt\">\n<td class=\"xl72\" style=\"height: 15.0pt\" height=\"20\">Produktart:<\/td>\n<td class=\"xl72\">Figur<\/td>\n<\/tr>\n<\/tbody>\n<\/table>\n<\/td>\n<td class=\"xl72\" style=\"width: 439pt\" width=\"585\"><\/td>\n<\/tr>\n<\/tbody>\n<\/table>","protected":false},"featured_media":77838,"comment_status":"open","ping_status":"closed","template":"","meta":{"_seopress_robots_primary_cat":"","_seopress_titles_title":"","_seopress_titles_desc":"","_seopress_robots_index":""},"product_brand":[],"product_cat":[1435],"product_tag":[],"class_list":{"0":"post-77713","1":"product","2":"type-product","3":"status-publish","4":"has-post-thumbnail","6":"product_cat-spielzeug","7":"product_shipping_class-standard-versand","9":"first","10":"instock","11":"sale","12":"taxable","13":"shipping-taxable","14":"purchasable","15":"product-type-simple"},"_links":{"self":[{"href":"https:\/\/www.soanam.de\/fr\/wp-json\/wp\/v2\/product\/77713","targetHints":{"allow":["GET"]}}],"collection":[{"href":"https:\/\/www.soanam.de\/fr\/wp-json\/wp\/v2\/product"}],"about":[{"href":"https:\/\/www.soanam.de\/fr\/wp-json\/wp\/v2\/types\/product"}],"replies":[{"embeddable":true,"href":"https:\/\/www.soanam.de\/fr\/wp-json\/wp\/v2\/comments?post=77713"}],"wp:featuredmedia":[{"embeddable":true,"href":"https:\/\/www.soanam.de\/fr\/wp-json\/wp\/v2\/media\/77838"}],"wp:attachment":[{"href":"https:\/\/www.soanam.de\/fr\/wp-json\/wp\/v2\/media?parent=77713"}],"wp:term":[{"taxonomy":"product_brand","embeddable":true,"href":"https:\/\/www.soanam.de\/fr\/wp-json\/wp\/v2\/product_brand?post=77713"},{"taxonomy":"product_cat","embeddable":true,"href":"https:\/\/www.soanam.de\/fr\/wp-json\/wp\/v2\/product_cat?post=77713"},{"taxonomy":"product_tag","embeddable":true,"href":"https:\/\/www.soanam.de\/fr\/wp-json\/wp\/v2\/product_tag?post=77713"}],"curies":[{"name":"wp","href":"https:\/\/api.w.org\/{rel}","templated":true}]}}