{"id":77693,"date":"2023-12-13T20:58:43","date_gmt":"2023-12-13T19:58:43","guid":{"rendered":"https:\/\/www.soanam.de\/?post_type=product&#038;p=77693"},"modified":"2023-12-13T21:01:14","modified_gmt":"2023-12-13T20:01:14","slug":"panama-jack-singapur-damen-snowboot-winterstiefel-leder-braun-gr-41","status":"publish","type":"product","link":"https:\/\/www.soanam.de\/fr\/produkt\/panama-jack-singapur-damen-snowboot-winterstiefel-leder-braun-gr-41\/","title":{"rendered":"Panama Jack SINGAPUR - Bottes de neige \/ bottes d'hiver pour femmes, cuir, marron Gr. 41"},"content":{"rendered":"<h3>Description<\/h3>\n<p><strong>D\u00e9tails<\/strong><\/p>\n<p>Cuir nappa souple \u00e0 la coloration irr\u00e9guli\u00e8re, fabriqu\u00e9 en Espagne, dessus imperm\u00e9able<\/p>\n<p>M\u00e9t\u00e9o : Neige<br \/>\nBout de la chaussure : Rond<br \/>\nForme du talon : Talon bloc<br \/>\nD\u00e9tail de la tige : tige rabattable<br \/>\nfermeture : fermeture \u00e9clair<br \/>\nmotif : couleurs unies<br \/>\nD\u00e9tails : boucle<\/p>\n<p><strong>Mat\u00e9riau<\/strong><\/p>\n<p>Mat\u00e9riau sup\u00e9rieur : cuir<br \/>\nMat\u00e9riau int\u00e9rieur : textile<br \/>\nSemelle de propret\u00e9 : textile<br \/>\nSemelle : Plastique<br \/>\n\u00c9paisseur de la doublure : Doublure chaude<\/p>\n<p><strong>Coupe<\/strong><\/p>\n<p>hauteur de la tige : environ 17 cm<br \/>\nTour de tige : environ 30 cm<br \/>\nHauteur du talon : environ 3 cm<\/p>","protected":false},"excerpt":{"rendered":"<h3>Caract\u00e9ristiques de l'article<\/h3>\n<p>\u00c9tat de l'article : Nouveau avec \u00e9tiquette : article neuf, non utilis\u00e9 et non port\u00e9 dans son emballage d'origine<\/p>\n<p>Absatzart: Flach<br \/>\nAbsatzh\u00f6he: Niedrig (2,5 bis 4,9 cm)<br \/>\nAbteilung: Damen<br \/>\nAkzente: Schnallen<br \/>\nAU-Schuhgr\u00f6\u00dfe: ohne Angabe<br \/>\nBesonderheiten: Gef\u00fcttert<br \/>\nCharakter: ohne<br \/>\nEU-Schuhgr\u00f6\u00dfe: EUR 41<br \/>\nFarbe: Braun<br \/>\nFuttermaterial: Faux-Pelz<br \/>\nHerstellungsland und -region: Spanien<br \/>\nIndividualisiert: Nein<br \/>\nInnensohlenmaterial: Stoff<br \/>\nJahreszeit: Winter<br \/>\nLaufsohlenmaterial: Synthetik<br \/>\nMarke: Panama Jack<br \/>\nModell: Singapur B24<br \/>\nObermaterial: Nappaleder<br \/>\nProduktart: Stiefel<br \/>\nSchuhgr\u00f6\u00dfe: EUR 40, 41, 42<br \/>\nSchuhschaft-Typ: Wadenl\u00e4nge<br \/>\nSchuhweite: F<br \/>\nStil: Schneestiefel<br \/>\nThema: Outdoor<br \/>\nUK-Schuhgr\u00f6\u00dfe: UK 8<br \/>\nUS-Schuhgr\u00f6\u00dfe: US 10<br \/>\nVintage: Ja<\/p>","protected":false},"featured_media":77819,"comment_status":"open","ping_status":"closed","template":"","meta":{"_seopress_robots_primary_cat":"","_seopress_titles_title":"","_seopress_titles_desc":"","_seopress_robots_index":""},"product_brand":[],"product_cat":[1348,1360,1385,1386],"product_tag":[],"class_list":{"0":"post-77693","1":"product","2":"type-product","3":"status-publish","4":"has-post-thumbnail","6":"product_cat-damen-mode","7":"product_cat-schuhe","8":"product_cat-stiefel","9":"product_cat-schneestiefel","10":"product_shipping_class-standard-versand","12":"first","13":"instock","14":"sale","15":"taxable","16":"shipping-taxable","17":"purchasable","18":"product-type-simple"},"_links":{"self":[{"href":"https:\/\/www.soanam.de\/fr\/wp-json\/wp\/v2\/product\/77693","targetHints":{"allow":["GET"]}}],"collection":[{"href":"https:\/\/www.soanam.de\/fr\/wp-json\/wp\/v2\/product"}],"about":[{"href":"https:\/\/www.soanam.de\/fr\/wp-json\/wp\/v2\/types\/product"}],"replies":[{"embeddable":true,"href":"https:\/\/www.soanam.de\/fr\/wp-json\/wp\/v2\/comments?post=77693"}],"wp:featuredmedia":[{"embeddable":true,"href":"https:\/\/www.soanam.de\/fr\/wp-json\/wp\/v2\/media\/77819"}],"wp:attachment":[{"href":"https:\/\/www.soanam.de\/fr\/wp-json\/wp\/v2\/media?parent=77693"}],"wp:term":[{"taxonomy":"product_brand","embeddable":true,"href":"https:\/\/www.soanam.de\/fr\/wp-json\/wp\/v2\/product_brand?post=77693"},{"taxonomy":"product_cat","embeddable":true,"href":"https:\/\/www.soanam.de\/fr\/wp-json\/wp\/v2\/product_cat?post=77693"},{"taxonomy":"product_tag","embeddable":true,"href":"https:\/\/www.soanam.de\/fr\/wp-json\/wp\/v2\/product_tag?post=77693"}],"curies":[{"name":"wp","href":"https:\/\/api.w.org\/{rel}","templated":true}]}}