{"id":77691,"date":"2023-12-13T20:58:43","date_gmt":"2023-12-13T19:58:43","guid":{"rendered":"https:\/\/www.soanam.de\/?post_type=product&#038;p=77691"},"modified":"2023-12-13T21:01:01","modified_gmt":"2023-12-13T20:01:01","slug":"alpine-pro-outdoor-veste-tor-capuche-colonne-deau-15-000-mm-bleu-jaune-xl","status":"publish","type":"product","link":"https:\/\/www.soanam.de\/fr\/produkt\/alpine-pro-outdoor-jacke-tor-kapuze-wassersaeule-15-000-mm-blau-gelb-xl\/","title":{"rendered":"ALPINE PRO veste outdoor Tor, capuche, colonne d'eau 15.000 mm, bleu, jaune, XL"},"content":{"rendered":"<h3>Description :<\/h3>\n<p><strong>Veste Outdoor Tor<\/strong><\/p>\n<ul>\n<li>Imperm\u00e9able<\/li>\n<li>R\u00e9sistant \u00e0 l'eau et au vent<\/li>\n<li>Coutures scell\u00e9es<\/li>\n<li>Cordon de serrage int\u00e9gr\u00e9<\/li>\n<li>Manches de forme anatomique avec bandes velcro<\/li>\n<li>Deux poches zipp\u00e9es \u00e0 l'avant D\u00e9tails r\u00e9fl\u00e9chissants<\/li>\n<li>Coupe slim<\/li>\n<li>Capuche<\/li>\n<\/ul>\n<p><strong>Fonctions<\/strong><\/p>\n<ul>\n<li>Membrane PTX<\/li>\n<li>colonne d'eau de 15.000 mm<\/li>\n<li>Respirabilit\u00e9 15.000 g\/m\u00b2\/24h<\/li>\n<\/ul>\n<p><strong>Mat\u00e9riau<\/strong><\/p>\n<ul>\n<li>90% Polyester<\/li>\n<li>10% \u00c9lasthanne<\/li>\n<\/ul>\n<p><strong>Couleur (indication du fabricant)<\/strong><\/p>\n<ul>\n<li>Bleu (capri breeze)<\/li>\n<li>Jaune (golden oak)<\/li>\n<\/ul>\n<p><strong>Soins<\/strong><\/p>\n<ul>\n<li>Lavage d\u00e9licat jusqu'\u00e0 30 degr\u00e9s<\/li>\n<\/ul>","protected":false},"excerpt":{"rendered":"<h3>Caract\u00e9ristiques de l'article<\/h3>\n<p>Artikelzustand: Neu: Neuer, unbenutzter und unbesch\u00e4digter Artikel in nicht ge\u00f6ffneter Originalverpackung<br \/>\nAbteilung: Herren<br \/>\nAktivit\u00e4t: Wandern<br \/>\nAnlass: Freizeit, Reise<br \/>\nAu\u00dfenmaterial: Polyester<br \/>\nBesonderheiten: Wasserabsto\u00dfend<br \/>\nCharakter: ohne<br \/>\nCouleur : jaune<br \/>\nFuttermaterial: Polyester<br \/>\nGewebeart: Softshell<br \/>\nTaille : XL<br \/>\nGr\u00f6\u00dfenkategorie: Normalgr\u00f6\u00dfe<br \/>\nIsoliermaterial: Polyester<br \/>\nJahreszeit: Fr\u00fchling, Herbst<br \/>\nMarke: ALPINE PRO<br \/>\nModell: Tor<br \/>\nMuster: Ohne Muster<br \/>\nProduktart: Jacke<br \/>\nStil: Windbreaker<br \/>\nThema: Outdoor<br \/>\nfermeture : fermeture \u00e9clair<br \/>\nVintage: Nein<\/p>","protected":false},"featured_media":77810,"comment_status":"open","ping_status":"closed","template":"","meta":{"_seopress_robots_primary_cat":"","_seopress_titles_title":"","_seopress_titles_desc":"","_seopress_robots_index":""},"product_brand":[],"product_cat":[1345,1363,1437],"product_tag":[],"class_list":{"0":"post-77691","1":"product","2":"type-product","3":"status-publish","4":"has-post-thumbnail","6":"product_cat-herrenmode","7":"product_cat-jacken-maentel-herrenmode","8":"product_cat-regenjacken","9":"product_shipping_class-standard-versand","11":"first","12":"instock","13":"sale","14":"taxable","15":"shipping-taxable","16":"purchasable","17":"product-type-simple"},"_links":{"self":[{"href":"https:\/\/www.soanam.de\/fr\/wp-json\/wp\/v2\/product\/77691","targetHints":{"allow":["GET"]}}],"collection":[{"href":"https:\/\/www.soanam.de\/fr\/wp-json\/wp\/v2\/product"}],"about":[{"href":"https:\/\/www.soanam.de\/fr\/wp-json\/wp\/v2\/types\/product"}],"replies":[{"embeddable":true,"href":"https:\/\/www.soanam.de\/fr\/wp-json\/wp\/v2\/comments?post=77691"}],"wp:featuredmedia":[{"embeddable":true,"href":"https:\/\/www.soanam.de\/fr\/wp-json\/wp\/v2\/media\/77810"}],"wp:attachment":[{"href":"https:\/\/www.soanam.de\/fr\/wp-json\/wp\/v2\/media?parent=77691"}],"wp:term":[{"taxonomy":"product_brand","embeddable":true,"href":"https:\/\/www.soanam.de\/fr\/wp-json\/wp\/v2\/product_brand?post=77691"},{"taxonomy":"product_cat","embeddable":true,"href":"https:\/\/www.soanam.de\/fr\/wp-json\/wp\/v2\/product_cat?post=77691"},{"taxonomy":"product_tag","embeddable":true,"href":"https:\/\/www.soanam.de\/fr\/wp-json\/wp\/v2\/product_tag?post=77691"}],"curies":[{"name":"wp","href":"https:\/\/api.w.org\/{rel}","templated":true}]}}