{"id":77655,"date":"2023-12-13T20:57:45","date_gmt":"2023-12-13T19:57:45","guid":{"rendered":"https:\/\/www.soanam.de\/?post_type=product&#038;p=77655"},"modified":"2023-12-13T21:00:28","modified_gmt":"2023-12-13T20:00:28","slug":"hcm-kinzel-kidz-labs-ballon-jet-a-partir-de-8-ans","status":"publish","type":"product","link":"https:\/\/www.soanam.de\/fr\/produkt\/hcm-kinzel-kidz-labs-ballon-jet-ab-8-jahre\/","title":{"rendered":"HCM Kinzel Kidz Labs - Ballon-jet, d\u00e8s 8 ans"},"content":{"rendered":"<h3><strong>Description du produit<\/strong><\/h3>\n<p>Ballon-jet<\/p>\n<p>Le jet ne peut se d\u00e9placer qu'en \u00e9tant propuls\u00e9 par un ballon. D\u00e9couvre comment l'air peut \u00eatre utilis\u00e9 pour d\u00e9placer des v\u00e9hicules.<br \/>\nConvient aux enfants \u00e0 partir de 8 ans.<br \/>\nVeuillez lire les instructions avant d'utiliser le produit.<\/p>\n<p><strong>Attention !<\/strong><br \/>\nRisque d'\u00e9touffement ! Petites pi\u00e8ces susceptibles d'\u00eatre aval\u00e9es, ne convient pas aux enfants de moins de 3 ans.<br \/>\nLes enfants peuvent s'\u00e9touffer avec des ballons vides ou cass\u00e9s. Les ballons vides ou cass\u00e9s doivent \u00eatre jet\u00e9s imm\u00e9diatement.<\/p>","protected":false},"excerpt":{"rendered":"<h3><strong>Caract\u00e9ristiques de l'article<\/strong><\/h3>\n<p>Artikelzustand: Neu - Neuer, unbenutzter und unbesch\u00e4digter Artikel in der unge\u00f6ffneten Verpackung<\/p>\n<table style=\"border-collapse: collapse;width: 924pt\" width=\"1232\">\n<tbody>\n<tr style=\"height: 15.0pt\">\n<td class=\"xl72\" style=\"width: 485pt;height: 15.0pt\" width=\"647\" height=\"20\">Altersempfehlung:<\/td>\n<td class=\"xl72\" style=\"width: 439pt\" width=\"585\">8-11 Jahre<\/td>\n<\/tr>\n<tr style=\"height: 15.0pt\">\n<td class=\"xl72\" style=\"height: 15.0pt\" height=\"20\">EAN:<\/td>\n<td class=\"xl72\">4018928681252<\/td>\n<\/tr>\n<tr style=\"height: 15.0pt\">\n<td class=\"xl72\" style=\"height: 15.0pt\" height=\"20\">Marke:<\/td>\n<td class=\"xl72\">HCM Kinzel<\/td>\n<\/tr>\n<\/tbody>\n<\/table>","protected":false},"featured_media":77789,"comment_status":"open","ping_status":"closed","template":"","meta":{"_seopress_robots_primary_cat":"","_seopress_titles_title":"","_seopress_titles_desc":"","_seopress_robots_index":""},"product_brand":[],"product_cat":[1435,1436],"product_tag":[],"class_list":{"0":"post-77655","1":"product","2":"type-product","3":"status-publish","4":"has-post-thumbnail","6":"product_cat-spielzeug","7":"product_cat-lernspiele","8":"product_shipping_class-standard-versand","10":"first","11":"instock","12":"sale","13":"taxable","14":"shipping-taxable","15":"purchasable","16":"product-type-simple"},"_links":{"self":[{"href":"https:\/\/www.soanam.de\/fr\/wp-json\/wp\/v2\/product\/77655","targetHints":{"allow":["GET"]}}],"collection":[{"href":"https:\/\/www.soanam.de\/fr\/wp-json\/wp\/v2\/product"}],"about":[{"href":"https:\/\/www.soanam.de\/fr\/wp-json\/wp\/v2\/types\/product"}],"replies":[{"embeddable":true,"href":"https:\/\/www.soanam.de\/fr\/wp-json\/wp\/v2\/comments?post=77655"}],"wp:featuredmedia":[{"embeddable":true,"href":"https:\/\/www.soanam.de\/fr\/wp-json\/wp\/v2\/media\/77789"}],"wp:attachment":[{"href":"https:\/\/www.soanam.de\/fr\/wp-json\/wp\/v2\/media?parent=77655"}],"wp:term":[{"taxonomy":"product_brand","embeddable":true,"href":"https:\/\/www.soanam.de\/fr\/wp-json\/wp\/v2\/product_brand?post=77655"},{"taxonomy":"product_cat","embeddable":true,"href":"https:\/\/www.soanam.de\/fr\/wp-json\/wp\/v2\/product_cat?post=77655"},{"taxonomy":"product_tag","embeddable":true,"href":"https:\/\/www.soanam.de\/fr\/wp-json\/wp\/v2\/product_tag?post=77655"}],"curies":[{"name":"wp","href":"https:\/\/api.w.org\/{rel}","templated":true}]}}