{"id":77635,"date":"2023-12-13T20:57:21","date_gmt":"2023-12-13T19:57:21","guid":{"rendered":"https:\/\/www.soanam.de\/?post_type=product&#038;p=77635"},"modified":"2023-12-13T21:00:16","modified_gmt":"2023-12-13T20:00:16","slug":"retraites-blagues-edition-reliee-allemand-2019","status":"publish","type":"product","link":"https:\/\/www.soanam.de\/fr\/produkt\/rentner-witze-gebundene-ausgabe-deutsch-2019\/","title":{"rendered":"Blagues de retrait\u00e9s, \u00e9dition reli\u00e9e, allemand, 2019"},"content":{"rendered":"<h3><strong>Description du produit<\/strong><\/h3>\n<p>Vivre, aimer, rire - les retrait\u00e9s aussi s'en donnent \u00e0 c\u0153ur joie !<\/p>\n<p>A travers de nombreuses anecdotes, ce livre raconte les hauts et les bas du quotidien d'un retrait\u00e9.<br \/>\nId\u00e9al pour les seniors qui ont toujours gard\u00e9 leur sens de l'humour et qui savent aussi rire d'eux-m\u00eames de temps en temps.<\/p>\n<p>Couverture matelass\u00e9e et gaufr\u00e9e avec vernis UV<\/p>\n<p><strong>D\u00e9tails<\/strong><br \/>\nReliure : \u00e9dition reli\u00e9e<br \/>\nNombre de pages : 176<br \/>\nDate de parution : 14.11.2019<br \/>\nLangue : Allemand<br \/>\nISBN : 978-3-89736-903-0<br \/>\nMaison d'\u00e9dition : Edition XXL<br \/>\nDimensions (L\/L\/H) : 19\/12,8\/2 cm<br \/>\nPoids : 357 g<br \/>\nIllustrations : avec des illustrations en couleur<\/p>","protected":false},"excerpt":{"rendered":"<h3><strong>Caract\u00e9ristiques de l'article<\/strong><\/h3>\n<p>Artikelzustand: Neu - Neues, ungelesenes, ungebrauchtes Buch in makellosem Zustand<\/p>\n<table style=\"border-collapse: collapse;width: 924pt\" width=\"1232\">\n<tbody>\n<tr style=\"height: 15.0pt\">\n<td class=\"xl72\" style=\"width: 485pt;height: 15.0pt\" width=\"647\" height=\"20\">Anzahl der Seiten:<\/td>\n<td class=\"xl72\" style=\"width: 439pt\" width=\"585\">176 Seiten<\/td>\n<\/tr>\n<tr style=\"height: 15.0pt\">\n<td class=\"xl72\" style=\"height: 15.0pt\" height=\"20\">Autor:<\/td>\n<td class=\"xl72\">Unbekannt<\/td>\n<\/tr>\n<tr style=\"height: 15.0pt\">\n<td class=\"xl72\" style=\"height: 15.0pt\" height=\"20\">Particularit\u00e9s :<\/td>\n<td class=\"xl72\">Illustriert<\/td>\n<\/tr>\n<tr style=\"height: 15.0pt\">\n<td class=\"xl72\" style=\"height: 15.0pt\" height=\"20\">Buchreihe:<\/td>\n<td class=\"xl72\">nicht zutreffend<\/td>\n<\/tr>\n<tr style=\"height: 15.0pt\">\n<td class=\"xl72\" style=\"height: 15.0pt\" height=\"20\">Buchtitel:<\/td>\n<td class=\"xl72\">Rentner-Witze<\/td>\n<\/tr>\n<tr style=\"height: 15.0pt\">\n<td class=\"xl72\" style=\"height: 15.0pt\" height=\"20\">Erscheinungsjahr:<\/td>\n<td class=\"xl72\">2019<\/td>\n<\/tr>\n<tr style=\"height: 15.0pt\">\n<td class=\"xl72\" style=\"height: 15.0pt\" height=\"20\">Format:<\/td>\n<td class=\"xl72\">Gebundene Ausgabe<\/td>\n<\/tr>\n<tr style=\"height: 15.0pt\">\n<td class=\"xl72\" style=\"height: 15.0pt\" height=\"20\">Genre:<\/td>\n<td class=\"xl72\">Humor<\/td>\n<\/tr>\n<tr style=\"height: 15.0pt\">\n<td class=\"xl72\" style=\"height: 15.0pt\" height=\"20\">Herstellungsland und -region:<\/td>\n<td class=\"xl72\">Allemagne<\/td>\n<\/tr>\n<tr style=\"height: 15.0pt\">\n<td class=\"xl72\" style=\"height: 15.0pt\" height=\"20\">ISBN:<\/td>\n<td class=\"xl72\">9783897369030.00<\/td>\n<\/tr>\n<tr style=\"height: 15.0pt\">\n<td class=\"xl72\" style=\"height: 15.0pt\" height=\"20\">Literarische Gattung:<\/td>\n<td class=\"xl72\">Sachbuch<\/td>\n<\/tr>\n<tr style=\"height: 15.0pt\">\n<td class=\"xl72\" style=\"height: 15.0pt\" height=\"20\">Produktart:<\/td>\n<td class=\"xl72\">Witzbuch<\/td>\n<\/tr>\n<tr style=\"height: 15.0pt\">\n<td style=\"height: 15.0pt\" height=\"20\">Sprache:<\/td>\n<td>Allemand<\/td>\n<\/tr>\n<tr style=\"height: 15.0pt\">\n<td class=\"xl72\" style=\"height: 15.0pt\" height=\"20\">Thematik:<\/td>\n<td class=\"xl72\">Witze<\/td>\n<\/tr>\n<tr style=\"height: 15.0pt\">\n<td class=\"xl72\" style=\"height: 15.0pt\" height=\"20\">Verlag:<\/td>\n<td class=\"xl72\">Edition Xxl Gmbh, Edition Xxl<\/td>\n<\/tr>\n<tr style=\"height: 15.0pt\">\n<td class=\"xl72\" style=\"height: 15.0pt\" height=\"20\">Zielgruppe:<\/td>\n<td class=\"xl72\">Jugendliche, Erwachsene<\/td>\n<\/tr>\n<\/tbody>\n<\/table>","protected":false},"featured_media":77776,"comment_status":"open","ping_status":"closed","template":"","meta":{"_seopress_robots_primary_cat":"","_seopress_titles_title":"","_seopress_titles_desc":"","_seopress_robots_index":""},"product_brand":[],"product_cat":[1428,1434],"product_tag":[],"class_list":{"0":"post-77635","1":"product","2":"type-product","3":"status-publish","4":"has-post-thumbnail","6":"product_cat-buecher","7":"product_cat-erwachsene","8":"product_shipping_class-standard-versand","10":"first","11":"instock","12":"taxable","13":"shipping-taxable","14":"purchasable","15":"product-type-simple"},"_links":{"self":[{"href":"https:\/\/www.soanam.de\/fr\/wp-json\/wp\/v2\/product\/77635","targetHints":{"allow":["GET"]}}],"collection":[{"href":"https:\/\/www.soanam.de\/fr\/wp-json\/wp\/v2\/product"}],"about":[{"href":"https:\/\/www.soanam.de\/fr\/wp-json\/wp\/v2\/types\/product"}],"replies":[{"embeddable":true,"href":"https:\/\/www.soanam.de\/fr\/wp-json\/wp\/v2\/comments?post=77635"}],"wp:featuredmedia":[{"embeddable":true,"href":"https:\/\/www.soanam.de\/fr\/wp-json\/wp\/v2\/media\/77776"}],"wp:attachment":[{"href":"https:\/\/www.soanam.de\/fr\/wp-json\/wp\/v2\/media?parent=77635"}],"wp:term":[{"taxonomy":"product_brand","embeddable":true,"href":"https:\/\/www.soanam.de\/fr\/wp-json\/wp\/v2\/product_brand?post=77635"},{"taxonomy":"product_cat","embeddable":true,"href":"https:\/\/www.soanam.de\/fr\/wp-json\/wp\/v2\/product_cat?post=77635"},{"taxonomy":"product_tag","embeddable":true,"href":"https:\/\/www.soanam.de\/fr\/wp-json\/wp\/v2\/product_tag?post=77635"}],"curies":[{"name":"wp","href":"https:\/\/api.w.org\/{rel}","templated":true}]}}