{"id":77613,"date":"2023-12-13T20:56:55","date_gmt":"2023-12-13T19:56:55","guid":{"rendered":"https:\/\/www.soanam.de\/?post_type=product&#038;p=77613"},"modified":"2023-12-13T21:00:01","modified_gmt":"2023-12-13T20:00:01","slug":"lascana-7-8-jeggings-in-mauve-groesse-36","status":"publish","type":"product","link":"https:\/\/www.soanam.de\/fr\/produkt\/lascana-7-8-jeggings-in-mauve-groesse-36\/","title":{"rendered":"LASCANA Jeggings 7\/8, mauve, taille 36"},"content":{"rendered":"<p>7\/8 Jeggings von Lascana<br \/>\nCoupe \u00e9troite<br \/>\nHauteur de taille normale<br \/>\nEchte Ges\u00e4\u00dftaschen<br \/>\nZiertaschen vorne<br \/>\nWeicher Stretch-Denim<\/p>\n<p>Ein Basic, das klassischer nicht sein kann.<br \/>\nDie schmale Passform wird durch die normale Leibh\u00f6he noch betont.<br \/>\nW\u00e4hrend sich vorn lediglich Ziertaschen befinden, ist die Hose hinten mit echten Ges\u00e4\u00dftaschen versehen.<\/p>\n<p>Mati\u00e8re : 66% coton, 31% polyester, 3% \u00e9lasthanne<br \/>\nConseils d'entretien : Lavage en machine \u00e0 30\u00b0.<\/p>\n<p>Farbe: mauve<br \/>\nTaille : 36<\/p>\n<p>Bundweite: 67cm<br \/>\nTour de hanches : 82cm<br \/>\nSchrittl\u00e4nge:66cm<br \/>\nlongueur totale : 93cm<\/p>","protected":false},"excerpt":{"rendered":"<table class=\"dv_characteristicsTable\">\n<tbody>\n<tr>\n<td class=\"left\">Taille<\/td>\n<td>36<\/td>\n<\/tr>\n<tr>\n<td class=\"left\">Gr\u00f6\u00dfentyp<\/td>\n<td>Normalgr\u00f6\u00dfen<\/td>\n<\/tr>\n<tr>\n<td class=\"left\">Composition du mat\u00e9riau<\/td>\n<td>Obermaterial: 66% Baumwolle, 31% Polyester, 3% Elasthan<\/td>\n<\/tr>\n<tr>\n<td class=\"left\">Materialart<\/td>\n<td>Denim<\/td>\n<\/tr>\n<tr>\n<td class=\"left\">Materialeigenschaften<\/td>\n<td>Stretch<\/td>\n<\/tr>\n<tr>\n<td class=\"left\">Conseils d'entretien<\/td>\n<td>Lavage en machine<\/td>\n<\/tr>\n<tr>\n<td class=\"left\">Stil<\/td>\n<td>casual<\/td>\n<\/tr>\n<tr>\n<td class=\"left\">Couleur<\/td>\n<td>mauve<\/td>\n<\/tr>\n<tr>\n<td class=\"left\">Leibh\u00f6he<\/td>\n<td>normal<\/td>\n<\/tr>\n<tr>\n<td class=\"left\">Beinabschluss<\/td>\n<td>gerader Abschluss<\/td>\n<\/tr>\n<tr>\n<td class=\"left\">Beinform<\/td>\n<td>schmal<\/td>\n<\/tr>\n<tr>\n<td class=\"left\">Coupe<\/td>\n<td>figurbetont<\/td>\n<\/tr>\n<tr>\n<td class=\"left\">Schnittform L\u00e4nge<\/td>\n<td>7\/8-L\u00e4nge<\/td>\n<\/tr>\n<tr>\n<td class=\"left\">Passants de ceinture<\/td>\n<td>ja<\/td>\n<\/tr>\n<tr>\n<td class=\"left\">Sacs<\/td>\n<td>Faketaschen, Ges\u00e4\u00dftaschen<\/td>\n<\/tr>\n<tr>\n<td class=\"left\">Verschluss<\/td>\n<td>1-Knopf-Form<\/td>\n<\/tr>\n<\/tbody>\n<\/table>","protected":false},"featured_media":77762,"comment_status":"open","ping_status":"closed","template":"","meta":{"_seopress_robots_primary_cat":"","_seopress_titles_title":"","_seopress_titles_desc":"","_seopress_robots_index":""},"product_brand":[],"product_cat":[1348,1349,1350,1433],"product_tag":[],"class_list":{"0":"post-77613","1":"product","2":"type-product","3":"status-publish","4":"has-post-thumbnail","6":"product_cat-damen-mode","7":"product_cat-hosen-damen-mode","8":"product_cat-jeans-hosen-damen-mode","9":"product_cat-7-8-hosen","10":"product_shipping_class-standard-versand","12":"first","13":"instock","14":"taxable","15":"shipping-taxable","16":"purchasable","17":"product-type-simple"},"_links":{"self":[{"href":"https:\/\/www.soanam.de\/fr\/wp-json\/wp\/v2\/product\/77613","targetHints":{"allow":["GET"]}}],"collection":[{"href":"https:\/\/www.soanam.de\/fr\/wp-json\/wp\/v2\/product"}],"about":[{"href":"https:\/\/www.soanam.de\/fr\/wp-json\/wp\/v2\/types\/product"}],"replies":[{"embeddable":true,"href":"https:\/\/www.soanam.de\/fr\/wp-json\/wp\/v2\/comments?post=77613"}],"wp:featuredmedia":[{"embeddable":true,"href":"https:\/\/www.soanam.de\/fr\/wp-json\/wp\/v2\/media\/77762"}],"wp:attachment":[{"href":"https:\/\/www.soanam.de\/fr\/wp-json\/wp\/v2\/media?parent=77613"}],"wp:term":[{"taxonomy":"product_brand","embeddable":true,"href":"https:\/\/www.soanam.de\/fr\/wp-json\/wp\/v2\/product_brand?post=77613"},{"taxonomy":"product_cat","embeddable":true,"href":"https:\/\/www.soanam.de\/fr\/wp-json\/wp\/v2\/product_cat?post=77613"},{"taxonomy":"product_tag","embeddable":true,"href":"https:\/\/www.soanam.de\/fr\/wp-json\/wp\/v2\/product_tag?post=77613"}],"curies":[{"name":"wp","href":"https:\/\/api.w.org\/{rel}","templated":true}]}}