{"id":77596,"date":"2023-12-13T20:56:30","date_gmt":"2023-12-13T19:56:30","guid":{"rendered":"https:\/\/www.soanam.de\/?post_type=product&#038;p=77596"},"modified":"2023-12-13T20:59:44","modified_gmt":"2023-12-13T19:59:44","slug":"gang-relax-fit-jeans-amelie-en-blue-washed-taille-w32","status":"publish","type":"product","link":"https:\/\/www.soanam.de\/fr\/produkt\/gang-relax-fit-jeans-amelie-in-blue-washed-groesse-w32\/","title":{"rendered":"Jeans GANG AMELIE, en bleu d\u00e9lav\u00e9, taille W32"},"content":{"rendered":"<p>Jeans Amelie de GANG<br \/>\nCoupe d\u00e9contract\u00e9e avec une hauteur de taille l\u00e9g\u00e8rement basse<br \/>\nPour une coupe normale, commander une taille en dessous<br \/>\nGrand confort gr\u00e2ce \u00e0 la pr\u00e9sence d'\u00e9lasthanne<\/p>\n<p>La coupe du jeans Am\u00e9lie est d\u00e9contract\u00e9e et convient \u00e9galement aux personnes ayant des cuisses et des mollets forts.<br \/>\nDu point de vue de la mode, le jeans marque des points gr\u00e2ce \u00e0 ses effets us\u00e9s.<br \/>\nLa mati\u00e8re en coton stretch du denim est facile d'entretien et tr\u00e8s confortable.<\/p>\n<p>Mati\u00e8re : 59,5% coton, 36% polyester, 4,5% \u00e9lasthanne<br \/>\nConseils d'entretien : Lavage en machine \u00e0 30\u00b0.<\/p>\n<p>couleur : blue washed<br \/>\nTaille : W32<\/p>\n<p>Tour de taille : 88cm<br \/>\nTour de hanches : 102cm<br \/>\nLongueur d'entrejambe:78cm<br \/>\nlongueur totale : 110cm<\/p>","protected":false},"excerpt":{"rendered":"<table class=\"dv_characteristicsTable\">\n<tbody>\n<tr>\n<td class=\"left\">Taille<\/td>\n<td>32<\/td>\n<\/tr>\n<tr>\n<td class=\"left\">Gr\u00f6\u00dfentyp<\/td>\n<td>Normalgr\u00f6\u00dfen<\/td>\n<\/tr>\n<tr>\n<td class=\"left\">Composition du mat\u00e9riau<\/td>\n<td>Obermaterial: 59,5% Baumwolle, 36% Polyester, 4,5% Elasthan<\/td>\n<\/tr>\n<tr>\n<td class=\"left\">Materialart<\/td>\n<td>Denim<\/td>\n<\/tr>\n<tr>\n<td class=\"left\">Materialeigenschaften<\/td>\n<td>elastisch, pflegeleicht<\/td>\n<\/tr>\n<tr>\n<td class=\"left\">Conseils d'entretien<\/td>\n<td>Lavage en machine<\/td>\n<\/tr>\n<tr>\n<td class=\"left\">Optik<\/td>\n<td>unifarben<\/td>\n<\/tr>\n<tr>\n<td class=\"left\">Stil<\/td>\n<td>modisch<\/td>\n<\/tr>\n<tr>\n<td class=\"left\">Waschung<\/td>\n<td>stone, washed<\/td>\n<\/tr>\n<tr>\n<td class=\"left\">Herstellerfarbbezeichnung<\/td>\n<td>medium power (blue washed)<\/td>\n<\/tr>\n<tr>\n<td class=\"left\">Couleur<\/td>\n<td>blue, washed<\/td>\n<\/tr>\n<tr>\n<td class=\"left\">Leibh\u00f6he<\/td>\n<td>etwas niedriger<\/td>\n<\/tr>\n<tr>\n<td class=\"left\">Bundabschluss<\/td>\n<td>angesetztes B\u00fcndchen<\/td>\n<\/tr>\n<tr>\n<td class=\"left\">Beinform<\/td>\n<td>schmal<\/td>\n<\/tr>\n<tr>\n<td class=\"left\">Beinabschluss<\/td>\n<td>abgesteppte Kante<\/td>\n<\/tr>\n<tr>\n<td class=\"left\">Coupe<\/td>\n<td>relaxed fit<\/td>\n<\/tr>\n<tr>\n<td class=\"left\">Herstellerpassform<\/td>\n<td>Relaxed fit<\/td>\n<\/tr>\n<tr>\n<td class=\"left\">Schnittform L\u00e4nge<\/td>\n<td>lang<\/td>\n<\/tr>\n<tr>\n<td class=\"left\">Passants de ceinture<\/td>\n<td>ja<\/td>\n<\/tr>\n<tr>\n<td class=\"left\">Applikationen<\/td>\n<td>Markenlabel, Nieten<\/td>\n<\/tr>\n<tr>\n<td class=\"left\">Sacs<\/td>\n<td>Eingrifftaschen, Ges\u00e4\u00dftaschen, Coinpocket<\/td>\n<\/tr>\n<tr>\n<td class=\"left\">Verschluss<\/td>\n<td>1-Knopf-Form, Rei\u00dfverschluss<\/td>\n<\/tr>\n<tr>\n<td class=\"left\">Besondere Merkmale<\/td>\n<td>in cooler Used Waschung<\/td>\n<\/tr>\n<\/tbody>\n<\/table>","protected":false},"featured_media":77746,"comment_status":"open","ping_status":"closed","template":"","meta":{"_seopress_robots_primary_cat":"","_seopress_titles_title":"","_seopress_titles_desc":"","_seopress_robots_index":""},"product_brand":[],"product_cat":[1348,1349,1350],"product_tag":[],"class_list":{"0":"post-77596","1":"product","2":"type-product","3":"status-publish","4":"has-post-thumbnail","6":"product_cat-damen-mode","7":"product_cat-hosen-damen-mode","8":"product_cat-jeans-hosen-damen-mode","9":"product_shipping_class-standard-versand","11":"first","12":"instock","13":"taxable","14":"shipping-taxable","15":"purchasable","16":"product-type-simple"},"_links":{"self":[{"href":"https:\/\/www.soanam.de\/fr\/wp-json\/wp\/v2\/product\/77596","targetHints":{"allow":["GET"]}}],"collection":[{"href":"https:\/\/www.soanam.de\/fr\/wp-json\/wp\/v2\/product"}],"about":[{"href":"https:\/\/www.soanam.de\/fr\/wp-json\/wp\/v2\/types\/product"}],"replies":[{"embeddable":true,"href":"https:\/\/www.soanam.de\/fr\/wp-json\/wp\/v2\/comments?post=77596"}],"wp:featuredmedia":[{"embeddable":true,"href":"https:\/\/www.soanam.de\/fr\/wp-json\/wp\/v2\/media\/77746"}],"wp:attachment":[{"href":"https:\/\/www.soanam.de\/fr\/wp-json\/wp\/v2\/media?parent=77596"}],"wp:term":[{"taxonomy":"product_brand","embeddable":true,"href":"https:\/\/www.soanam.de\/fr\/wp-json\/wp\/v2\/product_brand?post=77596"},{"taxonomy":"product_cat","embeddable":true,"href":"https:\/\/www.soanam.de\/fr\/wp-json\/wp\/v2\/product_cat?post=77596"},{"taxonomy":"product_tag","embeddable":true,"href":"https:\/\/www.soanam.de\/fr\/wp-json\/wp\/v2\/product_tag?post=77596"}],"curies":[{"name":"wp","href":"https:\/\/api.w.org\/{rel}","templated":true}]}}