{"id":77586,"date":"2023-12-13T20:56:08","date_gmt":"2023-12-13T19:56:08","guid":{"rendered":"https:\/\/www.soanam.de\/?post_type=product&#038;p=77586"},"modified":"2023-12-13T20:59:29","modified_gmt":"2023-12-13T19:59:29","slug":"nn07-blazer-harvey-1044-bleu-marine-aspect-fade-taille-xl","status":"publish","type":"product","link":"https:\/\/www.soanam.de\/fr\/produkt\/nn07-harvey-blazer-1044-navy-blau-faded-optik-groesse-xl\/","title":{"rendered":"NN07 - Harvey Blazer 1044, bleu marine, aspect fade, taille XL"},"content":{"rendered":"<h3>Description<\/h3>\n<p>Le blazer Harvey 1044 est fabriqu\u00e9 \u00e0 partir d'un m\u00e9lange peign\u00e9 de lyocell fluide et doux, de lin et de coton. Les lavages ont permis d'obtenir un aspect fade. Cette veste non doubl\u00e9e et d\u00e9structur\u00e9e est compl\u00e9t\u00e9e par des d\u00e9tails passepoil\u00e9s sur les coutures int\u00e9rieures et par une couche ext\u00e9rieure qui assure une finition propre et nette.<\/p>\n<p>coupe r\u00e9guli\u00e8re<br \/>\n2 boutons cousus<br \/>\nDeux poches plaqu\u00e9es sur le devant<br \/>\nUne poche passepoil\u00e9e sur la poitrine<br \/>\nPoche plaqu\u00e9e int\u00e9rieure<br \/>\nDoublure des manches en polyester 100%<br \/>\n59% Lyocell, 18% coton, 23% lin<br \/>\nJai mesure 183 cm \/ 6'0 et porte la taille M<br \/>\nPRIX DE VENTE CONSEILL\u00c9 : EUR 379,-<\/p>","protected":false},"excerpt":{"rendered":"<h3>Caract\u00e9ristiques de l'article<\/h3>\n<p>\u00c9tat de l'article : Nouveau avec \u00e9tiquette : article neuf, non utilis\u00e9 et non port\u00e9 dans son emballage d'origine<\/p>\n<p>Abteilung: Herren<br \/>\nAktivit\u00e4t: Tanzen<br \/>\nAnlass: Freizeit, Business<br \/>\nAu\u00dfenmaterial: 59% Lyocell, 18% Baumwolle, 23% Leinen<br \/>\nBesonderheiten: Alle Jahreszeiten<br \/>\nCharakter: ohne<br \/>\nEAN: 5710464699966<br \/>\nCouleur : Bleu<br \/>\nFuttermaterial: Polyester<br \/>\nGewebeart: Lycocell<br \/>\nTaille : XL<br \/>\nGr\u00f6\u00dfenkategorie: Normalgr\u00f6\u00dfe<br \/>\nIsoliermaterial: Polyester<br \/>\nJahreszeit: Fr\u00fchling, Herbst<br \/>\nMarke: NN07<br \/>\nModell: Harvey 1044<br \/>\nmotif : couleurs unies<br \/>\nProduktart: Blazer<br \/>\nStil: Blazer<br \/>\nThema: Elegant<br \/>\nVerschluss: Knopf<br \/>\nVintage: Nein<\/p>","protected":false},"featured_media":77728,"comment_status":"open","ping_status":"closed","template":"","meta":{"_seopress_robots_primary_cat":"","_seopress_titles_title":"","_seopress_titles_desc":"","_seopress_robots_index":""},"product_brand":[],"product_cat":[1345,1368,1369],"product_tag":[],"class_list":{"0":"post-77586","1":"product","2":"type-product","3":"status-publish","4":"has-post-thumbnail","6":"product_cat-herrenmode","7":"product_cat-anzuege-anzugsteile","8":"product_cat-sakkos","9":"product_shipping_class-standard-versand","11":"first","12":"instock","13":"sale","14":"taxable","15":"shipping-taxable","16":"purchasable","17":"product-type-simple"},"_links":{"self":[{"href":"https:\/\/www.soanam.de\/fr\/wp-json\/wp\/v2\/product\/77586","targetHints":{"allow":["GET"]}}],"collection":[{"href":"https:\/\/www.soanam.de\/fr\/wp-json\/wp\/v2\/product"}],"about":[{"href":"https:\/\/www.soanam.de\/fr\/wp-json\/wp\/v2\/types\/product"}],"replies":[{"embeddable":true,"href":"https:\/\/www.soanam.de\/fr\/wp-json\/wp\/v2\/comments?post=77586"}],"wp:featuredmedia":[{"embeddable":true,"href":"https:\/\/www.soanam.de\/fr\/wp-json\/wp\/v2\/media\/77728"}],"wp:attachment":[{"href":"https:\/\/www.soanam.de\/fr\/wp-json\/wp\/v2\/media?parent=77586"}],"wp:term":[{"taxonomy":"product_brand","embeddable":true,"href":"https:\/\/www.soanam.de\/fr\/wp-json\/wp\/v2\/product_brand?post=77586"},{"taxonomy":"product_cat","embeddable":true,"href":"https:\/\/www.soanam.de\/fr\/wp-json\/wp\/v2\/product_cat?post=77586"},{"taxonomy":"product_tag","embeddable":true,"href":"https:\/\/www.soanam.de\/fr\/wp-json\/wp\/v2\/product_tag?post=77586"}],"curies":[{"name":"wp","href":"https:\/\/api.w.org\/{rel}","templated":true}]}}