{"id":77584,"date":"2023-12-13T20:56:07","date_gmt":"2023-12-13T19:56:07","guid":{"rendered":"https:\/\/www.soanam.de\/?post_type=product&#038;p=77584"},"modified":"2023-12-13T20:59:18","modified_gmt":"2023-12-13T19:59:18","slug":"peppa-pig-peppa-and-the-big-train-livre-dimages-en-carton-anglais-2011","status":"publish","type":"product","link":"https:\/\/www.soanam.de\/fr\/produkt\/peppa-pig-peppa-and-the-big-train-pappbilderbuch-englisch-2011\/","title":{"rendered":"Peppa Pig \"Peppa and the Big Train\" Livre d'images cartonn\u00e9 Anglais 2011"},"content":{"rendered":"<h3><strong>Description du produit<\/strong><\/h3>\n<p>This storybook is based on the number one and award-winning preschool children's TV show on Channel 5 and Nickelodeon - Peppa Pig!<br \/>\nPeppa et ses amis s'appr\u00eatent \u00e0 faire un magnifique voyage en train. Sautez \u00e0 bord du train et rejoignez Peppa Pig lors de sa journ\u00e9e parfaite dans ce joli petit livre d'histoires.<\/p>\n<p><strong>D\u00e9tails du produit<\/strong><\/p>\n<p>\u00c9diteur : Ladybird<br \/>\nAnn\u00e9e de publication : 2011<br \/>\nLangue : anglais<br \/>\nCouverture : Livre d'images cartonn\u00e9<br \/>\nNombre de pages : 16 pages<br \/>\nISBN-10 : 9781409308645<br \/>\nISBN-13 : 978-1409308645<br \/>\nLesealter \u200f : \u200e 2 - 4 Jahre<br \/>\nPoids de l'article : 266 g<br \/>\nDimensions : 17.9 x 1.4 x 17.1 cm<\/p>","protected":false},"excerpt":{"rendered":"<h3><strong>Caract\u00e9ristiques de l'article<\/strong><\/h3>\n<p>Artikelzustand: Neu - Neues, ungelesenes, ungebrauchtes Buch in makellosem Zustand<\/p>\n<table style=\"border-collapse: collapse;width: 924pt\" width=\"1232\">\n<tbody>\n<tr style=\"height: 15.0pt\">\n<td class=\"xl72\" style=\"width: 485pt;height: 15.0pt\" width=\"647\" height=\"20\">Autor:<\/td>\n<td class=\"xl72\" style=\"width: 439pt\" width=\"585\">Ladybird<\/td>\n<\/tr>\n<tr style=\"height: 15.0pt\">\n<td class=\"xl72\" style=\"height: 15.0pt\" height=\"20\">Particularit\u00e9s :<\/td>\n<td class=\"xl72\">Illustriert<\/td>\n<\/tr>\n<tr style=\"height: 15.0pt\">\n<td class=\"xl72\" style=\"height: 15.0pt\" height=\"20\">Buchreihe:<\/td>\n<td class=\"xl72\">Peppa Pig<\/td>\n<\/tr>\n<tr style=\"height: 15.0pt\">\n<td class=\"xl72\" style=\"height: 15.0pt\" height=\"20\">Buchtitel:<\/td>\n<td class=\"xl72\">Peppa and the Big Train<\/td>\n<\/tr>\n<tr style=\"height: 15.0pt\">\n<td class=\"xl72\" style=\"height: 15.0pt\" height=\"20\">Erscheinungsjahr:<\/td>\n<td class=\"xl72\">2011<\/td>\n<\/tr>\n<tr style=\"height: 15.0pt\">\n<td class=\"xl72\" style=\"height: 15.0pt\" height=\"20\">Format:<\/td>\n<td class=\"xl72\">Kartonbuch<\/td>\n<\/tr>\n<tr style=\"height: 15.0pt\">\n<td class=\"xl72\" style=\"height: 15.0pt\" height=\"20\">Genre:<\/td>\n<td class=\"xl72\">Kinder- &amp; Jugendliteratur<\/td>\n<\/tr>\n<tr style=\"height: 15.0pt\">\n<td class=\"xl72\" style=\"height: 15.0pt\" height=\"20\">Herstellungsland und -region:<\/td>\n<td class=\"xl72\">China<\/td>\n<\/tr>\n<tr style=\"height: 15.0pt\">\n<td class=\"xl72\" style=\"height: 15.0pt\" height=\"20\">ISBN:<\/td>\n<td class=\"xl72\">9781409308645<\/td>\n<\/tr>\n<tr style=\"height: 15.0pt\">\n<td class=\"xl72\" style=\"height: 15.0pt\" height=\"20\">Literarische Gattung:<\/td>\n<td class=\"xl72\">Belletristik<\/td>\n<\/tr>\n<tr style=\"height: 15.0pt\">\n<td class=\"xl72\" style=\"height: 15.0pt\" height=\"20\">Produktart:<\/td>\n<td class=\"xl72\">Bilderbuch<\/td>\n<\/tr>\n<tr style=\"height: 15.0pt\">\n<td style=\"height: 15.0pt\" height=\"20\">Sprache:<\/td>\n<td>Englisch<\/td>\n<\/tr>\n<tr style=\"height: 15.0pt\">\n<td class=\"xl72\" style=\"height: 15.0pt\" height=\"20\">Thematik:<\/td>\n<td class=\"xl72\">Peppa Pig<\/td>\n<\/tr>\n<tr style=\"height: 15.0pt\">\n<td class=\"xl72\" style=\"height: 15.0pt\" height=\"20\">Verlag:<\/td>\n<td class=\"xl72\">Ladybird Books<\/td>\n<\/tr>\n<tr style=\"height: 15.0pt\">\n<td class=\"xl72\" style=\"height: 15.0pt\" height=\"20\">Zielgruppe:<\/td>\n<td class=\"xl72\">2-3 Jahre<\/td>\n<\/tr>\n<\/tbody>\n<\/table>","protected":false},"featured_media":77721,"comment_status":"open","ping_status":"closed","template":"","meta":{"_seopress_robots_primary_cat":"","_seopress_titles_title":"","_seopress_titles_desc":"","_seopress_robots_index":""},"product_brand":[],"product_cat":[1428,1431,1432],"product_tag":[],"class_list":{"0":"post-77584","1":"product","2":"type-product","3":"status-publish","4":"has-post-thumbnail","6":"product_cat-buecher","7":"product_cat-kinder","8":"product_cat-bilderbuecher","9":"product_shipping_class-standard-versand","11":"first","12":"instock","13":"taxable","14":"shipping-taxable","15":"purchasable","16":"product-type-simple"},"_links":{"self":[{"href":"https:\/\/www.soanam.de\/fr\/wp-json\/wp\/v2\/product\/77584","targetHints":{"allow":["GET"]}}],"collection":[{"href":"https:\/\/www.soanam.de\/fr\/wp-json\/wp\/v2\/product"}],"about":[{"href":"https:\/\/www.soanam.de\/fr\/wp-json\/wp\/v2\/types\/product"}],"replies":[{"embeddable":true,"href":"https:\/\/www.soanam.de\/fr\/wp-json\/wp\/v2\/comments?post=77584"}],"wp:featuredmedia":[{"embeddable":true,"href":"https:\/\/www.soanam.de\/fr\/wp-json\/wp\/v2\/media\/77721"}],"wp:attachment":[{"href":"https:\/\/www.soanam.de\/fr\/wp-json\/wp\/v2\/media?parent=77584"}],"wp:term":[{"taxonomy":"product_brand","embeddable":true,"href":"https:\/\/www.soanam.de\/fr\/wp-json\/wp\/v2\/product_brand?post=77584"},{"taxonomy":"product_cat","embeddable":true,"href":"https:\/\/www.soanam.de\/fr\/wp-json\/wp\/v2\/product_cat?post=77584"},{"taxonomy":"product_tag","embeddable":true,"href":"https:\/\/www.soanam.de\/fr\/wp-json\/wp\/v2\/product_tag?post=77584"}],"curies":[{"name":"wp","href":"https:\/\/api.w.org\/{rel}","templated":true}]}}