{"id":77526,"date":"2023-12-13T20:55:00","date_gmt":"2023-12-13T19:55:00","guid":{"rendered":"https:\/\/www.soanam.de\/?post_type=product&#038;p=77526"},"modified":"2023-12-13T20:58:27","modified_gmt":"2023-12-13T19:58:27","slug":"disney-big-hero-6-stylo-exclusif-4-couleurs-en-plastique-a-partir-de-4-ans","status":"publish","type":"product","link":"https:\/\/www.soanam.de\/fr\/produkt\/disney-big-hero-6-exklusiver-4-farben-stift-aus-kunststoff-ab-4-jahre\/","title":{"rendered":"Disney Big Hero 6 - stylo exclusif \u00e0 4 couleurs en plastique, d\u00e8s 4 ans"},"content":{"rendered":"<h3><strong>Description du produit<\/strong><\/h3>\n<p>\u00c9crivez comme par magie \u00e0 l'aide du Big Hero 6 de Disney et de son stylo aux 4 couleurs amusantes !<br \/>\nCliquez sur la couleur avec laquelle vous souhaitez \u00e9crire : Bleu, vert, rouge, noir<\/p>\n<p><strong>Stylo \u00e0 bille<\/strong><br \/>\nCouleurs d'encre : Bleu, vert, rouge, noir<br \/>\nL\u00e4nge: 7 \"<br \/>\nMat\u00e9riau : plastique<\/p>\n<p>Il s'agit d'un authentique crayon multi-couleurs Disney sous licence.<\/p>\n<p><strong>Remarque<\/strong><br \/>\nNe convient pas aux enfants de moins de 3 ans en raison des petites pi\u00e8ces qui peuvent \u00eatre aval\u00e9es.<\/p>","protected":false},"excerpt":{"rendered":"<h3><strong>Caract\u00e9ristiques de l'article<\/strong><\/h3>\n<p>Artikelzustand: Neu - Neuer, unbenutzter und unbesch\u00e4digter Artikel in der unge\u00f6ffneten Verpackung<\/p>\n<table width=\"1232\">\n<tbody>\n<tr>\n<td width=\"647\">Particularit\u00e9s :<\/td>\n<td width=\"585\">4 Farben<\/td>\n<\/tr>\n<tr>\n<td>EAN:<\/td>\n<td>5060403791191<\/td>\n<\/tr>\n<tr>\n<td>Herstellernummer:<\/td>\n<td>99021329<\/td>\n<\/tr>\n<tr>\n<td>Herstellungsland und -region:<\/td>\n<td>China<\/td>\n<\/tr>\n<tr>\n<td>Marke:<\/td>\n<td>Disney<\/td>\n<\/tr>\n<tr>\n<td>Schreibfarbe:<\/td>\n<td>multicolore<\/td>\n<\/tr>\n<tr>\n<td>St\u00e4rke:<\/td>\n<td>M (Mittel)<\/td>\n<\/tr>\n<\/tbody>\n<\/table>","protected":false},"featured_media":77676,"comment_status":"open","ping_status":"closed","template":"","meta":{"_seopress_robots_primary_cat":"","_seopress_titles_title":"","_seopress_titles_desc":"","_seopress_robots_index":""},"product_brand":[],"product_cat":[1421,1422],"product_tag":[],"class_list":{"0":"post-77526","1":"product","2":"type-product","3":"status-publish","4":"has-post-thumbnail","6":"product_cat-buerobedarf","7":"product_cat-schreibwaren","8":"product_shipping_class-standard-versand","10":"first","11":"instock","12":"sale","13":"taxable","14":"shipping-taxable","15":"purchasable","16":"product-type-simple"},"_links":{"self":[{"href":"https:\/\/www.soanam.de\/fr\/wp-json\/wp\/v2\/product\/77526","targetHints":{"allow":["GET"]}}],"collection":[{"href":"https:\/\/www.soanam.de\/fr\/wp-json\/wp\/v2\/product"}],"about":[{"href":"https:\/\/www.soanam.de\/fr\/wp-json\/wp\/v2\/types\/product"}],"replies":[{"embeddable":true,"href":"https:\/\/www.soanam.de\/fr\/wp-json\/wp\/v2\/comments?post=77526"}],"wp:featuredmedia":[{"embeddable":true,"href":"https:\/\/www.soanam.de\/fr\/wp-json\/wp\/v2\/media\/77676"}],"wp:attachment":[{"href":"https:\/\/www.soanam.de\/fr\/wp-json\/wp\/v2\/media?parent=77526"}],"wp:term":[{"taxonomy":"product_brand","embeddable":true,"href":"https:\/\/www.soanam.de\/fr\/wp-json\/wp\/v2\/product_brand?post=77526"},{"taxonomy":"product_cat","embeddable":true,"href":"https:\/\/www.soanam.de\/fr\/wp-json\/wp\/v2\/product_cat?post=77526"},{"taxonomy":"product_tag","embeddable":true,"href":"https:\/\/www.soanam.de\/fr\/wp-json\/wp\/v2\/product_tag?post=77526"}],"curies":[{"name":"wp","href":"https:\/\/api.w.org\/{rel}","templated":true}]}}