{"id":77525,"date":"2023-12-13T20:54:59","date_gmt":"2023-12-13T19:54:59","guid":{"rendered":"https:\/\/www.soanam.de\/?post_type=product&#038;p=77525"},"modified":"2023-12-13T20:58:23","modified_gmt":"2023-12-13T19:58:23","slug":"jeans-arizona-skinny-fit-avec-effet-thermique-en-noir-taille-38","status":"publish","type":"product","link":"https:\/\/www.soanam.de\/fr\/produkt\/arizona-skinny-fit-jeans-mit-thermo-effekt-in-black-groesse-38\/","title":{"rendered":"Jeans Arizona coupe skinny effet thermique, en noir, taille 38"},"content":{"rendered":"<p>Denim thermo-stretch \u00e0 la coupe slim<br \/>\nTube \u00e0 taille haute<br \/>\nAgr\u00e9able \u00e0 porter avec effet chauffant<br \/>\nInt\u00e9rieur gratt\u00e9 chaud et douillet<\/p>\n<p>Le jegging d'hiver d'Arizona ressemble \u00e0 un jean. Les \u00e9l\u00e9ments typiques du denim comme la taille \u00e9troite avec passants de ceinture, le style populaire \u00e0 cinq poches, la hauteur de taille \u00e9lev\u00e9e, la coupe ajust\u00e9e s'allient dans le jegging pour femmes \u00e0 un confort super agr\u00e9able tout en ayant l'air d'un jean slim.<\/p>\n<p>Mati\u00e8re : 74% coton, 24% polyester, 2% \u00e9lasthanne<br \/>\nConseils d'entretien : Lavage en machine \u00e0 40<\/p>\n<p>couleur : black<br \/>\nTaille : EUR 38<\/p>\n<p>Tour de taille : 74cm<br \/>\nTour de hanches : 91cm<br \/>\nLongueur d'entrejambe:80cm<br \/>\nlongueur totale : 107cm<\/p>","protected":false},"excerpt":{"rendered":"<table class=\"dv_characteristicsTable\">\n<tbody>\n<tr>\n<td class=\"left\">Taille<\/td>\n<td>38<\/td>\n<\/tr>\n<tr>\n<td class=\"left\">Gr\u00f6\u00dfentyp<\/td>\n<td>Normalgr\u00f6\u00dfen<\/td>\n<\/tr>\n<tr>\n<td class=\"left\">Composition du mat\u00e9riau<\/td>\n<td>Obermaterial: 74% Baumwolle, 24% Polyester, 2% Elasthan<\/td>\n<\/tr>\n<tr>\n<td class=\"left\">Materialart<\/td>\n<td>Denim<\/td>\n<\/tr>\n<tr>\n<td class=\"left\">Materialeigenschaften<\/td>\n<td>Stretch<\/td>\n<\/tr>\n<tr>\n<td class=\"left\">Conseils d'entretien<\/td>\n<td>Lavage en machine<\/td>\n<\/tr>\n<tr>\n<td class=\"left\">Optik<\/td>\n<td>unifarben<\/td>\n<\/tr>\n<tr>\n<td class=\"left\">Stil<\/td>\n<td>casual<\/td>\n<\/tr>\n<tr>\n<td class=\"left\">Couleur<\/td>\n<td>black<\/td>\n<\/tr>\n<tr>\n<td class=\"left\">Leibh\u00f6he<\/td>\n<td>hoch<\/td>\n<\/tr>\n<tr>\n<td class=\"left\">Bundabschluss<\/td>\n<td>abgestepptes B\u00fcndchen<\/td>\n<\/tr>\n<tr>\n<td class=\"left\">Beinform<\/td>\n<td>R\u00f6hre<\/td>\n<\/tr>\n<tr>\n<td class=\"left\">Beinabschluss<\/td>\n<td>abgesteppt<\/td>\n<\/tr>\n<tr>\n<td class=\"left\">Coupe<\/td>\n<td>schmal<\/td>\n<\/tr>\n<tr>\n<td class=\"left\">Schnittform L\u00e4nge<\/td>\n<td>lang<\/td>\n<\/tr>\n<tr>\n<td class=\"left\">Passants de ceinture<\/td>\n<td>ja<\/td>\n<\/tr>\n<tr>\n<td class=\"left\">Sacs<\/td>\n<td>Eingrifftaschen, Coinpocket, Ges\u00e4\u00dftaschen<\/td>\n<\/tr>\n<tr>\n<td class=\"left\">Verschluss<\/td>\n<td>Knopf, Rei\u00dfverschluss<\/td>\n<\/tr>\n<tr>\n<td class=\"left\">Besondere Merkmale<\/td>\n<td>High Waist<\/td>\n<\/tr>\n<\/tbody>\n<\/table>","protected":false},"featured_media":77672,"comment_status":"open","ping_status":"closed","template":"","meta":{"_seopress_robots_primary_cat":"","_seopress_titles_title":"","_seopress_titles_desc":"","_seopress_robots_index":""},"product_brand":[],"product_cat":[1348,1349,1350],"product_tag":[],"class_list":{"0":"post-77525","1":"product","2":"type-product","3":"status-publish","4":"has-post-thumbnail","6":"product_cat-damen-mode","7":"product_cat-hosen-damen-mode","8":"product_cat-jeans-hosen-damen-mode","9":"product_shipping_class-standard-versand","11":"first","12":"instock","13":"sale","14":"taxable","15":"shipping-taxable","16":"purchasable","17":"product-type-simple"},"_links":{"self":[{"href":"https:\/\/www.soanam.de\/fr\/wp-json\/wp\/v2\/product\/77525","targetHints":{"allow":["GET"]}}],"collection":[{"href":"https:\/\/www.soanam.de\/fr\/wp-json\/wp\/v2\/product"}],"about":[{"href":"https:\/\/www.soanam.de\/fr\/wp-json\/wp\/v2\/types\/product"}],"replies":[{"embeddable":true,"href":"https:\/\/www.soanam.de\/fr\/wp-json\/wp\/v2\/comments?post=77525"}],"wp:featuredmedia":[{"embeddable":true,"href":"https:\/\/www.soanam.de\/fr\/wp-json\/wp\/v2\/media\/77672"}],"wp:attachment":[{"href":"https:\/\/www.soanam.de\/fr\/wp-json\/wp\/v2\/media?parent=77525"}],"wp:term":[{"taxonomy":"product_brand","embeddable":true,"href":"https:\/\/www.soanam.de\/fr\/wp-json\/wp\/v2\/product_brand?post=77525"},{"taxonomy":"product_cat","embeddable":true,"href":"https:\/\/www.soanam.de\/fr\/wp-json\/wp\/v2\/product_cat?post=77525"},{"taxonomy":"product_tag","embeddable":true,"href":"https:\/\/www.soanam.de\/fr\/wp-json\/wp\/v2\/product_tag?post=77525"}],"curies":[{"name":"wp","href":"https:\/\/api.w.org\/{rel}","templated":true}]}}