{"id":77467,"date":"2023-12-13T20:52:56","date_gmt":"2023-12-13T19:52:56","guid":{"rendered":"https:\/\/www.soanam.de\/?post_type=product&#038;p=77467"},"modified":"2023-12-13T20:57:01","modified_gmt":"2023-12-13T19:57:01","slug":"hugo-boss-sneakers-tennis-style-homme-en-cuir-nappa-noir","status":"publish","type":"product","link":"https:\/\/www.soanam.de\/fr\/produkt\/hugo-boss-herren-sneakers-im-tennis-stil-aus-nappaleder-schwarz\/","title":{"rendered":"Hugo Boss Baskets de style tennis pour homme en cuir nappa, Noir"},"content":{"rendered":"<h3>Description<\/h3>\n<p>Baskets minimalistes HUGO en cuir nappa avec doublure en cuir.<br \/>\nCes chaussures pour hommes \u00e0 la silhouette contemporaine sont orn\u00e9es d'un logo en relief et d'une touche de couleur rouge sur le talon.<br \/>\nUne semelle en caoutchouc promet un confort optimal et une grande flexibilit\u00e9.<br \/>\nLes lacets toniques assurent un look \u00e9pur\u00e9.<\/p>\n<h3>D\u00e9tails<\/h3>\n<p>Style Futurism_Tenn_lt - 50315601<br \/>\nLacets<br \/>\nAvec doublure int\u00e9rieure<br \/>\nSemelle : m\u00e9lange de mat\u00e9riaux<br \/>\nEmballage : bo\u00eete<\/p>","protected":false},"excerpt":{"rendered":"<h3>Caract\u00e9ristiques de l'article<\/h3>\n<p>\u00c9tat de l'article : Nouveau avec \u00e9tiquette : article neuf, non utilis\u00e9 et non port\u00e9 dans son emballage d'origine<\/p>\n<p>Abteilung: Herren<br \/>\nAktivit\u00e4t: Tennis<br \/>\nAnlass: Freizeit<br \/>\nAU-Schuhgr\u00f6\u00dfe: ohne Angabe<br \/>\nCharakter Familie: ohne<br \/>\nCharakter: ohne<br \/>\nEAN: 4021419305230<br \/>\nAnn\u00e9e de publication : 2020<br \/>\nEU-Schuhgr\u00f6\u00dfe: EUR 40<br \/>\nCouleur : Noir<br \/>\nFuttermaterial: Leder<br \/>\nHerstellernummer: 50315601<br \/>\nIndividualisiert: Nein<br \/>\nInnensohlenmaterial: Leder<br \/>\nLaufsohlenmaterial: Gummi<br \/>\nMarke: HUGO BOSS<br \/>\nModell: Style Futurism_Tenn_lt<br \/>\nMat\u00e9riau sup\u00e9rieur : cuir<br \/>\nProduktart: Sportschuh<br \/>\nProduktlinie: Hugo Sport<br \/>\nSchuhweite: F<br \/>\nStil: Sneaker<br \/>\nThema: Sport<br \/>\nUK-Schuhgr\u00f6\u00dfe: UK 6<br \/>\nUS-Schuhgr\u00f6\u00dfe: US 7<br \/>\nVintage: Nein<\/p>","protected":false},"featured_media":77614,"comment_status":"open","ping_status":"closed","template":"","meta":{"_seopress_robots_primary_cat":"","_seopress_titles_title":"","_seopress_titles_desc":"","_seopress_robots_index":""},"product_brand":[],"product_cat":[1345,1393,1394,1419],"product_tag":[],"class_list":{"0":"post-77467","1":"product","2":"type-product","3":"status-publish","4":"has-post-thumbnail","6":"product_cat-herrenmode","7":"product_cat-schuhe-herrenmode","8":"product_cat-sneakers-schuhe-herrenmode","9":"product_cat-schnuerschuhe","10":"product_shipping_class-standard-versand","12":"first","13":"instock","14":"sale","15":"taxable","16":"shipping-taxable","17":"purchasable","18":"product-type-simple"},"_links":{"self":[{"href":"https:\/\/www.soanam.de\/fr\/wp-json\/wp\/v2\/product\/77467","targetHints":{"allow":["GET"]}}],"collection":[{"href":"https:\/\/www.soanam.de\/fr\/wp-json\/wp\/v2\/product"}],"about":[{"href":"https:\/\/www.soanam.de\/fr\/wp-json\/wp\/v2\/types\/product"}],"replies":[{"embeddable":true,"href":"https:\/\/www.soanam.de\/fr\/wp-json\/wp\/v2\/comments?post=77467"}],"wp:featuredmedia":[{"embeddable":true,"href":"https:\/\/www.soanam.de\/fr\/wp-json\/wp\/v2\/media\/77614"}],"wp:attachment":[{"href":"https:\/\/www.soanam.de\/fr\/wp-json\/wp\/v2\/media?parent=77467"}],"wp:term":[{"taxonomy":"product_brand","embeddable":true,"href":"https:\/\/www.soanam.de\/fr\/wp-json\/wp\/v2\/product_brand?post=77467"},{"taxonomy":"product_cat","embeddable":true,"href":"https:\/\/www.soanam.de\/fr\/wp-json\/wp\/v2\/product_cat?post=77467"},{"taxonomy":"product_tag","embeddable":true,"href":"https:\/\/www.soanam.de\/fr\/wp-json\/wp\/v2\/product_tag?post=77467"}],"curies":[{"name":"wp","href":"https:\/\/api.w.org\/{rel}","templated":true}]}}