{"id":77422,"date":"2023-12-13T20:51:53","date_gmt":"2023-12-13T19:51:53","guid":{"rendered":"https:\/\/www.soanam.de\/?post_type=product&#038;p=77422"},"modified":"2023-12-13T20:55:53","modified_gmt":"2023-12-13T19:55:53","slug":"shimano-spinning-reel-19-stradic-c3000xg","status":"publish","type":"product","link":"https:\/\/www.soanam.de\/fr\/produkt\/shimano-spinning-reel-19-stradic-c3000xg\/","title":{"rendered":"SHIMANO moulinet pour le spinning 19 Stradic C3000XG"},"content":{"rendered":"<h3>Description<\/h3>\n<p><strong>D\u00e9tails<\/strong><br \/>\nRapport de transmission : 6,4<br \/>\nForce de traction pratique : 3,5 kg<br \/>\nForce de traction maximale : 9,0 kg<br \/>\npoids net : 225 g<br \/>\nDimensions de la bobine (diam\u00e8tre mm \/ course mm) : 47\/17<br \/>\nQuantit\u00e9 d'enroulement de la bobine en nylon : (lb-m) : 2,5- 180, 3 -150, 4-100<br \/>\nQuantit\u00e9 de bobines de fluor (lb-m) : 2,5-160, 3-130, 4-100<br \/>\nQuantit\u00e9 d'enroulement PE (nbre -m) : 1-400, 1,5-270, 2-200<br \/>\nLongueur d'enroulement maximale : 94cm \/ un tour de manivelle<br \/>\nLongueur de la poign\u00e9e : 55mm<br \/>\nNombre de roulements : 6\/1<\/p>\n<p>Les caract\u00e9ristiques de base des moulinets \"enfilage\", \"durabilit\u00e9\" et \"vol\" ont \u00e9volu\u00e9.<br \/>\nIl s'agit du mod\u00e8le de levage le plus rapide de la s\u00e9rie C3000, gr\u00e2ce \u00e0 l'installation d'un engrenage micromodule et d'un entra\u00eenement silencieux.<br \/>\nDe plus, le nouvel \u00e9quipement HAGANE qui suit le mod\u00e8le haut de gamme et le m\u00e9canisme \u00e9tanche X-Protection le rendent encore plus solide et plus durable que le mod\u00e8le pr\u00e9c\u00e9dent.<br \/>\nDe plus, les performances de lancer sont am\u00e9lior\u00e9es gr\u00e2ce \u00e0 l'utilisation de la premi\u00e8re bobine \u00e0 longue course dans la m\u00eame cat\u00e9gorie.<br \/>\nIl vous permet d'atteindre des points que l'app\u00e2t n'a jamais atteints.<br \/>\nBien que le rouleau soit compact, il a une vitesse d'enroulement de 94 cm.<br \/>\nCe mod\u00e8le est id\u00e9al pour les p\u00eaches n\u00e9cessitant une remont\u00e9e \u00e0 grande vitesse et pour la p\u00eache des gros poissons de mer.<\/p>","protected":false},"excerpt":{"rendered":"<h3>Caract\u00e9ristiques de l'article<\/h3>\n<p>\u00c9tat de l'article : Nouveau avec \u00e9tiquette : article neuf, non utilis\u00e9 et non port\u00e9 dans son emballage d'origine<\/p>\n<p>Abteilung: Unisex<br \/>\nAngelart: Salzwasserangeln<br \/>\nEAN: 4969363040206<br \/>\nFischart: Alle Salzwasserfische<br \/>\nGeflochtene Schnurkapazit\u00e4t: siehe Artikelbeschreibung<br \/>\nH\u00e4ndigkeit: Beide<br \/>\nKugellager: 6<br \/>\nMarke: Shimano<br \/>\nMaterial: Aluminium<br \/>\nMaximaler Widerstand: 9 kg<br \/>\nModell: Stradic<br \/>\nRollengr\u00f6\u00dfe: 3000<br \/>\nRollentyp: Spinningrolle<br \/>\nSchnureinzug: 94 cm<br \/>\nSchnurkapazit\u00e4t: siehe Artikelbeschreibung<br \/>\nSpulenbremse-Typ: ohne Angabe<br \/>\n\u00dcbersetzung: 6,4:1<\/p>","protected":false},"featured_media":77568,"comment_status":"open","ping_status":"closed","template":"","meta":{"_seopress_robots_primary_cat":"","_seopress_titles_title":"","_seopress_titles_desc":"","_seopress_robots_index":""},"product_brand":[],"product_cat":[1730],"product_tag":[],"class_list":{"0":"post-77422","1":"product","2":"type-product","3":"status-publish","4":"has-post-thumbnail","6":"product_cat-sonstiges-2","7":"product_shipping_class-standard-versand","9":"first","10":"instock","11":"sale","12":"taxable","13":"shipping-taxable","14":"purchasable","15":"product-type-simple"},"_links":{"self":[{"href":"https:\/\/www.soanam.de\/fr\/wp-json\/wp\/v2\/product\/77422","targetHints":{"allow":["GET"]}}],"collection":[{"href":"https:\/\/www.soanam.de\/fr\/wp-json\/wp\/v2\/product"}],"about":[{"href":"https:\/\/www.soanam.de\/fr\/wp-json\/wp\/v2\/types\/product"}],"replies":[{"embeddable":true,"href":"https:\/\/www.soanam.de\/fr\/wp-json\/wp\/v2\/comments?post=77422"}],"wp:featuredmedia":[{"embeddable":true,"href":"https:\/\/www.soanam.de\/fr\/wp-json\/wp\/v2\/media\/77568"}],"wp:attachment":[{"href":"https:\/\/www.soanam.de\/fr\/wp-json\/wp\/v2\/media?parent=77422"}],"wp:term":[{"taxonomy":"product_brand","embeddable":true,"href":"https:\/\/www.soanam.de\/fr\/wp-json\/wp\/v2\/product_brand?post=77422"},{"taxonomy":"product_cat","embeddable":true,"href":"https:\/\/www.soanam.de\/fr\/wp-json\/wp\/v2\/product_cat?post=77422"},{"taxonomy":"product_tag","embeddable":true,"href":"https:\/\/www.soanam.de\/fr\/wp-json\/wp\/v2\/product_tag?post=77422"}],"curies":[{"name":"wp","href":"https:\/\/api.w.org\/{rel}","templated":true}]}}