{"id":77393,"date":"2023-12-13T20:50:22","date_gmt":"2023-12-13T19:50:22","guid":{"rendered":"https:\/\/www.soanam.de\/?post_type=product&#038;p=77393"},"modified":"2023-12-13T20:55:19","modified_gmt":"2023-12-13T19:55:19","slug":"pranamat-eco-kit-de-massage-therapeutique-pranamat-tapis-de-massage-pranamat-coussin-de-massage","status":"publish","type":"product","link":"https:\/\/www.soanam.de\/fr\/produkt\/pranamat-eco-therapeutisches-massage-set-pranamat-massage-matte-pranamat-massage-kissen\/","title":{"rendered":"Pranamat Eco Kit de massage th\u00e9rapeutique (tapis de massage Pranamat + coussin de massage Pranamat)"},"content":{"rendered":"<h3>Description<\/h3>\n<p><strong>Taille<\/strong><br \/>\nTapis Pranamat ECO : 73 x 45 cm<br \/>\nCoussin Pranamat ECO : 34 x 45 cm<\/p>\n<p><strong>couleur :<\/strong> Naturel \/ Lavande<\/p>\n<p><strong>Mat\u00e9riau<\/strong><br \/>\nHousse : 100% lin naturel<br \/>\n\u00c9l\u00e9ments de massage en forme de fleur de lotus : Plastique HIPS certifi\u00e9 pour l'utilisation dans les appareils chirurgicaux<br \/>\nGarniture d'oreiller : 100% cosses de sarrasin naturelles<br \/>\nTapis : 221 \u00e9l\u00e9ments de massage en forme de fleur de lotus avec 25 p\u00e9tales chacun<br \/>\nCoussins : 95 \u00e9l\u00e9ments de massage en forme de fleur de lotus avec 25 p\u00e9tales chacun<br \/>\nContenu du tapis : 100% fibre de coco naturelle<\/p>\n<p><strong>A propos de cet article<\/strong><br \/>\nFabriqu\u00e9 \u00e0 partir de mat\u00e9riaux 100% biologiques et respectueux de l'environnement<br \/>\nParticuli\u00e8rement durable : 5 ans de garantie pour le Pranamat ECO standard &amp; 30 jours de garantie \"satisfait ou rembours\u00e9\".<br \/>\nSoulage les douleurs musculaires l\u00e9g\u00e8res et les tensions<br \/>\nLe premier tapis de massage th\u00e9rapeutique certifi\u00e9 par la FDA am\u00e9ricaine en tant que dispositif m\u00e9dical<br \/>\nLe kit de massage est toujours \u00e0 port\u00e9e de main et peut \u00eatre utilis\u00e9 \u00e0 tout moment lorsque vous ressentez des douleurs et des tensions ou que vous avez besoin d'un coup de fouet rapide.<\/p>\n<p><strong>Informations g\u00e9n\u00e9rales<\/strong><br \/>\nPeut soulager les tensions musculaires l\u00e9g\u00e8res.<\/p>\n<p><strong>Avertissements<\/strong><br \/>\nPranamat ECO ne doit pas \u00eatre utilis\u00e9 dans les cas suivants : \u00e9pilepsie, maladies de peau, fi\u00e8vre ou maladies aigu\u00ebs, maladies cardiaques, thrombophl\u00e9bite, troubles de la coagulation ou pendant la grossesse. Allongez-vous avec pr\u00e9caution sur le tapis lorsque vous l'utilisez. \u00c9vitez de tirer, de sauter ou de vous asseoir rapidement sur le tapis, \u00e9vitez les \u00e9raflures ou autres blessures mineures.<\/p>\n<p><strong>Mentions l\u00e9gales<\/strong><br \/>\nLes r\u00e9sultats individuels peuvent varier. Pranamat ECO n'est pas destin\u00e9 \u00e0 diagnostiquer, traiter, gu\u00e9rir ou pr\u00e9venir une maladie et ne remplace pas un avis m\u00e9dical. Les conseils sur le traitement ou les soins d'un patient individuel doivent \u00eatre obtenus en consultant un m\u00e9decin ou un praticien de sant\u00e9 qualifi\u00e9 qui a examin\u00e9 ce patient ou qui conna\u00eet ses ant\u00e9c\u00e9dents m\u00e9dicaux. \u00c9vitez de tirer, de sauter ou de vous asseoir rapidement sur le tapis, \u00e9vitez les \u00e9raflures ou autres blessures mineures. Les enfants de moins de 10 ans doivent \u00eatre surveill\u00e9s par un adulte lorsqu'ils utilisent le Pranamat ECO. Il ne doit pas \u00eatre utilis\u00e9 par des enfants de moins de 5 ans. Nous ne recommandons PAS d'utiliser Pranamat ECO pendant la grossesse.<\/p>","protected":false},"excerpt":{"rendered":"<h3>Caract\u00e9ristiques de l'article<\/h3>\n<p>\u00c9tat de l'article : Nouveau avec \u00e9tiquette : article neuf, non utilis\u00e9 et non port\u00e9 dans son emballage d'origine<\/p>\n<p>Besonderheiten: gegen Verspannungen<br \/>\nBreite: 45 cm<br \/>\nEAN: nichtzutreffend<br \/>\nFarbe: Lila<br \/>\nGewicht: ohne Angabe<br \/>\nHerstellernummer: ohne Angabe<br \/>\nH\u00f6he: 1cm<br \/>\nL\u00e4nge: 73cm Matte, 34 cm Kissen<br \/>\nMarke: Pranamat<br \/>\nMaterial: Leinen, Kokosfaser, HIPS Kunststoff<br \/>\nProduktart: Massage-Set<\/p>","protected":false},"featured_media":77535,"comment_status":"open","ping_status":"closed","template":"","meta":{"_seopress_robots_primary_cat":"","_seopress_titles_title":"","_seopress_titles_desc":"","_seopress_robots_index":""},"product_brand":[],"product_cat":[1400,1401],"product_tag":[],"class_list":{"0":"post-77393","1":"product","2":"type-product","3":"status-publish","4":"has-post-thumbnail","6":"product_cat-wohnzubehoer","7":"product_cat-haushaltswaren","8":"product_shipping_class-standard-versand","10":"first","11":"instock","12":"sale","13":"taxable","14":"shipping-taxable","15":"purchasable","16":"product-type-simple"},"_links":{"self":[{"href":"https:\/\/www.soanam.de\/fr\/wp-json\/wp\/v2\/product\/77393","targetHints":{"allow":["GET"]}}],"collection":[{"href":"https:\/\/www.soanam.de\/fr\/wp-json\/wp\/v2\/product"}],"about":[{"href":"https:\/\/www.soanam.de\/fr\/wp-json\/wp\/v2\/types\/product"}],"replies":[{"embeddable":true,"href":"https:\/\/www.soanam.de\/fr\/wp-json\/wp\/v2\/comments?post=77393"}],"wp:featuredmedia":[{"embeddable":true,"href":"https:\/\/www.soanam.de\/fr\/wp-json\/wp\/v2\/media\/77535"}],"wp:attachment":[{"href":"https:\/\/www.soanam.de\/fr\/wp-json\/wp\/v2\/media?parent=77393"}],"wp:term":[{"taxonomy":"product_brand","embeddable":true,"href":"https:\/\/www.soanam.de\/fr\/wp-json\/wp\/v2\/product_brand?post=77393"},{"taxonomy":"product_cat","embeddable":true,"href":"https:\/\/www.soanam.de\/fr\/wp-json\/wp\/v2\/product_cat?post=77393"},{"taxonomy":"product_tag","embeddable":true,"href":"https:\/\/www.soanam.de\/fr\/wp-json\/wp\/v2\/product_tag?post=77393"}],"curies":[{"name":"wp","href":"https:\/\/api.w.org\/{rel}","templated":true}]}}