{"id":77373,"date":"2023-12-13T20:49:54","date_gmt":"2023-12-13T19:49:54","guid":{"rendered":"https:\/\/www.soanam.de\/?post_type=product&#038;p=77373"},"modified":"2023-12-13T20:55:09","modified_gmt":"2023-12-13T19:55:09","slug":"john-devin-slim-fit-jeans-in-dark-blue-used-w38xl36","status":"publish","type":"product","link":"https:\/\/www.soanam.de\/fr\/produkt\/john-devin-slim-fit-jeans-in-dark-blue-used-w38xl36\/","title":{"rendered":"John Devin Jeans slim-fit, en bleu fonc\u00e9-us\u00e9, W38xL36"},"content":{"rendered":"<p>Slim-fit\/ forme \u00e9troite<br \/>\nJambe droite \u00e9troite, taille basse<br \/>\nL\u00e9ger lavage<br \/>\nCoupe parfaite gr\u00e2ce \u00e0 la pr\u00e9sence d'\u00e9lasthanne<\/p>\n<p>La coupe \u00e9troite du jean s'adapte \u00e9troitement \u00e0 tes jambes et les met en valeur.<br \/>\nUn jean classique \u00e0 la coupe parfaite pour tous les jours.<\/p>\n<p>Mati\u00e8re : 98% coton, 2% \u00e9lasthanne<br \/>\nConseils d'entretien : Lavage en machine \u00e0 40<\/p>\n<p>couleur : dark blue used<br \/>\nTaille : W38 L36<\/p>\n<p>Tour de taille : 96cm<br \/>\nTour de hanches : 118cm<br \/>\nLongueur d'entrejambe:92cm<br \/>\nlongueur totale : 122cm<\/p>","protected":false},"excerpt":{"rendered":"<table class=\"dv_characteristicsTable\">\n<tbody>\n<tr>\n<td class=\"left\">Taille<\/td>\n<td>38<\/td>\n<\/tr>\n<tr>\n<td class=\"left\">Hosenl\u00e4nge<\/td>\n<td>36<\/td>\n<\/tr>\n<tr>\n<td class=\"left\">Composition du mat\u00e9riau<\/td>\n<td>Obermaterial: 98% Baumwolle, 2% Elasthan<\/td>\n<\/tr>\n<tr>\n<td class=\"left\">Materialart<\/td>\n<td>Denim<\/td>\n<\/tr>\n<tr>\n<td class=\"left\">Materialeigenschaften<\/td>\n<td>elastisch<\/td>\n<\/tr>\n<tr>\n<td class=\"left\">Conseils d'entretien<\/td>\n<td>Lavage en machine<\/td>\n<\/tr>\n<tr>\n<td class=\"left\">Optik<\/td>\n<td>Abriebeffekte<\/td>\n<\/tr>\n<tr>\n<td class=\"left\">Stil<\/td>\n<td>modisch<\/td>\n<\/tr>\n<tr>\n<td class=\"left\">Waschung<\/td>\n<td>used<\/td>\n<\/tr>\n<tr>\n<td class=\"left\">Couleur<\/td>\n<td>darkblue, used<\/td>\n<\/tr>\n<tr>\n<td class=\"left\">Leibh\u00f6he<\/td>\n<td>niedriger<\/td>\n<\/tr>\n<tr>\n<td class=\"left\">Beinform<\/td>\n<td>schmal<\/td>\n<\/tr>\n<tr>\n<td class=\"left\">Coupe<\/td>\n<td>schmal<\/td>\n<\/tr>\n<tr>\n<td class=\"left\">Schnittform L\u00e4nge<\/td>\n<td>lang<\/td>\n<\/tr>\n<tr>\n<td class=\"left\">Passants de ceinture<\/td>\n<td>ja<\/td>\n<\/tr>\n<tr>\n<td class=\"left\">Applikationen<\/td>\n<td>Markenlabel<\/td>\n<\/tr>\n<tr>\n<td class=\"left\">Sacs<\/td>\n<td>Eingrifftaschen, Coinpocket, Ges\u00e4\u00dftaschen<\/td>\n<\/tr>\n<tr>\n<td class=\"left\">Verschluss<\/td>\n<td>4-Knopf-Form<\/td>\n<\/tr>\n<tr>\n<td class=\"left\">Besondere Merkmale<\/td>\n<td>mit Knopfleiste<\/td>\n<\/tr>\n<\/tbody>\n<\/table>","protected":false},"featured_media":77531,"comment_status":"open","ping_status":"closed","template":"","meta":{"_seopress_robots_primary_cat":"","_seopress_titles_title":"","_seopress_titles_desc":"","_seopress_robots_index":""},"product_brand":[],"product_cat":[1345,1346,1347],"product_tag":[],"class_list":{"0":"post-77373","1":"product","2":"type-product","3":"status-publish","4":"has-post-thumbnail","6":"product_cat-herrenmode","7":"product_cat-hosen","8":"product_cat-jeans","9":"product_shipping_class-standard-versand","11":"first","12":"instock","13":"taxable","14":"shipping-taxable","15":"purchasable","16":"product-type-simple"},"_links":{"self":[{"href":"https:\/\/www.soanam.de\/fr\/wp-json\/wp\/v2\/product\/77373","targetHints":{"allow":["GET"]}}],"collection":[{"href":"https:\/\/www.soanam.de\/fr\/wp-json\/wp\/v2\/product"}],"about":[{"href":"https:\/\/www.soanam.de\/fr\/wp-json\/wp\/v2\/types\/product"}],"replies":[{"embeddable":true,"href":"https:\/\/www.soanam.de\/fr\/wp-json\/wp\/v2\/comments?post=77373"}],"wp:featuredmedia":[{"embeddable":true,"href":"https:\/\/www.soanam.de\/fr\/wp-json\/wp\/v2\/media\/77531"}],"wp:attachment":[{"href":"https:\/\/www.soanam.de\/fr\/wp-json\/wp\/v2\/media?parent=77373"}],"wp:term":[{"taxonomy":"product_brand","embeddable":true,"href":"https:\/\/www.soanam.de\/fr\/wp-json\/wp\/v2\/product_brand?post=77373"},{"taxonomy":"product_cat","embeddable":true,"href":"https:\/\/www.soanam.de\/fr\/wp-json\/wp\/v2\/product_cat?post=77373"},{"taxonomy":"product_tag","embeddable":true,"href":"https:\/\/www.soanam.de\/fr\/wp-json\/wp\/v2\/product_tag?post=77373"}],"curies":[{"name":"wp","href":"https:\/\/api.w.org\/{rel}","templated":true}]}}