{"id":77372,"date":"2023-12-13T20:49:53","date_gmt":"2023-12-13T19:49:53","guid":{"rendered":"https:\/\/www.soanam.de\/?post_type=product&#038;p=77372"},"modified":"2023-12-13T20:55:04","modified_gmt":"2023-12-13T19:55:04","slug":"coeur-occasion-chemisier-en-soie-glace-creme-m-glace-rose-sur-tige-gr-40","status":"publish","type":"product","link":"https:\/\/www.soanam.de\/fr\/produkt\/herzens-angelegenheit-seidenbluse-eis-cremefarben-m-pinkem-eis-am-stiel-gr-40\/","title":{"rendered":"Blouse en soie pour affaires de coeur, cr\u00e8me avec glace rose, T.40"},"content":{"rendered":"<h3>Description<\/h3>\n<p>Ce motif attire l'attention sur ce chemisier en soie de la marque allemande HERZENSANGELEGENHEIT. Un motif \u00e0 pois bleus et un motif rose en forme d'esquimau rendent cette blouse plus douce. Le chemisier en soie a une encolure ronde qui se prolonge par une fente en V. Les coutures lat\u00e9rales sont munies de fentes et le dos de la blouse est plus long. Les manchettes sont ferm\u00e9es par des boutons en perles argent\u00e9es mates.<\/p>\n<h3>D\u00e9tails :<\/h3>\n<p>Mati\u00e8re : 62% soie, 29% viscose, 9% \u00e9lasthanne<br \/>\nConseil d'entretien : lavage \u00e0 la main<br \/>\nCouleur : Meringue\/Pool<br \/>\nTaille : 40<br \/>\nEncolure en V<br \/>\nCoupe droite<br \/>\nManchette<br \/>\n\u00c0 motifs<br \/>\nFokuhila<\/p>","protected":false},"excerpt":{"rendered":"<h3>Caract\u00e9ristiques de l'article<\/h3>\n<p>\u00c9tat de l'article : Nouveau avec \u00e9tiquette : article neuf, non utilis\u00e9 et non port\u00e9 dans son emballage d'origine<\/p>\n<p>Abteilung: Damen<br \/>\nAkzente: Falten<br \/>\nAnlass: Business, Elegant, Freizeit, Party\/Cocktail<br \/>\n\u00c4rmelart: lange \u00c4rmel mit Manschette<br \/>\nLongueur des manches : Manches longues<br \/>\nAusschnitt: V-Ausschnitt<br \/>\nBesonderheiten: Alle Jahreszeiten<br \/>\nCharakter: ohne<br \/>\nEAN: nichtzutreffend<br \/>\nCouleur : Cr\u00e8me<br \/>\nGewebeart: Satin<br \/>\nTaille : 40<br \/>\nGr\u00f6\u00dfenkategorie: Normalgr\u00f6\u00dfe<br \/>\nJahreszeit: Fr\u00fchling, Herbst, Winter<br \/>\nKragenart: kragenlos<br \/>\nMarke: Herzensangelegenheit<br \/>\nMaterial: Seide<br \/>\nMuster: Eis am Stiel<br \/>\nPassform: Regular<br \/>\nProduktart: Bluse<br \/>\nStil: Tunika<br \/>\nTextilpflege: Nur Handw\u00e4sche<br \/>\nThema: Eis<br \/>\nTr\u00e4ger-\/Riemenart: Nicht zutreffend<br \/>\nVintage: Nein<\/p>","protected":false},"featured_media":77527,"comment_status":"open","ping_status":"closed","template":"","meta":{"_seopress_robots_primary_cat":"","_seopress_titles_title":"","_seopress_titles_desc":"","_seopress_robots_index":""},"product_brand":[],"product_cat":[1348,1414,1415],"product_tag":[],"class_list":{"0":"post-77372","1":"product","2":"type-product","3":"status-publish","4":"has-post-thumbnail","6":"product_cat-damen-mode","7":"product_cat-blusen","8":"product_cat-langarm","9":"product_shipping_class-standard-versand","11":"first","12":"instock","13":"sale","14":"taxable","15":"shipping-taxable","16":"purchasable","17":"product-type-simple"},"_links":{"self":[{"href":"https:\/\/www.soanam.de\/fr\/wp-json\/wp\/v2\/product\/77372","targetHints":{"allow":["GET"]}}],"collection":[{"href":"https:\/\/www.soanam.de\/fr\/wp-json\/wp\/v2\/product"}],"about":[{"href":"https:\/\/www.soanam.de\/fr\/wp-json\/wp\/v2\/types\/product"}],"replies":[{"embeddable":true,"href":"https:\/\/www.soanam.de\/fr\/wp-json\/wp\/v2\/comments?post=77372"}],"wp:featuredmedia":[{"embeddable":true,"href":"https:\/\/www.soanam.de\/fr\/wp-json\/wp\/v2\/media\/77527"}],"wp:attachment":[{"href":"https:\/\/www.soanam.de\/fr\/wp-json\/wp\/v2\/media?parent=77372"}],"wp:term":[{"taxonomy":"product_brand","embeddable":true,"href":"https:\/\/www.soanam.de\/fr\/wp-json\/wp\/v2\/product_brand?post=77372"},{"taxonomy":"product_cat","embeddable":true,"href":"https:\/\/www.soanam.de\/fr\/wp-json\/wp\/v2\/product_cat?post=77372"},{"taxonomy":"product_tag","embeddable":true,"href":"https:\/\/www.soanam.de\/fr\/wp-json\/wp\/v2\/product_tag?post=77372"}],"curies":[{"name":"wp","href":"https:\/\/api.w.org\/{rel}","templated":true}]}}