{"id":77355,"date":"2023-12-13T20:49:27","date_gmt":"2023-12-13T19:49:27","guid":{"rendered":"https:\/\/www.soanam.de\/?post_type=product&#038;p=77355"},"modified":"2023-12-13T20:54:29","modified_gmt":"2023-12-13T19:54:29","slug":"jeans-boyfriend-please-p78a-en-bleu-used-taille-s","status":"publish","type":"product","link":"https:\/\/www.soanam.de\/fr\/produkt\/please-boyfriend-jeans-p78a-in-blue-used-groesse-s\/","title":{"rendered":"Jeans Please Boyfriend P78A, en bleu us\u00e9, taille S"},"content":{"rendered":"<p>Jeans made in Italy<br \/>\nBoyfriend-Jeans \"P78A\" das Original von Please<br \/>\nCoupe ajust\u00e9e avec hauteur de taille normale, patte de boutonnage<br \/>\ncoupe boyfriend, retroussable<br \/>\nDenim de haute qualit\u00e9 avec \u00e9lasthanne<\/p>\n<p>Le jean boyfriend a des effets us\u00e9s d\u00e9contract\u00e9s qui lui donnent un aspect us\u00e9.<br \/>\nSa coupe d\u00e9contract\u00e9e convient \u00e9galement aux silhouettes aux cuisses et aux mollets forts.<br \/>\nLa mati\u00e8re en coton stretch est super confortable.<\/p>\n<p>Mati\u00e8re : 98% coton, 2% \u00e9lasthanne<br \/>\nConseils d'entretien : Lavage en machine \u00e0 30\u00b0.<\/p>\n<p>Couleur : denim blue 0021<br \/>\nTaille : S<\/p>\n<p>Tour de taille : 72cm<br \/>\nTour de hanches : 94cm<br \/>\nLongueur d'entrejambe:73cm<br \/>\nlongueur totale : 99cm<\/p>","protected":false},"excerpt":{"rendered":"<table class=\"dv_characteristicsTable\">\n<tbody>\n<tr>\n<td class=\"left\">Taille<\/td>\n<td>S\/36<\/td>\n<\/tr>\n<tr>\n<td class=\"left\">Gr\u00f6\u00dfentyp<\/td>\n<td>Normalgr\u00f6\u00dfen<\/td>\n<\/tr>\n<tr>\n<td class=\"left\">Composition du mat\u00e9riau<\/td>\n<td>Obermaterial: 98% Baumwolle, 2% Elasthan<\/td>\n<\/tr>\n<tr>\n<td class=\"left\">Materialart<\/td>\n<td>Denim<\/td>\n<\/tr>\n<tr>\n<td class=\"left\">Materialeigenschaften<\/td>\n<td>elastisch, Stretch<\/td>\n<\/tr>\n<tr>\n<td class=\"left\">Conseils d'entretien<\/td>\n<td>Lavage en machine<\/td>\n<\/tr>\n<tr>\n<td class=\"left\">Optik<\/td>\n<td>unifarben<\/td>\n<\/tr>\n<tr>\n<td class=\"left\">Stil<\/td>\n<td>casual<\/td>\n<\/tr>\n<tr>\n<td class=\"left\">Herstellerfarbbezeichnung<\/td>\n<td>denim blue 0021<\/td>\n<\/tr>\n<tr>\n<td class=\"left\">Couleur<\/td>\n<td>denim, blue<\/td>\n<\/tr>\n<tr>\n<td class=\"left\">Leibh\u00f6he<\/td>\n<td>normal<\/td>\n<\/tr>\n<tr>\n<td class=\"left\">Beinform<\/td>\n<td>R\u00f6hre<\/td>\n<\/tr>\n<tr>\n<td class=\"left\">Beinabschlussdetails<\/td>\n<td>krempelbar<\/td>\n<\/tr>\n<tr>\n<td class=\"left\">Coupe<\/td>\n<td>relaxed fit<\/td>\n<\/tr>\n<tr>\n<td class=\"left\">Schnittform L\u00e4nge<\/td>\n<td>kn\u00f6chellang<\/td>\n<\/tr>\n<tr>\n<td class=\"left\">Passants de ceinture<\/td>\n<td>ja<\/td>\n<\/tr>\n<tr>\n<td class=\"left\">Applikationen<\/td>\n<td>Brandlabel innen, Nieten<\/td>\n<\/tr>\n<tr>\n<td class=\"left\">Sacs<\/td>\n<td>Eingrifftaschen, Ges\u00e4\u00dftaschen, Coinpocket<\/td>\n<\/tr>\n<tr>\n<td class=\"left\">Verschluss<\/td>\n<td>3-Knopf-Form<\/td>\n<\/tr>\n<tr>\n<td class=\"left\">Besondere Merkmale<\/td>\n<td>im Authentic Used Look<\/td>\n<\/tr>\n<\/tbody>\n<\/table>","protected":false},"featured_media":77513,"comment_status":"open","ping_status":"closed","template":"","meta":{"_seopress_robots_primary_cat":"","_seopress_titles_title":"","_seopress_titles_desc":"","_seopress_robots_index":""},"product_brand":[],"product_cat":[1348,1349,1350],"product_tag":[],"class_list":{"0":"post-77355","1":"product","2":"type-product","3":"status-publish","4":"has-post-thumbnail","6":"product_cat-damen-mode","7":"product_cat-hosen-damen-mode","8":"product_cat-jeans-hosen-damen-mode","9":"product_shipping_class-standard-versand","11":"first","12":"instock","13":"sale","14":"taxable","15":"shipping-taxable","16":"purchasable","17":"product-type-simple"},"_links":{"self":[{"href":"https:\/\/www.soanam.de\/fr\/wp-json\/wp\/v2\/product\/77355","targetHints":{"allow":["GET"]}}],"collection":[{"href":"https:\/\/www.soanam.de\/fr\/wp-json\/wp\/v2\/product"}],"about":[{"href":"https:\/\/www.soanam.de\/fr\/wp-json\/wp\/v2\/types\/product"}],"replies":[{"embeddable":true,"href":"https:\/\/www.soanam.de\/fr\/wp-json\/wp\/v2\/comments?post=77355"}],"wp:featuredmedia":[{"embeddable":true,"href":"https:\/\/www.soanam.de\/fr\/wp-json\/wp\/v2\/media\/77513"}],"wp:attachment":[{"href":"https:\/\/www.soanam.de\/fr\/wp-json\/wp\/v2\/media?parent=77355"}],"wp:term":[{"taxonomy":"product_brand","embeddable":true,"href":"https:\/\/www.soanam.de\/fr\/wp-json\/wp\/v2\/product_brand?post=77355"},{"taxonomy":"product_cat","embeddable":true,"href":"https:\/\/www.soanam.de\/fr\/wp-json\/wp\/v2\/product_cat?post=77355"},{"taxonomy":"product_tag","embeddable":true,"href":"https:\/\/www.soanam.de\/fr\/wp-json\/wp\/v2\/product_tag?post=77355"}],"curies":[{"name":"wp","href":"https:\/\/api.w.org\/{rel}","templated":true}]}}