{"id":77338,"date":"2023-12-13T20:48:48","date_gmt":"2023-12-13T19:48:48","guid":{"rendered":"https:\/\/www.soanam.de\/?post_type=product&#038;p=77338"},"modified":"2023-12-13T20:53:29","modified_gmt":"2023-12-13T19:53:29","slug":"logitech-webcam-c920-hd-pro-1080p-full-high-definition-avec-microphone-stream-skype","status":"publish","type":"product","link":"https:\/\/www.soanam.de\/fr\/produkt\/logitech-webcam-c920-hd-pro-1080p-full-high-definition-mit-mikrofon-stream-skype\/","title":{"rendered":"Logitech Webcam C920 HD PRO 1080p Full High Definition avec microphone Stream Skype"},"content":{"rendered":"<p>Logitech C920 Webcam 1920 x 1080 Pixel USB 2.0 Schwarz - Webcams (1920 x 1080 Pixel, 1080p,720p, H.264, 15 MP, USB 2.0, Schwarz)<\/p>\n<p>Stil: Ohne Privatsph\u00e4ren - Blende<br \/>\nMarque : Logitech<br \/>\nMod\u00e8le\/s\u00e9rie : C920 HD Pro Webcam<br \/>\nConnexions : USB 2.0<br \/>\nPoids de l'article : 113 grammes<\/p>\n<p>R\u00e9solution d'enregistrement vid\u00e9o : 1080p<br \/>\nTechnologie de capteur optique : CCD<br \/>\nTaille du capteur optique : 3MP<br \/>\nLongueur maximale du foyer : 1 millim\u00e8tre<\/p>\n<h3>A propos de cet article<\/h3>\n<p>FULL HD 1080P WEB CAM : enregistrez des clips vid\u00e9o HD vivants dont la qualit\u00e9 d'image est r\u00e9aliste et pure \u00e0 30 images par seconde. Capturez les moindres d\u00e9tails gr\u00e2ce \u00e0 la technologie de compression avanc\u00e9e H.264. Obtenez des t\u00e9l\u00e9chargements rapides et fluides 1099p vedio. La webcam est disponible via le port USB et ne n\u00e9cessite pas de lecteur suppl\u00e9mentaire, plug-and-play.<\/p>\n<p>SIMPLE \u00c0 INSTALLER : webcam USB plug-and-play avec microphone pour ordinateur portable PC et base r\u00e9glable, clip compatible avec tr\u00e9pied. Vous pouvez vous adapter aux vari\u00e9t\u00e9s qui aiment le bureau, le sol, les escaliers, la cl\u00f4ture, le jardin, l'ext\u00e9rieur.<\/p>\n<p>HIGH CLEAR MIC : microphone st\u00e9r\u00e9o num\u00e9rique int\u00e9gr\u00e9 avec fonction de r\u00e9duction du bruit. Rendez votre communication claire comme une conversation personnelle pendant le temps vid\u00e9o. Obtenez un appel vid\u00e9o parfait. Les appels vid\u00e9o, l'apprentissage, l'enseignement en ligne, les conf\u00e9rences, l'enregistrement, les jeux et les transmissions en direct sont si faciles \u00e0 r\u00e9aliser.<\/p>\n<p>Vaste COMPATIBILIT\u00c9 : la webcam HD est compatible avec Windows Mac Chrome OS, Smart TV et Android. La plupart des plates-formes de m\u00e9dias sociaux sont prises en charge pour Skype, TIK TOK, MSN Messenger, Windows Live Messenger et Yahoo Video Messenger.<\/p>","protected":false},"excerpt":{"rendered":"<h3>Caract\u00e9ristiques de l'article<\/h3>\n<p>Artikelzustand: Neuer, unbenutzter und nicht getragener Artikel in der Originalverpackung<\/p>\n<p>Angebotspaket: Nein<br \/>\nBefestigung: Universalhalterung<br \/>\nBesonderheiten: Integriertes Mikrofon, Autofokus<br \/>\nBilder pro Sekunde: 30<br \/>\nBildfrequenz: 30 fps<br \/>\nBreite: 71mm<br \/>\nEAN: 509920606137<br \/>\nCouleur : Noir<br \/>\nFunktionen: Auto-Belichtung<br \/>\nHerstellergarantie: 2 Jahre<br \/>\nHerstellernummer: 960-001055, 960-000769, 960-000768<br \/>\nHerstellungsland und -region: Deutschland<br \/>\nH\u00f6he: 43mm<br \/>\nKonnektivit\u00e4t: USB 2.0<br \/>\nL\u00e4nge: 94mm<br \/>\nMarque : Logitech<br \/>\nMax. Aufl\u00f6sung (Bild): 1920\u00d71080<br \/>\nMax. Aufl\u00f6sung (Video): 1920 x 1080<br \/>\nMaximale Bildaufl\u00f6sung: 1920 x 1080<br \/>\nMaximale Videoaufl\u00f6sung: 1080p<br \/>\nMikrofon integriert: Ja<br \/>\nModell: HD Pro Webcam C920<br \/>\nVerbindung: USB 2.0<\/p>","protected":false},"featured_media":77475,"comment_status":"open","ping_status":"closed","template":"","meta":{"_seopress_robots_primary_cat":"","_seopress_titles_title":"","_seopress_titles_desc":"","_seopress_robots_index":""},"product_brand":[],"product_cat":[1400,1411],"product_tag":[],"class_list":{"0":"post-77338","1":"product","2":"type-product","3":"status-publish","4":"has-post-thumbnail","6":"product_cat-wohnzubehoer","7":"product_cat-elektrogeraete","8":"product_shipping_class-standard-versand","10":"first","11":"instock","12":"sale","13":"taxable","14":"shipping-taxable","15":"purchasable","16":"product-type-simple"},"_links":{"self":[{"href":"https:\/\/www.soanam.de\/fr\/wp-json\/wp\/v2\/product\/77338","targetHints":{"allow":["GET"]}}],"collection":[{"href":"https:\/\/www.soanam.de\/fr\/wp-json\/wp\/v2\/product"}],"about":[{"href":"https:\/\/www.soanam.de\/fr\/wp-json\/wp\/v2\/types\/product"}],"replies":[{"embeddable":true,"href":"https:\/\/www.soanam.de\/fr\/wp-json\/wp\/v2\/comments?post=77338"}],"wp:featuredmedia":[{"embeddable":true,"href":"https:\/\/www.soanam.de\/fr\/wp-json\/wp\/v2\/media\/77475"}],"wp:attachment":[{"href":"https:\/\/www.soanam.de\/fr\/wp-json\/wp\/v2\/media?parent=77338"}],"wp:term":[{"taxonomy":"product_brand","embeddable":true,"href":"https:\/\/www.soanam.de\/fr\/wp-json\/wp\/v2\/product_brand?post=77338"},{"taxonomy":"product_cat","embeddable":true,"href":"https:\/\/www.soanam.de\/fr\/wp-json\/wp\/v2\/product_cat?post=77338"},{"taxonomy":"product_tag","embeddable":true,"href":"https:\/\/www.soanam.de\/fr\/wp-json\/wp\/v2\/product_tag?post=77338"}],"curies":[{"name":"wp","href":"https:\/\/api.w.org\/{rel}","templated":true}]}}