{"id":77336,"date":"2023-12-13T20:48:46","date_gmt":"2023-12-13T19:48:46","guid":{"rendered":"https:\/\/www.soanam.de\/?post_type=product&#038;p=77336"},"modified":"2023-12-13T20:53:00","modified_gmt":"2023-12-13T19:53:00","slug":"harmony-blazer-homme-victor-en-laine-mohair-noir-taille-44","status":"publish","type":"product","link":"https:\/\/www.soanam.de\/fr\/produkt\/harmony-herren-blazer-victor-aus-wolle-mohair-in-schwarz-groesse-44\/","title":{"rendered":"Harmony blazer homme \"Victor\" en laine &amp; mohair, noir, taille 44"},"content":{"rendered":"<h3>Description<\/h3>\n<p>Blazer \u00e0 manches longues en laine et mohair m\u00e9lang\u00e9s en noir.<br \/>\nCoupe \u00e9l\u00e9gante de type slim fit.<\/p>\n<h3>D\u00e9tails :<\/h3>\n<p>Manchettes de chirurgien avec quatre boutons.<br \/>\nDouble fente \u00e0 l'arri\u00e8re de l'ourlet.<br \/>\nBoutonni\u00e8re sur le col \u00e0 revers crant\u00e9.<br \/>\nFermeture \u00e0 boutons sur le devant.<br \/>\nPoche passepoil\u00e9e sur la poitrine.<br \/>\nPoches \u00e0 l'int\u00e9rieur.<br \/>\nCouleur du fournisseur : noir<br \/>\nPoches \u00e0 rabat \u00e0 la taille.<br \/>\nDoublure int\u00e9rieure ton sur ton en satin de viscose.<br \/>\nMat\u00e9riel tonal.<\/p>\n<h3>Mat\u00e9riaux &amp; entretien<\/h3>\n<p>73% Laine<br \/>\n27% Mohair<br \/>\nDoublure : 100% viscose<br \/>\nNettoyage \u00e0 sec recommand\u00e9<\/p>","protected":false},"excerpt":{"rendered":"<h3>Caract\u00e9ristiques de l'article<\/h3>\n<p>\u00c9tat de l'article : Nouveau avec \u00e9tiquette : article neuf, non utilis\u00e9 et non port\u00e9 dans son emballage d'origine<\/p>\n<p>Abteilung: Herren<br \/>\nAnlass: Business, Elegant, Hochzeit, Party\/Cocktail<br \/>\nBrustumfang: ohne Angabe<br \/>\nEAN: 3663613147585<br \/>\nCouleur : Noir<br \/>\nGewebeart: Wollmischung<br \/>\nTaille : 44<br \/>\nGr\u00f6\u00dfenkategorie: Normalgr\u00f6\u00dfe<br \/>\nJacken-\/Mantell\u00e4nge: Normal<br \/>\nJackenrevers-Form: Reversekragen<br \/>\nMarke: Harmony<br \/>\nMaterial: Mohair, Wolle<br \/>\nPassform: Slim<br \/>\nProduktart: Blazer<br \/>\nStil: Sakko<br \/>\nThema: Designer<br \/>\nVintage: Nein<\/p>","protected":false},"featured_media":77468,"comment_status":"open","ping_status":"closed","template":"","meta":{"_seopress_robots_primary_cat":"","_seopress_titles_title":"","_seopress_titles_desc":"","_seopress_robots_index":""},"product_brand":[],"product_cat":[1345,1368,1369],"product_tag":[],"class_list":{"0":"post-77336","1":"product","2":"type-product","3":"status-publish","4":"has-post-thumbnail","6":"product_cat-herrenmode","7":"product_cat-anzuege-anzugsteile","8":"product_cat-sakkos","9":"product_shipping_class-standard-versand","11":"first","12":"instock","13":"sale","14":"taxable","15":"shipping-taxable","16":"purchasable","17":"product-type-simple"},"_links":{"self":[{"href":"https:\/\/www.soanam.de\/fr\/wp-json\/wp\/v2\/product\/77336","targetHints":{"allow":["GET"]}}],"collection":[{"href":"https:\/\/www.soanam.de\/fr\/wp-json\/wp\/v2\/product"}],"about":[{"href":"https:\/\/www.soanam.de\/fr\/wp-json\/wp\/v2\/types\/product"}],"replies":[{"embeddable":true,"href":"https:\/\/www.soanam.de\/fr\/wp-json\/wp\/v2\/comments?post=77336"}],"wp:featuredmedia":[{"embeddable":true,"href":"https:\/\/www.soanam.de\/fr\/wp-json\/wp\/v2\/media\/77468"}],"wp:attachment":[{"href":"https:\/\/www.soanam.de\/fr\/wp-json\/wp\/v2\/media?parent=77336"}],"wp:term":[{"taxonomy":"product_brand","embeddable":true,"href":"https:\/\/www.soanam.de\/fr\/wp-json\/wp\/v2\/product_brand?post=77336"},{"taxonomy":"product_cat","embeddable":true,"href":"https:\/\/www.soanam.de\/fr\/wp-json\/wp\/v2\/product_cat?post=77336"},{"taxonomy":"product_tag","embeddable":true,"href":"https:\/\/www.soanam.de\/fr\/wp-json\/wp\/v2\/product_tag?post=77336"}],"curies":[{"name":"wp","href":"https:\/\/api.w.org\/{rel}","templated":true}]}}