{"id":77315,"date":"2023-12-13T20:47:58","date_gmt":"2023-12-13T19:47:58","guid":{"rendered":"https:\/\/www.soanam.de\/?post_type=product&#038;p=77315"},"modified":"2025-12-12T04:36:47","modified_gmt":"2025-12-12T03:36:47","slug":"lundhags-sac-a-dos-de-trekking-gneik-42-en-noir","status":"publish","type":"product","link":"https:\/\/www.soanam.de\/fr\/produkt\/lundhags-trekkingrucksack-gneik-42-in-schwarz\/","title":{"rendered":"Lundhags sac \u00e0 dos de trekking \"Gneik 42\" en noir"},"content":{"rendered":"<h3>Description<\/h3>\n<p>Sac \u00e0 dos technique, tr\u00e8s stable et agr\u00e9ablement ventil\u00e9 pour les trekkings de moyenne dur\u00e9e et les voyages. Des fonctions formidables - pour les excursions avec des chiens, \u00e0 ski avec une luge ou m\u00eame si l'on utilise de temps en temps des b\u00e2tons de trekking.<\/p>\n<p>Le Gneik est un sac \u00e0 dos technique pour les trajets de moyenne distance, les randonn\u00e9es ou les voyages, hiver comme \u00e9t\u00e9. Gr\u00e2ce \u00e0 son excellente stabilit\u00e9 et \u00e0 sa ventilation agr\u00e9able, ce sac \u00e0 dos est parfait aussi bien pour les randonn\u00e9es en tra\u00eeneau ou avec des chiens en hiver que pour le trekking en \u00e9t\u00e9. Les mod\u00e8les Gneik sont id\u00e9aux pour les randonn\u00e9es hivernales, car ils permettent d'attacher facilement les laisses de tra\u00eeneau ou de chien sans fixation suppl\u00e9mentaire. Des boucles et des fixations robustes en aluminium sont utilis\u00e9es et les sacs \u00e0 dos peuvent \u00eatre combin\u00e9s avec des mod\u00e8les plus petits de Lundhags pour un volume plus important. En outre, le Gneik est extr\u00eamement polyvalent gr\u00e2ce \u00e0 des curseurs de fermeture \u00e9clair facilitant le port de gants et \u00e0 des boucles de fixation pour les b\u00e2tons de trekking ou les piolets.<\/p>\n<p>Cadre ext\u00e9rieur rigide et plein pour faire face aux charges lourdes. Fabriqu\u00e9 \u00e0 partir de tiges en aluminium 6005-T6 de 8 mm pour une rigidit\u00e9 torsionnelle maximale.<\/p>\n<h3>D\u00e9tails<\/h3>\n<p>Dimensions : 53 x 32 x 21 cm<br \/>\nCouvercle du sac \u00e0 dos amovible et r\u00e9glable en hauteur avec deux compartiments zipp\u00e9s et parties lat\u00e9rales \u00e9lastiques<br \/>\nPoche avant cargo plaqu\u00e9e<br \/>\nanneaux en D sur les bretelles comme points d'attache<br \/>\nCompression double face<br \/>\nCeinture rembourr\u00e9e Duo-Density pour un meilleur confort en cas de charges importantes<br \/>\nDos ventil\u00e9 par le syst\u00e8me Air<br \/>\nPoches \u00e9lastiques<br \/>\nbandouli\u00e8res ergonomiques pour un confort de transport maximal<br \/>\nPoignet extensible avec double cordon de serrage pour un volume suppl\u00e9mentaire<br \/>\nfermeture frontale\/lat\u00e9rale par le haut ou par le bas<br \/>\n\u00c9quip\u00e9 pour syst\u00e8me d'hydratation<br \/>\nPr\u00e9par\u00e9 pour un volume suppl\u00e9mentaire pour la fixation de Jomlen 25, Gnaur +10 ou Knul 7<br \/>\nSangles perfor\u00e9es pour une fixation stable de l'\u00e9quipement suppl\u00e9mentaire<br \/>\npoids : 1620 g<br \/>\nTailles : 42 L<br \/>\ncurseurs de fermeture \u00e0 glissi\u00e8re adapt\u00e9s aux gants<br \/>\nSangles de compression sous le couvercle pour fixer les tentes<br \/>\nPoches zipp\u00e9es faciles d'acc\u00e8s et prot\u00e9g\u00e9es de l'eau sur la ceinture<br \/>\nCompatible avec les laisses de tra\u00eeneau et d'extenseur pour chiens<br \/>\nAjustable en haut gr\u00e2ce \u00e0 des boucles de serrage<br \/>\nBoucles d'attache sup\u00e9rieure et inf\u00e9rieure escamotables pour b\u00e2tons de trekking et piolets<br \/>\nPoign\u00e9e frontale robuste<br \/>\nlongueur du dos : 48 cm<br \/>\nArmature rigide en aluminium, r\u00e9sistante \u00e0 la torsion<br \/>\nSyst\u00e8me de portage en taille RL (Regular-Long : 48 cm)<br \/>\nBoucles indestructibles en aluminium de qualit\u00e9 a\u00e9ronautique<br \/>\nsangle de poitrine r\u00e9glable<\/p>\n<h3>Mat\u00e9riaux<\/h3>\n<p>LPC ECO Ripstop 65% Polyester 35% Organic Cotton (FC Free DWR) 231 g\/m2 PU-coating &gt;1.500 mm<br \/>\nPolyester ECO 100% Polyester Bluesign (FC Free DWR) 300 g\/m2 PU-coating &gt;1.500 mm<br \/>\nECO Liner 200D Poly Oxford 100% Polyester Bluesign (FC FREE DWR) 120 g\/m2 PU-coating &gt;1.000 mm<\/p>","protected":false},"excerpt":{"rendered":"<h3>Caract\u00e9ristiques de l'article<\/h3>\n<p>\u00c9tat de l'article : Nouveau avec \u00e9tiquette : article neuf, non utilis\u00e9 et non port\u00e9 dans son emballage d'origine<\/p>\n<p>Ausf\u00fchrung: Weichgep\u00e4ck<br \/>\nBesonderheiten: Extra F\u00e4chern, Wasserdicht<br \/>\nEAN: 7318731769343<br \/>\nCouleur : Noir<br \/>\nGeschlecht: Unisex<br \/>\nHerstellungsland und -region: Unbekannt<br \/>\nKapazit\u00e4t: 40 - 49 L<br \/>\nMarke: Lundhags<br \/>\nMaterial: Polyester, Baumwolle<br \/>\nModifizierter Artikel: Nein<br \/>\nRollen: Keine Rollen<\/p>","protected":false},"featured_media":77457,"comment_status":"open","ping_status":"closed","template":"","meta":{"_seopress_robots_primary_cat":"","_seopress_titles_title":"","_seopress_titles_desc":"","_seopress_robots_index":""},"product_brand":[],"product_cat":[1345,1348,1357,1358,1387,1408,1409,1410],"product_tag":[],"class_list":{"0":"post-77315","1":"product","2":"type-product","3":"status-publish","4":"has-post-thumbnail","6":"product_cat-herrenmode","7":"product_cat-damen-mode","8":"product_cat-accessoires","9":"product_cat-taschen","10":"product_cat-accessoires-herrenmode","11":"product_cat-rucksaecke","12":"product_cat-taschen-accessoires-herrenmode","13":"product_cat-rucksaecke-taschen-accessoires-herrenmode","14":"product_shipping_class-standard-versand","16":"first","17":"instock","18":"sale","19":"taxable","20":"shipping-taxable","21":"purchasable","22":"product-type-simple"},"_links":{"self":[{"href":"https:\/\/www.soanam.de\/fr\/wp-json\/wp\/v2\/product\/77315","targetHints":{"allow":["GET"]}}],"collection":[{"href":"https:\/\/www.soanam.de\/fr\/wp-json\/wp\/v2\/product"}],"about":[{"href":"https:\/\/www.soanam.de\/fr\/wp-json\/wp\/v2\/types\/product"}],"replies":[{"embeddable":true,"href":"https:\/\/www.soanam.de\/fr\/wp-json\/wp\/v2\/comments?post=77315"}],"wp:featuredmedia":[{"embeddable":true,"href":"https:\/\/www.soanam.de\/fr\/wp-json\/wp\/v2\/media\/77457"}],"wp:attachment":[{"href":"https:\/\/www.soanam.de\/fr\/wp-json\/wp\/v2\/media?parent=77315"}],"wp:term":[{"taxonomy":"product_brand","embeddable":true,"href":"https:\/\/www.soanam.de\/fr\/wp-json\/wp\/v2\/product_brand?post=77315"},{"taxonomy":"product_cat","embeddable":true,"href":"https:\/\/www.soanam.de\/fr\/wp-json\/wp\/v2\/product_cat?post=77315"},{"taxonomy":"product_tag","embeddable":true,"href":"https:\/\/www.soanam.de\/fr\/wp-json\/wp\/v2\/product_tag?post=77315"}],"curies":[{"name":"wp","href":"https:\/\/api.w.org\/{rel}","templated":true}]}}