{"id":77314,"date":"2023-12-13T20:47:58","date_gmt":"2023-12-13T19:47:58","guid":{"rendered":"https:\/\/www.soanam.de\/?post_type=product&#038;p=77314"},"modified":"2023-12-13T20:52:31","modified_gmt":"2023-12-13T19:52:31","slug":"only-ankle-jeans-blush-in-dark-blue-denim-gr-xsxl30","status":"publish","type":"product","link":"https:\/\/www.soanam.de\/fr\/produkt\/only-ankle-jeans-blush-in-dark-blue-denim-gr-xsxl30\/","title":{"rendered":"Only Jeans cheville BLUSH, en denim bleu fonc\u00e9, taille XSxL30"},"content":{"rendered":"<p>Jeans Blush skinny fit de Only<br \/>\nOurlets effiloch\u00e9s<br \/>\nLongueur de la cheville<br \/>\nDesign 5 poches<br \/>\nCoupe parfaite gr\u00e2ce au stretch<\/p>\n<p>Le denim a un style classique \u00e0 5 poches et sa coupe skinny \u00e0 la mode souligne la silhouette.<br \/>\nGr\u00e2ce \u00e0 sa teneur \u00e9lev\u00e9e en stretch, le jean skinny va comme un gant.<br \/>\nLe cool d\u00e9lavage us\u00e9, associ\u00e9 aux ourlets effiloch\u00e9s, apporte un petit plus au look.<\/p>\n<p>Mati\u00e8re : 94% coton, 4% polyester, 2% \u00e9lasthanne<br \/>\nConseils d'entretien : Lavage en machine \u00e0 40<\/p>\n<p>couleur : dark blue denim<br \/>\nTaille : XS L30<\/p>\n<p>Tour de taille : 55cm<br \/>\nTour de hanches : 71cm<br \/>\nLongueur d'entrejambe:65cm<br \/>\nlongueur totale : 90cm<\/p>","protected":false},"excerpt":{"rendered":"<table class=\"dv_characteristicsTable\">\n<tbody>\n<tr>\n<td class=\"left\">Taille<\/td>\n<td>XS<\/td>\n<\/tr>\n<tr>\n<td class=\"left\">Hosenl\u00e4nge<\/td>\n<td>30<\/td>\n<\/tr>\n<tr>\n<td class=\"left\">Composition du mat\u00e9riau<\/td>\n<td>Obermaterial: 94% Baumwolle, 4% Polyester, 2% Elasthan<\/td>\n<\/tr>\n<tr>\n<td class=\"left\">Materialart<\/td>\n<td>Denim<\/td>\n<\/tr>\n<tr>\n<td class=\"left\">Materialeigenschaften<\/td>\n<td>Stretch<\/td>\n<\/tr>\n<tr>\n<td class=\"left\">Conseils d'entretien<\/td>\n<td>Lavage en machine<\/td>\n<\/tr>\n<tr>\n<td class=\"left\">Optik<\/td>\n<td>gepflegt<\/td>\n<\/tr>\n<tr>\n<td class=\"left\">Stil<\/td>\n<td>casual<\/td>\n<\/tr>\n<tr>\n<td class=\"left\">Waschung<\/td>\n<td>washed<\/td>\n<\/tr>\n<tr>\n<td class=\"left\">Herstellerfarbbezeichnung<\/td>\n<td>denim bleu fonc\u00e9<\/td>\n<\/tr>\n<tr>\n<td class=\"left\">Couleur<\/td>\n<td>dark, blue, denim<\/td>\n<\/tr>\n<tr>\n<td class=\"left\">Leibh\u00f6he<\/td>\n<td>normal<\/td>\n<\/tr>\n<tr>\n<td class=\"left\">Beinform<\/td>\n<td>extra-eng<\/td>\n<\/tr>\n<tr>\n<td class=\"left\">Beinabschluss<\/td>\n<td>leicht ausgefranste Kante<\/td>\n<\/tr>\n<tr>\n<td class=\"left\">Coupe<\/td>\n<td>skinny fit<\/td>\n<\/tr>\n<tr>\n<td class=\"left\">Herstellerpassform<\/td>\n<td>Mid Skinny Ankle<\/td>\n<\/tr>\n<tr>\n<td class=\"left\">Schnittform L\u00e4nge<\/td>\n<td>kn\u00f6chellang<\/td>\n<\/tr>\n<tr>\n<td class=\"left\">Passants de ceinture<\/td>\n<td>ja<\/td>\n<\/tr>\n<tr>\n<td class=\"left\">Sacs<\/td>\n<td>Ges\u00e4\u00dftaschen, Eingrifftaschen, Coinpocket<\/td>\n<\/tr>\n<tr>\n<td class=\"left\">Verschluss<\/td>\n<td>1-Knopf-Form<\/td>\n<\/tr>\n<tr>\n<td class=\"left\">Besondere Merkmale<\/td>\n<td>ausgefranste S\u00e4ume<\/td>\n<\/tr>\n<\/tbody>\n<\/table>","protected":false},"featured_media":77453,"comment_status":"open","ping_status":"closed","template":"","meta":{"_seopress_robots_primary_cat":"","_seopress_titles_title":"","_seopress_titles_desc":"","_seopress_robots_index":""},"product_brand":[],"product_cat":[1348,1349,1350],"product_tag":[],"class_list":{"0":"post-77314","1":"product","2":"type-product","3":"status-publish","4":"has-post-thumbnail","6":"product_cat-damen-mode","7":"product_cat-hosen-damen-mode","8":"product_cat-jeans-hosen-damen-mode","9":"product_shipping_class-standard-versand","11":"first","12":"instock","13":"taxable","14":"shipping-taxable","15":"purchasable","16":"product-type-simple"},"_links":{"self":[{"href":"https:\/\/www.soanam.de\/fr\/wp-json\/wp\/v2\/product\/77314","targetHints":{"allow":["GET"]}}],"collection":[{"href":"https:\/\/www.soanam.de\/fr\/wp-json\/wp\/v2\/product"}],"about":[{"href":"https:\/\/www.soanam.de\/fr\/wp-json\/wp\/v2\/types\/product"}],"replies":[{"embeddable":true,"href":"https:\/\/www.soanam.de\/fr\/wp-json\/wp\/v2\/comments?post=77314"}],"wp:featuredmedia":[{"embeddable":true,"href":"https:\/\/www.soanam.de\/fr\/wp-json\/wp\/v2\/media\/77453"}],"wp:attachment":[{"href":"https:\/\/www.soanam.de\/fr\/wp-json\/wp\/v2\/media?parent=77314"}],"wp:term":[{"taxonomy":"product_brand","embeddable":true,"href":"https:\/\/www.soanam.de\/fr\/wp-json\/wp\/v2\/product_brand?post=77314"},{"taxonomy":"product_cat","embeddable":true,"href":"https:\/\/www.soanam.de\/fr\/wp-json\/wp\/v2\/product_cat?post=77314"},{"taxonomy":"product_tag","embeddable":true,"href":"https:\/\/www.soanam.de\/fr\/wp-json\/wp\/v2\/product_tag?post=77314"}],"curies":[{"name":"wp","href":"https:\/\/api.w.org\/{rel}","templated":true}]}}