{"id":77277,"date":"2023-12-13T20:46:47","date_gmt":"2023-12-13T19:46:47","guid":{"rendered":"https:\/\/www.soanam.de\/?post_type=product&#038;p=77277"},"modified":"2023-12-13T20:51:29","modified_gmt":"2023-12-13T19:51:29","slug":"nike-x-matthew-m-williams-haut-3-en-1-pour-femme-en-noir-taille-s","status":"publish","type":"product","link":"https:\/\/www.soanam.de\/fr\/produkt\/nike-x-matthew-m-williams-3-in-1-oberteil-fuer-damen-in-schwarz-groesse-s\/","title":{"rendered":"Haut 3 en 1 Nike x Matthew M. Williams pour Femmes, en noir, taille S"},"content":{"rendered":"<h3>Description<\/h3>\n<p>Le design polyvalent 3 en 1 peut \u00eatre port\u00e9 comme gilet ou comme soutien-gorge.<br \/>\nLe mat\u00e9riau qui \u00e9vacue la transpiration assure le confort par temps chaud, tandis que le mesh garantit une ventilation optimale aux endroits cl\u00e9s.<br \/>\nC'est l'\u00e9tape suivante de la formation, con\u00e7ue pour le sport, la culture et l'esprit.<\/p>\n<h3>Espace de rangement<\/h3>\n<p>La couche sup\u00e9rieure a \u00e9t\u00e9 con\u00e7ue comme un chest-rig pour l'espace de rangement et le confort de port. La doublure en Gore-Tex est d\u00e9perlante et te garde agr\u00e9ablement au sec pendant l'entra\u00eenement. Des sangles r\u00e9glables avec fermeture rapide permettent de l'enfiler et de l'enlever facilement ainsi qu'un ajustement personnalis\u00e9.<\/p>\n<h3>Se transforme en gilet<\/h3>\n<p>Enl\u00e8ve le chest-rig et tu verras appara\u00eetre un gilet. Il dispose d'un tissu tricot\u00e9 en forme de lentille qui lui donne de l'\u00e9clat et une sensation de souplesse. Les \u00e9l\u00e9ments en \u00e9lasthanne du v\u00eatement garantissent une libert\u00e9 de mouvement illimit\u00e9e.<\/p>\n<h3>Possibilit\u00e9s de port individuel<\/h3>\n<p>Le gilet peut \u00eatre retir\u00e9 par fermeture \u00e9clair, tu as alors un soutien-gorge pour un maintien frais et confortable.<\/p>\n<h3>Plus d'avantages<\/h3>\n<p>La poche frontale dans la couche sup\u00e9rieure offre un espace de rangement s\u00fbr pour tes essentiels.<br \/>\nLa technologie Dri-FIT assure un confort au sec.<br \/>\nGr\u00e2ce \u00e0 des \u00e9tudes de body mapping, nous avons plac\u00e9 du mesh au centre \u00e0 l'arri\u00e8re pour garantir une respirabilit\u00e9 optimale.<\/p>\n<h3>Informations sur les produits<\/h3>\n<p>Corps : 82 % nylon\/18 % \u00e9lasthanne ;<br \/>\nRecto : 100 % polyester.<br \/>\nInsert central arri\u00e8re : 87 % polyester\/13 % \u00e9lasthanne ;<br \/>\nMesh central arri\u00e8re : 81 % nylon\/19 % \u00e9lasthanne ;<br \/>\nGilet de corps : 89 % polyester\/11 % \u00e9lasthanne<br \/>\nLavage en machine<br \/>\nImporte<\/p>\n<h3>Taille et ajustement<\/h3>\n<p>Le mod\u00e8le porte la taille S pour une taille de 178 cm<br \/>\nForme standard pour un port d\u00e9contract\u00e9 et sans complication<\/p>","protected":false},"excerpt":{"rendered":"<h3>Caract\u00e9ristiques de l'article<\/h3>\n<p>\u00c9tat de l'article : Nouveau avec \u00e9tiquette : article neuf, non utilis\u00e9 et non port\u00e9 dans son emballage d'origine<\/p>\n<p>Abteilung: Damen<br \/>\nAktivit\u00e4t: Fitnessstudio &amp; Training<br \/>\nAnlass: Sport<br \/>\nLongueur des manches : Sans manches<br \/>\nAusschnitt: Runder Ausschnitt<br \/>\nBesonderheiten: Atmungsaktiv, Individuelle Tragem\u00f6glichkeiten, Schwei\u00dfableitend<br \/>\nCharakter: ohne<br \/>\nEAN: 194272898233<br \/>\nCouleur : Noir<br \/>\nTaille : S<br \/>\nGr\u00f6\u00dfenkategorie: Normalgr\u00f6\u00dfe<br \/>\nMarque : Nike<br \/>\nMaterial: 82 % Nylon\/18 % Elastan<br \/>\nMuster: Ohne Muster<br \/>\nPassform: Athletisch<br \/>\nProduktart: 3-in-1-Oberteil<br \/>\nStil: Bauchfrei<br \/>\nVintage: Nein<\/p>","protected":false},"featured_media":77413,"comment_status":"open","ping_status":"closed","template":"","meta":{"_seopress_robots_primary_cat":"","_seopress_titles_title":"","_seopress_titles_desc":"","_seopress_robots_index":""},"product_brand":[],"product_cat":[1348,1402,1403,1404],"product_tag":[],"class_list":{"0":"post-77277","1":"product","2":"type-product","3":"status-publish","4":"has-post-thumbnail","6":"product_cat-damen-mode","7":"product_cat-sportbekleidung-damen-mode","8":"product_cat-shirts","9":"product_cat-tops","10":"product_shipping_class-standard-versand","12":"first","13":"instock","14":"sale","15":"taxable","16":"shipping-taxable","17":"purchasable","18":"product-type-simple"},"_links":{"self":[{"href":"https:\/\/www.soanam.de\/fr\/wp-json\/wp\/v2\/product\/77277","targetHints":{"allow":["GET"]}}],"collection":[{"href":"https:\/\/www.soanam.de\/fr\/wp-json\/wp\/v2\/product"}],"about":[{"href":"https:\/\/www.soanam.de\/fr\/wp-json\/wp\/v2\/types\/product"}],"replies":[{"embeddable":true,"href":"https:\/\/www.soanam.de\/fr\/wp-json\/wp\/v2\/comments?post=77277"}],"wp:featuredmedia":[{"embeddable":true,"href":"https:\/\/www.soanam.de\/fr\/wp-json\/wp\/v2\/media\/77413"}],"wp:attachment":[{"href":"https:\/\/www.soanam.de\/fr\/wp-json\/wp\/v2\/media?parent=77277"}],"wp:term":[{"taxonomy":"product_brand","embeddable":true,"href":"https:\/\/www.soanam.de\/fr\/wp-json\/wp\/v2\/product_brand?post=77277"},{"taxonomy":"product_cat","embeddable":true,"href":"https:\/\/www.soanam.de\/fr\/wp-json\/wp\/v2\/product_cat?post=77277"},{"taxonomy":"product_tag","embeddable":true,"href":"https:\/\/www.soanam.de\/fr\/wp-json\/wp\/v2\/product_tag?post=77277"}],"curies":[{"name":"wp","href":"https:\/\/api.w.org\/{rel}","templated":true}]}}