{"id":77265,"date":"2023-12-13T20:46:21","date_gmt":"2023-12-13T19:46:21","guid":{"rendered":"https:\/\/www.soanam.de\/?post_type=product&#038;p=77265"},"modified":"2023-12-13T20:51:10","modified_gmt":"2023-12-13T19:51:10","slug":"only-sons-jeans-slim-fit-loom-life-in-black-w32xl30","status":"publish","type":"product","link":"https:\/\/www.soanam.de\/fr\/produkt\/only-sons-slim-fit-jeans-loom-life-in-black-w32xl30\/","title":{"rendered":"ONLY &amp; SONS Jeans slim LOOM Life, en noir, W32xL30"},"content":{"rendered":"<p>Jeans au look vintage branch\u00e9 avec fermeture \u00e0 boutons<br \/>\nSlim-fit\/ forme \u00e9troite, jambe \u00e9troite<br \/>\nFlexible et confortable gr\u00e2ce \u00e0 la pr\u00e9sence d'\u00e9lasthanne<\/p>\n<p>Le jean slim ajust\u00e9 de Only &amp; Sons \u00e0 la coupe \u00e9troite et pourtant super confortable gr\u00e2ce \u00e0 la qualit\u00e9 \u00e9lastique du denim.<br \/>\nIl s'agit d'un tube pour homme \u00e0 la mode, au look vintage tr\u00e8s en vogue.<\/p>\n<p>Mati\u00e8re : 99% coton, 1% \u00e9lasthanne<br \/>\nConseils d'entretien : Lavage en machine \u00e0 40<\/p>\n<p>couleur : black<br \/>\nTaille : W32 L30<\/p>\n<p>Tour de taille : 80cm<br \/>\nTour de hanches : 95cm<br \/>\nLongueur d'entrejambe : 74cm<br \/>\nlongueur totale : 101cm<\/p>","protected":false},"excerpt":{"rendered":"<table class=\"dv_characteristicsTable\">\n<tbody>\n<tr>\n<td class=\"left\">Taille<\/td>\n<td>32<\/td>\n<\/tr>\n<tr>\n<td class=\"left\">Hosenl\u00e4nge<\/td>\n<td>30<\/td>\n<\/tr>\n<tr>\n<td class=\"left\">Composition du mat\u00e9riau<\/td>\n<td>Obermaterial: 99% Baumwolle, 1% Elasthan<\/td>\n<\/tr>\n<tr>\n<td class=\"left\">Conseils d'entretien<\/td>\n<td>Lavage en machine<\/td>\n<\/tr>\n<tr>\n<td class=\"left\">Stil<\/td>\n<td>modisch<\/td>\n<\/tr>\n<tr>\n<td class=\"left\">Couleur<\/td>\n<td>black<\/td>\n<\/tr>\n<tr>\n<td class=\"left\">Leibh\u00f6he<\/td>\n<td>niedriger<\/td>\n<\/tr>\n<tr>\n<td class=\"left\">Beinform<\/td>\n<td>schmal<\/td>\n<\/tr>\n<tr>\n<td class=\"left\">Coupe<\/td>\n<td>schmal<\/td>\n<\/tr>\n<tr>\n<td class=\"left\">Sacs<\/td>\n<td>Coinpocket, Eingrifftaschen, Ges\u00e4\u00dftaschen<\/td>\n<\/tr>\n<tr>\n<td class=\"left\">Verschluss<\/td>\n<td>Patte de boutonnage<\/td>\n<\/tr>\n<\/tbody>\n<\/table>","protected":false},"featured_media":77409,"comment_status":"open","ping_status":"closed","template":"","meta":{"_seopress_robots_primary_cat":"","_seopress_titles_title":"","_seopress_titles_desc":"","_seopress_robots_index":""},"product_brand":[],"product_cat":[1345,1346,1347],"product_tag":[],"class_list":{"0":"post-77265","1":"product","2":"type-product","3":"status-publish","4":"has-post-thumbnail","6":"product_cat-herrenmode","7":"product_cat-hosen","8":"product_cat-jeans","9":"product_shipping_class-standard-versand","11":"first","12":"instock","13":"taxable","14":"shipping-taxable","15":"purchasable","16":"product-type-simple"},"_links":{"self":[{"href":"https:\/\/www.soanam.de\/fr\/wp-json\/wp\/v2\/product\/77265","targetHints":{"allow":["GET"]}}],"collection":[{"href":"https:\/\/www.soanam.de\/fr\/wp-json\/wp\/v2\/product"}],"about":[{"href":"https:\/\/www.soanam.de\/fr\/wp-json\/wp\/v2\/types\/product"}],"replies":[{"embeddable":true,"href":"https:\/\/www.soanam.de\/fr\/wp-json\/wp\/v2\/comments?post=77265"}],"wp:featuredmedia":[{"embeddable":true,"href":"https:\/\/www.soanam.de\/fr\/wp-json\/wp\/v2\/media\/77409"}],"wp:attachment":[{"href":"https:\/\/www.soanam.de\/fr\/wp-json\/wp\/v2\/media?parent=77265"}],"wp:term":[{"taxonomy":"product_brand","embeddable":true,"href":"https:\/\/www.soanam.de\/fr\/wp-json\/wp\/v2\/product_brand?post=77265"},{"taxonomy":"product_cat","embeddable":true,"href":"https:\/\/www.soanam.de\/fr\/wp-json\/wp\/v2\/product_cat?post=77265"},{"taxonomy":"product_tag","embeddable":true,"href":"https:\/\/www.soanam.de\/fr\/wp-json\/wp\/v2\/product_tag?post=77265"}],"curies":[{"name":"wp","href":"https:\/\/api.w.org\/{rel}","templated":true}]}}