{"id":77262,"date":"2023-12-13T20:46:20","date_gmt":"2023-12-13T19:46:20","guid":{"rendered":"https:\/\/www.soanam.de\/?post_type=product&#038;p=77262"},"modified":"2023-12-13T20:50:19","modified_gmt":"2023-12-13T19:50:19","slug":"didriksons-kenny-usx-parka-2-men-parka-impermeable-avec-doublure-interieure","status":"publish","type":"product","link":"https:\/\/www.soanam.de\/fr\/produkt\/didriksons-kenny-usx-parka-2-men-wasserdichter-parka-mit-innenfutter\/","title":{"rendered":"Didriksons Kenny USX Parka 2 Men - Parka imperm\u00e9able avec doublure int\u00e9rieure"},"content":{"rendered":"<h3>Description<\/h3>\n<p>Parka d'ext\u00e9rieur imperm\u00e9able et ergonomique avec doublure l\u00e9g\u00e8re en noir - taille S<\/p>\n<p>Kenny, une parka fine doubl\u00e9e pour hommes dans un mod\u00e8le plus long avec un design \u00e9pur\u00e9 et deux discr\u00e8tes poches suspendues \u00e0 l'avant. La parka est imperm\u00e9able et coupe-vent avec des coutures coll\u00e9es, parfaite pour les jours d'automne plus froids.<\/p>\n<p>La parka est fabriqu\u00e9e dans un tissu polyester doux et poss\u00e8de un d\u00e9tail soign\u00e9 : un cordon de serrage \u00e0 l'ext\u00e9rieur de la capuche. Les poignets et la capuche peuvent \u00eatre ajust\u00e9s selon les besoins. La parka a une fermeture \u00e9clair \u00e0 double sens sur le devant et un col haut et confortable qui prot\u00e8ge du vent froid, ainsi qu'une capuche fixe. Traitement d\u00e9perlant sans PFC.<\/p>\n<ul>\n<li>100 g \/ m\u00b2 Rembourrage principal<\/li>\n<li>zip frontal \u00e0 2 voies<\/li>\n<li>Respirant<\/li>\n<li>Respirabilit\u00e9 : (5) 5000 g \/ m\u00b2 \/ 24 h, ASTM E-96 BW STANDARD<\/li>\n<li>Accroche \u00e0 l'arri\u00e8re<\/li>\n<li>Drylevel DRY-10, toutes les coutures sont coll\u00e9es<\/li>\n<li>Poignets r\u00e9glables<\/li>\n<li>Capuche r\u00e9glable<\/li>\n<li>Coupe ergonomique<\/li>\n<li>Capuche fixe<\/li>\n<li>Doublure : 100% polyester (filet \/ taffetas)<\/li>\n<li>Poche de rangement moul\u00e9e<\/li>\n<li>Poignets \u00e9lastiques \u00e0 l'int\u00e9rieur<\/li>\n<li>Protection du menton<\/li>\n<li>Doublure l\u00e9g\u00e8re<\/li>\n<li>Mati\u00e8re : Polyester 100% (Polyester Weave, lamin\u00e9, ECO DWR Finish)<\/li>\n<li>M\u00e9dias pr\u00e9par\u00e9s<\/li>\n<li>Plusieurs poches int\u00e9rieures<\/li>\n<li>Sac Napol\u00e9on<\/li>\n<li>fermeture \u00e9clair avec rabat coupe-vent sur le devant<\/li>\n<li>longueur du dos : 101 cm<\/li>\n<li>Niveau de chaleur : 13 (doublure l\u00e9g\u00e8re)<\/li>\n<li>imperm\u00e9able (toutes les coutures sont piqu\u00e9es)<\/li>\n<li>colonne d'eau : 10.000 mm<\/li>\n<li>Imperm\u00e9able au vent et respirant<\/li>\n<\/ul>","protected":false},"excerpt":{"rendered":"<h3>Caract\u00e9ristiques de l'article<\/h3>\n<p>\u00c9tat de l'article : Nouveau avec \u00e9tiquette : article neuf, non utilis\u00e9 et non port\u00e9 dans son emballage d'origine<\/p>\n<p>Angebotspaket: Nein<br \/>\nEAN: 7332627781394<br \/>\nCouleur : Noir<br \/>\nTaille : S<br \/>\nHerstellungsland und -region: Schweden<br \/>\nMarke: DIDRIKSONS 1913<br \/>\nMati\u00e8re : polyester<br \/>\nModell: Kenny<br \/>\nModifizierter Artikel: Nein<br \/>\nParties d'origine animale : Non<\/p>","protected":false},"featured_media":77387,"comment_status":"open","ping_status":"closed","template":"","meta":{"_seopress_robots_primary_cat":"","_seopress_titles_title":"","_seopress_titles_desc":"","_seopress_robots_index":""},"product_brand":[],"product_cat":[1345,1363,1389],"product_tag":[],"class_list":{"0":"post-77262","1":"product","2":"type-product","3":"status-publish","4":"has-post-thumbnail","6":"product_cat-herrenmode","7":"product_cat-jacken-maentel-herrenmode","8":"product_cat-parkas","9":"product_shipping_class-standard-versand","11":"first","12":"instock","13":"sale","14":"taxable","15":"shipping-taxable","16":"purchasable","17":"product-type-simple"},"_links":{"self":[{"href":"https:\/\/www.soanam.de\/fr\/wp-json\/wp\/v2\/product\/77262","targetHints":{"allow":["GET"]}}],"collection":[{"href":"https:\/\/www.soanam.de\/fr\/wp-json\/wp\/v2\/product"}],"about":[{"href":"https:\/\/www.soanam.de\/fr\/wp-json\/wp\/v2\/types\/product"}],"replies":[{"embeddable":true,"href":"https:\/\/www.soanam.de\/fr\/wp-json\/wp\/v2\/comments?post=77262"}],"wp:featuredmedia":[{"embeddable":true,"href":"https:\/\/www.soanam.de\/fr\/wp-json\/wp\/v2\/media\/77387"}],"wp:attachment":[{"href":"https:\/\/www.soanam.de\/fr\/wp-json\/wp\/v2\/media?parent=77262"}],"wp:term":[{"taxonomy":"product_brand","embeddable":true,"href":"https:\/\/www.soanam.de\/fr\/wp-json\/wp\/v2\/product_brand?post=77262"},{"taxonomy":"product_cat","embeddable":true,"href":"https:\/\/www.soanam.de\/fr\/wp-json\/wp\/v2\/product_cat?post=77262"},{"taxonomy":"product_tag","embeddable":true,"href":"https:\/\/www.soanam.de\/fr\/wp-json\/wp\/v2\/product_tag?post=77262"}],"curies":[{"name":"wp","href":"https:\/\/api.w.org\/{rel}","templated":true}]}}