{"id":77247,"date":"2023-12-13T20:45:45","date_gmt":"2023-12-13T19:45:45","guid":{"rendered":"https:\/\/www.soanam.de\/?post_type=product&#038;p=77247"},"modified":"2023-12-13T20:50:11","modified_gmt":"2023-12-13T19:50:11","slug":"moov-boots-wellington-bottes-au-genou-en-mouton-dore","status":"publish","type":"product","link":"https:\/\/www.soanam.de\/fr\/produkt\/moov-boots-wellington-stiefel-kniehoher-schaffellstiefel-goldmuster\/","title":{"rendered":"Moov Boots - Bottes Wellington, bottes en peau de mouton jusqu'au genou, motif dor\u00e9"},"content":{"rendered":"<p>Moov Boots - Wellington Stiefel, kniehoher Schaffellstiefel, Goldmuster, Gr. 41<\/p>\n<h3>Description<\/h3>\n<p>Moov-Stiefel sind keine gew\u00f6hnlichen Gummistiefel. Sie sind mit Stil und Flair gestaltet und an die Konturen Ihres Beins und Ihrer F\u00fc\u00dfe angepasst. Sie sind mit 100% Merino-Schaffell gef\u00fcttert. Diese Moov-Stiefel halten Sie auch bei kaltem Wetter warm. Benannt nach imagin\u00e4ren \"Femme Fatales\" verleihen die Dark Angels Moov Boots einen schw\u00fclen Stil, gemischt mit einem glamour\u00f6sen Goldmuster<\/p>\n<h3>D\u00e9tails<\/h3>\n<p>Moov Stiefel Savannah Dark Angels Kniehoher Schaffellstiefel<br \/>\nWellington Stiefel voll wasserdichte Schale<br \/>\nGef\u00fcttert mit 100% Merino Schaffell f\u00fcr W\u00e4rme<br \/>\nMit Folie ausgekleidete Einlegesohlen, um die K\u00e4lte abzuwehren<br \/>\nSchwarze Basis mit mattem Goldmuster<br \/>\nSchmeichelhaftes Engelsoberteil<\/p>\n<ul>\n<li>Kniehohe 40 cm<\/li>\n<li>Voll wasserdicht<\/li>\n<li>100% Merino Schaffell Futter<\/li>\n<li>Mit Folie ausgekleidete Einlegesohlen, um die aufsteigende K\u00e4lte abzuwehren<\/li>\n<\/ul>","protected":false},"excerpt":{"rendered":"<h3>Caract\u00e9ristiques de l'article<\/h3>\n<p>Artikelzustand: Neu ohne Etikett, Neuer, unbenutzter und nicht getragener Artikel ohne Originalverpackung<\/p>\n<p>Absatzart: Flach<br \/>\nAbsatzh\u00f6he: Flach (Kleiner als 2,5 cm)<br \/>\nAbteilung: Damen<br \/>\nAkzente: Fellbesatz<br \/>\nAU-Schuhgr\u00f6\u00dfe: ohne Angabe<br \/>\nBesonderheiten: Gef\u00fcttert<br \/>\nCharakter: ohne<br \/>\nEU-Schuhgr\u00f6\u00dfe: EUR 41<br \/>\nFarbe: Schwarz\/Gold<br \/>\nFuttermaterial: Merino Schaffell<br \/>\nIndividualisiert: Nein<br \/>\nInnensohlenmaterial: folien\u00fcberzogen<br \/>\nJahreszeit: Winter<br \/>\nLaufsohlenmaterial: Gummi<br \/>\nMarke: Moov Boots<br \/>\nModell: Savannah Dark Angel<br \/>\nObermaterial: Gummi<br \/>\nProduktart: Stiefel<br \/>\nSchuhschaft-Typ: Kniehoch<br \/>\nSchuhweite: F<br \/>\nStil: Gummistiefel<br \/>\nThema: Outdoor<br \/>\nUK-Schuhgr\u00f6\u00dfe: UK 8<br \/>\nUS-Schuhgr\u00f6\u00dfe: US 10<br \/>\nVintage: Nein<\/p>","protected":false},"featured_media":77382,"comment_status":"open","ping_status":"closed","template":"","meta":{"_seopress_robots_primary_cat":"","_seopress_titles_title":"","_seopress_titles_desc":"","_seopress_robots_index":""},"product_brand":[],"product_cat":[1348,1360,1385,1399],"product_tag":[],"class_list":{"0":"post-77247","1":"product","2":"type-product","3":"status-publish","4":"has-post-thumbnail","6":"product_cat-damen-mode","7":"product_cat-schuhe","8":"product_cat-stiefel","9":"product_cat-regenstiefel","10":"product_shipping_class-standard-versand","12":"first","13":"instock","14":"sale","15":"taxable","16":"shipping-taxable","17":"purchasable","18":"product-type-simple"},"_links":{"self":[{"href":"https:\/\/www.soanam.de\/fr\/wp-json\/wp\/v2\/product\/77247","targetHints":{"allow":["GET"]}}],"collection":[{"href":"https:\/\/www.soanam.de\/fr\/wp-json\/wp\/v2\/product"}],"about":[{"href":"https:\/\/www.soanam.de\/fr\/wp-json\/wp\/v2\/types\/product"}],"replies":[{"embeddable":true,"href":"https:\/\/www.soanam.de\/fr\/wp-json\/wp\/v2\/comments?post=77247"}],"wp:featuredmedia":[{"embeddable":true,"href":"https:\/\/www.soanam.de\/fr\/wp-json\/wp\/v2\/media\/77382"}],"wp:attachment":[{"href":"https:\/\/www.soanam.de\/fr\/wp-json\/wp\/v2\/media?parent=77247"}],"wp:term":[{"taxonomy":"product_brand","embeddable":true,"href":"https:\/\/www.soanam.de\/fr\/wp-json\/wp\/v2\/product_brand?post=77247"},{"taxonomy":"product_cat","embeddable":true,"href":"https:\/\/www.soanam.de\/fr\/wp-json\/wp\/v2\/product_cat?post=77247"},{"taxonomy":"product_tag","embeddable":true,"href":"https:\/\/www.soanam.de\/fr\/wp-json\/wp\/v2\/product_tag?post=77247"}],"curies":[{"name":"wp","href":"https:\/\/api.w.org\/{rel}","templated":true}]}}