{"id":77217,"date":"2023-12-13T20:43:26","date_gmt":"2023-12-13T19:43:26","guid":{"rendered":"https:\/\/www.soanam.de\/?post_type=product&#038;p=77217"},"modified":"2023-12-13T20:49:34","modified_gmt":"2023-12-13T19:49:34","slug":"pt-torino-pantalon-en-laine-homme-slim-fit-pantalon-business","status":"publish","type":"product","link":"https:\/\/www.soanam.de\/fr\/produkt\/pt-torino-herren-wollhose-slim-fit-businesshose\/","title":{"rendered":"PT Torino Hommes Pantalon en laine 'Slim Fit' Pantalon d'affaires"},"content":{"rendered":"<h3>D\u00e9tails<\/h3>\n<p>Als elegantes Modell in geschmeidiger und leicht stretchiger Schurwollqualit\u00e4t hat die Wollhose 'Slim Fit' von PT TORINO beste Chancen zum Favoriten f\u00fcr zahlreiche Business-Outfits zu werden.<\/p>\n<ul>\n<li>laine vierge l\u00e9g\u00e8rement \u00e9lastique<\/li>\n<li>toucher doux<\/li>\n<li>qualit\u00e9 l\u00e9g\u00e8rement foul\u00e9e<\/li>\n<li>Coupe slim<\/li>\n<li>\u00e0 la forme \u00e9troite<\/li>\n<li>fermeture \u00e9clair et boutons de ceinture<\/li>\n<li>sacs fran\u00e7ais<\/li>\n<li>petite poche pour montre<\/li>\n<li>Poches arri\u00e8re avec bouton<\/li>\n<li>longueur ouverte<\/li>\n<\/ul>\n<p>Mati\u00e8re : 98% laine vierge, 2% \u00e9lasthanne<br \/>\nMod\u00e8le : Slim Fit<br \/>\nConseils d'entretien : Ne pas laver<\/p>","protected":false},"excerpt":{"rendered":"<h3>Caract\u00e9ristiques de l'article<\/h3>\n<p>\u00c9tat de l'article : Nouveau avec \u00e9tiquette : article neuf, non utilis\u00e9 et non port\u00e9 dans son emballage d'origine<\/p>\n<p>Abteilung: Herren<br \/>\nAnlass: Business<br \/>\nBeinform: Tapered<br \/>\nBesonderheiten: kleine Uhrentasche<br \/>\nFarbe: Grau<br \/>\nGewebeart: Schurwolle<br \/>\nTaille : 46<br \/>\nGr\u00f6\u00dfenkategorie: Normalgr\u00f6\u00dfe<br \/>\nHerstellungsland und -region: Italien<br \/>\nJahreszeit: Fr\u00fchling, Herbst<br \/>\nMarke: Torino<br \/>\nMati\u00e8re : 98% laine vierge, 2% \u00e9lasthanne<br \/>\nMuster: Ohne Muster<br \/>\nPassform: Slim<br \/>\nProduktart: Hosen<br \/>\nSchrittl\u00e4nge: ohne Angabe<br \/>\nStil: Anzughose<br \/>\nTaillenumfang: ohne Angabe<br \/>\nThema: Adrett<br \/>\nfermeture : fermeture \u00e9clair<br \/>\nVintage: Nein<\/p>","protected":false},"featured_media":77357,"comment_status":"open","ping_status":"closed","template":"","meta":{"_seopress_robots_primary_cat":"","_seopress_titles_title":"","_seopress_titles_desc":"","_seopress_robots_index":""},"product_brand":[],"product_cat":[1345,1346,1398],"product_tag":[],"class_list":{"0":"post-77217","1":"product","2":"type-product","3":"status-publish","4":"has-post-thumbnail","6":"product_cat-herrenmode","7":"product_cat-hosen","8":"product_cat-businesshosen","9":"product_shipping_class-standard-versand","11":"first","12":"instock","13":"sale","14":"taxable","15":"shipping-taxable","16":"purchasable","17":"product-type-simple"},"_links":{"self":[{"href":"https:\/\/www.soanam.de\/fr\/wp-json\/wp\/v2\/product\/77217","targetHints":{"allow":["GET"]}}],"collection":[{"href":"https:\/\/www.soanam.de\/fr\/wp-json\/wp\/v2\/product"}],"about":[{"href":"https:\/\/www.soanam.de\/fr\/wp-json\/wp\/v2\/types\/product"}],"replies":[{"embeddable":true,"href":"https:\/\/www.soanam.de\/fr\/wp-json\/wp\/v2\/comments?post=77217"}],"wp:featuredmedia":[{"embeddable":true,"href":"https:\/\/www.soanam.de\/fr\/wp-json\/wp\/v2\/media\/77357"}],"wp:attachment":[{"href":"https:\/\/www.soanam.de\/fr\/wp-json\/wp\/v2\/media?parent=77217"}],"wp:term":[{"taxonomy":"product_brand","embeddable":true,"href":"https:\/\/www.soanam.de\/fr\/wp-json\/wp\/v2\/product_brand?post=77217"},{"taxonomy":"product_cat","embeddable":true,"href":"https:\/\/www.soanam.de\/fr\/wp-json\/wp\/v2\/product_cat?post=77217"},{"taxonomy":"product_tag","embeddable":true,"href":"https:\/\/www.soanam.de\/fr\/wp-json\/wp\/v2\/product_tag?post=77217"}],"curies":[{"name":"wp","href":"https:\/\/api.w.org\/{rel}","templated":true}]}}