{"id":77093,"date":"2023-12-13T20:35:27","date_gmt":"2023-12-13T19:35:27","guid":{"rendered":"https:\/\/www.soanam.de\/?post_type=product&#038;p=77093"},"modified":"2023-12-13T20:46:34","modified_gmt":"2023-12-13T19:46:34","slug":"ingersoll-hommes-montre-bracelet-en-acier-inoxydable-boitier-en-argent","status":"publish","type":"product","link":"https:\/\/www.soanam.de\/fr\/produkt\/ingersoll-herren-uhr-edelstahlarmband-gehaeuse-in-silber\/","title":{"rendered":"Ingersoll Montre homme, bracelet en acier inoxydable \/ bo\u00eetier en argent"},"content":{"rendered":"<p>Ingersoll Herren Uhr mit Silber Edelstahlarmband \/ Edelstahlgeh\u00e4use \/ The Scovill I06201 in edler Holzbox + Lederetui<\/p>\n<h3>Description<\/h3>\n<p>Altersempfehlung: Erwachsene<br \/>\nAntrieb: Quarz<br \/>\nAnzeigeformat: Analog<br \/>\nArmband: Edelstahl<br \/>\nArmbandfarbe: Silber<br \/>\nArmbandmaterial: Edelstahl<br \/>\nATM: 10<br \/>\nBezeichnung: HAU, The Scovill 43mm<br \/>\nFunktion: Chronograph, lumineszierende Zeiger und Ziffern<br \/>\nGeh\u00e4use: Edelstahl<br \/>\nSexe : Homme<br \/>\nGlas: geh\u00e4rtetes Mineralglas<br \/>\nHerstellungsland und -region: Deutschland<br \/>\nMarke: Ingersoll Rand<br \/>\nProduktart: Armbanduhr<br \/>\nTyp: The Scovill<br \/>\nUhrengeh\u00e4use-Farbe: Silber<br \/>\nUhrengeh\u00e4use-Gr\u00f6\u00dfe: 40-43,5mm<br \/>\nUhrengeh\u00e4use-Material: Edelstahl<br \/>\nUhrwerk: Mechanisch (Automatisch)<br \/>\nWerk: Miyota 6S20<br \/>\nZifferblatt: schwarz<\/p>\n<h3>Contenu de la livraison<\/h3>\n<p>Authenticity Card<br \/>\nedle Holzbox\/Geschenkverpackung<br \/>\nHerrenuhr<br \/>\nInstruction Book<br \/>\nLederetui<br \/>\nService Book<\/p>","protected":false},"excerpt":{"rendered":"<h3>Caract\u00e9ristiques de l'article<\/h3>\n<p>\u00c9tat de l'article : Nouveau avec \u00e9tiquette : article neuf, non utilis\u00e9 et non port\u00e9 dans son emballage d'origine<\/p>\n<p>Abteilung: Herren<br \/>\nAltersempfehlung: Erwachsene<br \/>\nAnzeigeformat: Analog<br \/>\nArmbandbreite: 22mm<br \/>\nArmbandfarbe: Silber<br \/>\nArmbandmaterial: Edelstahl<br \/>\nBesonderheiten: Mineralglas<br \/>\nGeh\u00e4usegr\u00f6\u00dfe: 40-43,5mm<br \/>\nGeh\u00e4usematerial: Edelstahl<br \/>\nHerstellungsjahr: Ab 2010<br \/>\nHerstellungsland und -region: Deutschland<br \/>\nIndividualisiert: Nein<br \/>\nL\u00fcnettenfarbe: ohne Angabe<br \/>\nMarke: Ingersoll Rand<br \/>\nMit Original-Box\/Originalverpackung: Ja<br \/>\nMit Original-Papieren: Ja<br \/>\nModell: The Scovill<br \/>\nProduktart: Armbanduhr<br \/>\nReferenznummer: I06201<br \/>\nStil: Klassisch<br \/>\nUhrenform: Rund<br \/>\nUhrengeh\u00e4use-Farbe: Silber<br \/>\nUhrengeh\u00e4use-Material: Edelstahl<br \/>\nUhrwerk: Mechanisch (Automatisch)<br \/>\nWasserdichtigkeit: 100 m (10 ATM)<br \/>\nZifferblatt-Einteilung: Nicht-Numerische Stundenstriche<br \/>\nZifferblattfarbe: Schwarz<\/p>","protected":false},"featured_media":77266,"comment_status":"open","ping_status":"closed","template":"","meta":{"_seopress_robots_primary_cat":"","_seopress_titles_title":"","_seopress_titles_desc":"","_seopress_robots_index":""},"product_brand":[],"product_cat":[1345,1387,1388],"product_tag":[],"class_list":{"0":"post-77093","1":"product","2":"type-product","3":"status-publish","4":"has-post-thumbnail","6":"product_cat-herrenmode","7":"product_cat-accessoires-herrenmode","8":"product_cat-uhren","9":"product_shipping_class-standard-versand","11":"first","12":"instock","13":"sale","14":"taxable","15":"shipping-taxable","16":"purchasable","17":"product-type-simple"},"_links":{"self":[{"href":"https:\/\/www.soanam.de\/fr\/wp-json\/wp\/v2\/product\/77093","targetHints":{"allow":["GET"]}}],"collection":[{"href":"https:\/\/www.soanam.de\/fr\/wp-json\/wp\/v2\/product"}],"about":[{"href":"https:\/\/www.soanam.de\/fr\/wp-json\/wp\/v2\/types\/product"}],"replies":[{"embeddable":true,"href":"https:\/\/www.soanam.de\/fr\/wp-json\/wp\/v2\/comments?post=77093"}],"wp:featuredmedia":[{"embeddable":true,"href":"https:\/\/www.soanam.de\/fr\/wp-json\/wp\/v2\/media\/77266"}],"wp:attachment":[{"href":"https:\/\/www.soanam.de\/fr\/wp-json\/wp\/v2\/media?parent=77093"}],"wp:term":[{"taxonomy":"product_brand","embeddable":true,"href":"https:\/\/www.soanam.de\/fr\/wp-json\/wp\/v2\/product_brand?post=77093"},{"taxonomy":"product_cat","embeddable":true,"href":"https:\/\/www.soanam.de\/fr\/wp-json\/wp\/v2\/product_cat?post=77093"},{"taxonomy":"product_tag","embeddable":true,"href":"https:\/\/www.soanam.de\/fr\/wp-json\/wp\/v2\/product_tag?post=77093"}],"curies":[{"name":"wp","href":"https:\/\/api.w.org\/{rel}","templated":true}]}}