{"id":77076,"date":"2023-12-13T20:35:03","date_gmt":"2023-12-13T19:35:03","guid":{"rendered":"https:\/\/www.soanam.de\/?post_type=product&#038;p=77076"},"modified":"2023-12-13T20:46:01","modified_gmt":"2023-12-13T19:46:01","slug":"tommy-jeans-nora-mr-skny-jdbst-in-dunkel-blau-w33xl32","status":"publish","type":"product","link":"https:\/\/www.soanam.de\/fr\/produkt\/tommy-jeans-nora-mr-skny-jdbst-in-dunkel-blau-w33xl32\/","title":{"rendered":"Tommy Jeans NORA MR SKNY JDBST, en bleu fonc\u00e9 , W33xL32"},"content":{"rendered":"<p>Skinny Jeans<br \/>\nDenim Stretch<br \/>\nstyle 5 poches<br \/>\nNormaler Bund<br \/>\nWashed Optik<br \/>\nfermeture : fermeture \u00e9clair<br \/>\nAufgesetzte Tommy Streifen auf der M\u00fcnztasche<br \/>\nAufgesetztes Tommy Jeans Logo am Taillen Bund<br \/>\nAufgestickte Tommy Hilfiger Flagge auf der Ges\u00e4\u00df Taschen<\/p>\n<p>La coupe \u00e9troite du jean s'adapte \u00e9troitement \u00e0 tes jambes et les met en valeur.<br \/>\nLa mati\u00e8re en coton stretch du denim est facile d'entretien et super confortable.<\/p>\n<p>Material: 92% Baumwolle, 6% Elastomultiester, 2% Elasthan<br \/>\nConseils d'entretien : Lavage en machine \u00e0 40<\/p>\n<p>Farbe: Jade Dark Blue Str<br \/>\nTaille : W33 L32<\/p>\n<p>Tour de taille : 84cm<br \/>\nTour de hanches : 98cm<br \/>\nLongueur d'entrejambe:77cm<br \/>\nlongueur totale : 103cm<\/p>","protected":false},"excerpt":{"rendered":"<p>Skinny Jeans<br \/>\nDenim Stretch<br \/>\nstyle 5 poches<br \/>\nNormaler Bund<br \/>\nWashed Optik<br \/>\nfermeture : fermeture \u00e9clair<br \/>\nAufgesetzte Tommy Streifen auf der M\u00fcnztasche<br \/>\nAufgesetztes Tommy Jeans Logo am Taillen Bund<br \/>\nAufgestickte Tommy Hilfiger Flagge auf der Ges\u00e4\u00df Taschen<\/p>","protected":false},"featured_media":77255,"comment_status":"open","ping_status":"closed","template":"","meta":{"_seopress_robots_primary_cat":"","_seopress_titles_title":"","_seopress_titles_desc":"","_seopress_robots_index":""},"product_brand":[],"product_cat":[1348,1349,1350],"product_tag":[],"class_list":{"0":"post-77076","1":"product","2":"type-product","3":"status-publish","4":"has-post-thumbnail","6":"product_cat-damen-mode","7":"product_cat-hosen-damen-mode","8":"product_cat-jeans-hosen-damen-mode","9":"product_shipping_class-standard-versand","11":"first","12":"instock","13":"sale","14":"taxable","15":"shipping-taxable","16":"purchasable","17":"product-type-simple"},"_links":{"self":[{"href":"https:\/\/www.soanam.de\/fr\/wp-json\/wp\/v2\/product\/77076","targetHints":{"allow":["GET"]}}],"collection":[{"href":"https:\/\/www.soanam.de\/fr\/wp-json\/wp\/v2\/product"}],"about":[{"href":"https:\/\/www.soanam.de\/fr\/wp-json\/wp\/v2\/types\/product"}],"replies":[{"embeddable":true,"href":"https:\/\/www.soanam.de\/fr\/wp-json\/wp\/v2\/comments?post=77076"}],"wp:featuredmedia":[{"embeddable":true,"href":"https:\/\/www.soanam.de\/fr\/wp-json\/wp\/v2\/media\/77255"}],"wp:attachment":[{"href":"https:\/\/www.soanam.de\/fr\/wp-json\/wp\/v2\/media?parent=77076"}],"wp:term":[{"taxonomy":"product_brand","embeddable":true,"href":"https:\/\/www.soanam.de\/fr\/wp-json\/wp\/v2\/product_brand?post=77076"},{"taxonomy":"product_cat","embeddable":true,"href":"https:\/\/www.soanam.de\/fr\/wp-json\/wp\/v2\/product_cat?post=77076"},{"taxonomy":"product_tag","embeddable":true,"href":"https:\/\/www.soanam.de\/fr\/wp-json\/wp\/v2\/product_tag?post=77076"}],"curies":[{"name":"wp","href":"https:\/\/api.w.org\/{rel}","templated":true}]}}