{"id":77065,"date":"2023-12-13T20:34:37","date_gmt":"2023-12-13T19:34:37","guid":{"rendered":"https:\/\/www.soanam.de\/?post_type=product&#038;p=77065"},"modified":"2023-12-13T20:45:57","modified_gmt":"2023-12-13T19:45:57","slug":"tommy-jeans-mid-rise-skinny-nora-dnbst-in-schwarz-w27xl30","status":"publish","type":"product","link":"https:\/\/www.soanam.de\/fr\/produkt\/tommy-jeans-mid-rise-skinny-nora-dnbst-in-schwarz-w27xl30\/","title":{"rendered":"Tommy Jeans MID RISE SKINNY NORA DNBST, en noir , W27xL30"},"content":{"rendered":"<p>Skinny Jeans<br \/>\nDenim Baumwollmix<br \/>\nstyle 5 poches<br \/>\nNormaler Bund<br \/>\nfermeture : fermeture \u00e9clair<br \/>\nAufgesetzte Tommy Streifen auf der M\u00fcnztasche<br \/>\nAufgesetztes Tommy Jeans Logo am Taillen Bund<br \/>\nAufgestickte Tommy Hilfiger Flagge auf der Ges\u00e4\u00df Tasche<\/p>\n<p>La coupe \u00e9troite du jean s'adapte \u00e9troitement \u00e0 tes jambes et les met en valeur.<br \/>\nLa mati\u00e8re en coton stretch du denim est facile d'entretien et super confortable.<\/p>\n<p>Material: 69% Baumwolle, 27% Polyester, 4% Elasthan<br \/>\nConseils d'entretien : Lavage en machine \u00e0 40<\/p>\n<p>Farbe: Dana Black Stretch<br \/>\nTaille : W27 L30<\/p>\n<p>Tour de taille : 66cm<br \/>\nTour de hanches : 78cm<br \/>\nLongueur d'entrejambe:73cm<br \/>\nlongueur totale : 96cm<\/p>","protected":false},"excerpt":{"rendered":"<p>Skinny Jeans<br \/>\nDenim Baumwollmix<br \/>\nstyle 5 poches<br \/>\nNormaler Bund<br \/>\nfermeture : fermeture \u00e9clair<br \/>\nAufgesetzte Tommy Streifen auf der M\u00fcnztasche<br \/>\nAufgesetztes Tommy Jeans Logo am Taillen Bund<br \/>\nAufgestickte Tommy Hilfiger Flagge auf der Ges\u00e4\u00df Taschen<\/p>","protected":false},"featured_media":77251,"comment_status":"open","ping_status":"closed","template":"","meta":{"_seopress_robots_primary_cat":"","_seopress_titles_title":"","_seopress_titles_desc":"","_seopress_robots_index":""},"product_brand":[],"product_cat":[1348,1349,1350],"product_tag":[],"class_list":{"0":"post-77065","1":"product","2":"type-product","3":"status-publish","4":"has-post-thumbnail","6":"product_cat-damen-mode","7":"product_cat-hosen-damen-mode","8":"product_cat-jeans-hosen-damen-mode","9":"product_shipping_class-standard-versand","11":"first","12":"instock","13":"sale","14":"taxable","15":"shipping-taxable","16":"purchasable","17":"product-type-simple"},"_links":{"self":[{"href":"https:\/\/www.soanam.de\/fr\/wp-json\/wp\/v2\/product\/77065","targetHints":{"allow":["GET"]}}],"collection":[{"href":"https:\/\/www.soanam.de\/fr\/wp-json\/wp\/v2\/product"}],"about":[{"href":"https:\/\/www.soanam.de\/fr\/wp-json\/wp\/v2\/types\/product"}],"replies":[{"embeddable":true,"href":"https:\/\/www.soanam.de\/fr\/wp-json\/wp\/v2\/comments?post=77065"}],"wp:featuredmedia":[{"embeddable":true,"href":"https:\/\/www.soanam.de\/fr\/wp-json\/wp\/v2\/media\/77251"}],"wp:attachment":[{"href":"https:\/\/www.soanam.de\/fr\/wp-json\/wp\/v2\/media?parent=77065"}],"wp:term":[{"taxonomy":"product_brand","embeddable":true,"href":"https:\/\/www.soanam.de\/fr\/wp-json\/wp\/v2\/product_brand?post=77065"},{"taxonomy":"product_cat","embeddable":true,"href":"https:\/\/www.soanam.de\/fr\/wp-json\/wp\/v2\/product_cat?post=77065"},{"taxonomy":"product_tag","embeddable":true,"href":"https:\/\/www.soanam.de\/fr\/wp-json\/wp\/v2\/product_tag?post=77065"}],"curies":[{"name":"wp","href":"https:\/\/api.w.org\/{rel}","templated":true}]}}