{"id":77043,"date":"2023-12-13T20:33:25","date_gmt":"2023-12-13T19:33:25","guid":{"rendered":"https:\/\/www.soanam.de\/?post_type=product&#038;p=77043"},"modified":"2023-12-13T20:43:49","modified_gmt":"2023-12-13T19:43:49","slug":"vero-moda-jeans-vmsophia-en-denim-bleu-clair-taille-l","status":"publish","type":"product","link":"https:\/\/www.soanam.de\/fr\/produkt\/vero-moda-roehren-jeans-vmsophia-in-light-blue-denim-groesse-l\/","title":{"rendered":"Vero Moda jean slim VMSOPHIA, en denim bleu clair , taille L"},"content":{"rendered":"<p>Jeans skinny de VERO MODA<br \/>\nForme high-waist \u00e0 la mode<br \/>\nstyle 5 poches<br \/>\nEn denim stretch super doux<\/p>\n<p>Le jeans VMSophia de Vero Moda convainc par son design \u00e9l\u00e9gant et sa qualit\u00e9 denim stretch douce. Cette derni\u00e8re, associ\u00e9e \u00e0 la coupe \u00e9troite, assure une silhouette parfaitement mise en valeur et un confort de port des plus agr\u00e9ables. Les d\u00e9tails classiques comme la fermeture zip-fly et le style 5 poches sont convaincants. Un patch label \u00e0 la taille \u00e0 l'arri\u00e8re et le discret d\u00e9lavage us\u00e9 compl\u00e8tent le look moderne.<\/p>\n<p>Mati\u00e8re : 85% coton, 13% polyester, 2% \u00e9lasthanne<br \/>\nConseils d'entretien : Lavage en machine \u00e0 40<\/p>\n<p>couleur : light blue denim<br \/>\nTaille : L L32<\/p>\n<p>Tour de taille : 76cm<br \/>\nTour de hanches : 86cm<br \/>\nLongueur d'entrejambe:74cm<br \/>\nlongueur totale : 100cm<\/p>\n<p>&nbsp;<\/p>\n<p>Il s'agit pour ce nouvel article d'un retour client sans \u00e9tiquette.<\/p>","protected":false},"excerpt":{"rendered":"<table class=\"dv_characteristicsTable\">\n<tbody>\n<tr>\n<td class=\"left\">Taille<\/td>\n<td>L<\/td>\n<\/tr>\n<tr>\n<td class=\"left\">Hosenl\u00e4nge<\/td>\n<td>32<\/td>\n<\/tr>\n<tr>\n<td class=\"left\">Composition du mat\u00e9riau<\/td>\n<td>Obermaterial: 85% Baumwolle, 13% Polyester, 2% Elasthan<\/td>\n<\/tr>\n<tr>\n<td class=\"left\">Materialart<\/td>\n<td>Denim<\/td>\n<\/tr>\n<tr>\n<td class=\"left\">Materialeigenschaften<\/td>\n<td>Stretch<\/td>\n<\/tr>\n<tr>\n<td class=\"left\">Conseils d'entretien<\/td>\n<td>Lavage en machine<\/td>\n<\/tr>\n<tr>\n<td class=\"left\">Stil<\/td>\n<td>modisch<\/td>\n<\/tr>\n<tr>\n<td class=\"left\">Herstellerfarbbezeichnung<\/td>\n<td>denim bleu clair<\/td>\n<\/tr>\n<tr>\n<td class=\"left\">Couleur<\/td>\n<td>light, blue, denim<\/td>\n<\/tr>\n<tr>\n<td class=\"left\">Leibh\u00f6he<\/td>\n<td>hoch<\/td>\n<\/tr>\n<tr>\n<td class=\"left\">Beinform<\/td>\n<td>schmal<\/td>\n<\/tr>\n<tr>\n<td class=\"left\">Coupe<\/td>\n<td>skinny fit<\/td>\n<\/tr>\n<tr>\n<td class=\"left\">Verschluss<\/td>\n<td>Knopf, Rei\u00dfverschluss<\/td>\n<\/tr>\n<\/tbody>\n<\/table>","protected":false},"featured_media":77219,"comment_status":"open","ping_status":"closed","template":"","meta":{"_seopress_robots_primary_cat":"","_seopress_titles_title":"","_seopress_titles_desc":"","_seopress_robots_index":""},"product_brand":[],"product_cat":[1348,1349,1350],"product_tag":[],"class_list":{"0":"post-77043","1":"product","2":"type-product","3":"status-publish","4":"has-post-thumbnail","6":"product_cat-damen-mode","7":"product_cat-hosen-damen-mode","8":"product_cat-jeans-hosen-damen-mode","9":"product_shipping_class-standard-versand","11":"first","12":"instock","13":"taxable","14":"shipping-taxable","15":"purchasable","16":"product-type-simple"},"_links":{"self":[{"href":"https:\/\/www.soanam.de\/fr\/wp-json\/wp\/v2\/product\/77043","targetHints":{"allow":["GET"]}}],"collection":[{"href":"https:\/\/www.soanam.de\/fr\/wp-json\/wp\/v2\/product"}],"about":[{"href":"https:\/\/www.soanam.de\/fr\/wp-json\/wp\/v2\/types\/product"}],"replies":[{"embeddable":true,"href":"https:\/\/www.soanam.de\/fr\/wp-json\/wp\/v2\/comments?post=77043"}],"wp:featuredmedia":[{"embeddable":true,"href":"https:\/\/www.soanam.de\/fr\/wp-json\/wp\/v2\/media\/77219"}],"wp:attachment":[{"href":"https:\/\/www.soanam.de\/fr\/wp-json\/wp\/v2\/media?parent=77043"}],"wp:term":[{"taxonomy":"product_brand","embeddable":true,"href":"https:\/\/www.soanam.de\/fr\/wp-json\/wp\/v2\/product_brand?post=77043"},{"taxonomy":"product_cat","embeddable":true,"href":"https:\/\/www.soanam.de\/fr\/wp-json\/wp\/v2\/product_cat?post=77043"},{"taxonomy":"product_tag","embeddable":true,"href":"https:\/\/www.soanam.de\/fr\/wp-json\/wp\/v2\/product_tag?post=77043"}],"curies":[{"name":"wp","href":"https:\/\/api.w.org\/{rel}","templated":true}]}}