{"id":77028,"date":"2023-12-13T20:32:20","date_gmt":"2023-12-13T19:32:20","guid":{"rendered":"https:\/\/www.soanam.de\/?post_type=product&#038;p=77028"},"modified":"2023-12-13T20:42:04","modified_gmt":"2023-12-13T19:42:04","slug":"calvin-klein-jeans-ckj-010-high-rise-skinny-en-noir-w31xl32","status":"publish","type":"product","link":"https:\/\/www.soanam.de\/fr\/produkt\/calvin-klein-jeans-ckj-010-high-rise-skinny-in-schwarz-w31xl32\/","title":{"rendered":"Calvin Klein Jeans CKJ 010 HIGH RISE SKINNY, en noir, W31xL32"},"content":{"rendered":"<p>Jeans skinny-fit CKJ 010 de Calvin Kein Jeans<br \/>\nBaumwollstretch Denim<br \/>\nForme de jambe \u00e9troite avec hauteur de taille \u00e9lev\u00e9e<br \/>\nFive-Pocket-Stil<br \/>\nMit CK Monogramm-Stickerei<\/p>\n<p>Die Skinnyjeans CKJ010 von Calvin Klein Jeans ist eine klassische Jeans in seiner Bestform mit G\u00fcrtelschlaufenbund, Eingrifftaschen und Markendetails. Ein angenehmer Denimstretch aus Baumwolle sorgt f\u00fcr ein angenehmes Tragegef\u00fchl.<\/p>\n<p>Material: 89% Baumwolle, 8% Elastomultiester, 3% Elasthan<br \/>\nConseils d'entretien : Lavage en machine \u00e0 40<\/p>\n<p>Farbe: Black<br \/>\nGr\u00f6\u00dfe: W31 L32<\/p>\n<p>Tour de taille : 74cm<br \/>\nTour de hanches : 90cm<br \/>\nLongueur d'entrejambe:78cm<br \/>\nlongueur totale : 109cm<\/p>","protected":false},"excerpt":{"rendered":"<table class=\"dv_characteristicsTable\">\n<tbody>\n<tr>\n<td class=\"left\">Taille<\/td>\n<td>31<\/td>\n<\/tr>\n<tr>\n<td class=\"left\">Hosenl\u00e4nge<\/td>\n<td>32<\/td>\n<\/tr>\n<tr>\n<td class=\"left\">Composition du mat\u00e9riau<\/td>\n<td>Obermaterial: 89% Baumwolle, 8% Elastomultiester, 3% Elasthan<\/td>\n<\/tr>\n<tr>\n<td class=\"left\">Materialhinweis<\/td>\n<td>enth\u00e4lt nichttextile Teile tierischen Ursprungs<\/td>\n<\/tr>\n<tr>\n<td class=\"left\">Materialart<\/td>\n<td>Denim<\/td>\n<\/tr>\n<tr>\n<td class=\"left\">Materialeigenschaften<\/td>\n<td>Stretch<\/td>\n<\/tr>\n<tr>\n<td class=\"left\">Conseils d'entretien<\/td>\n<td>Lavage en machine<\/td>\n<\/tr>\n<tr>\n<td class=\"left\">Optik<\/td>\n<td>unifarben<\/td>\n<\/tr>\n<tr>\n<td class=\"left\">Stil<\/td>\n<td>casual<\/td>\n<\/tr>\n<tr>\n<td class=\"left\">Waschung<\/td>\n<td>stone, washed<\/td>\n<\/tr>\n<tr>\n<td class=\"left\">Herstellerfarbbezeichnung<\/td>\n<td>BLACK<\/td>\n<\/tr>\n<tr>\n<td class=\"left\">Couleur<\/td>\n<td>black<\/td>\n<\/tr>\n<tr>\n<td class=\"left\">Leibh\u00f6he<\/td>\n<td>hoch<\/td>\n<\/tr>\n<tr>\n<td class=\"left\">Bundabschluss<\/td>\n<td>angesetztes B\u00fcndchen<\/td>\n<\/tr>\n<tr>\n<td class=\"left\">Beinform<\/td>\n<td>schmal<\/td>\n<\/tr>\n<tr>\n<td class=\"left\">Coupe<\/td>\n<td>skinny fit<\/td>\n<\/tr>\n<tr>\n<td class=\"left\">Herstellerpassform<\/td>\n<td>HIGH RISE SKINNY<\/td>\n<\/tr>\n<tr>\n<td class=\"left\">Passants de ceinture<\/td>\n<td>ja<\/td>\n<\/tr>\n<tr>\n<td class=\"left\">Applikationen<\/td>\n<td>Logostickerei, Markenlabel<\/td>\n<\/tr>\n<tr>\n<td class=\"left\">Sacs<\/td>\n<td>Eingrifftaschen, Ges\u00e4\u00dftaschen<\/td>\n<\/tr>\n<tr>\n<td class=\"left\">Verschluss<\/td>\n<td>1-Knopf-Form, Rei\u00dfverschluss<\/td>\n<\/tr>\n<tr>\n<td class=\"left\">Besondere Merkmale<\/td>\n<td>mit CK Monogramm Stickerei<\/td>\n<\/tr>\n<\/tbody>\n<\/table>","protected":false},"featured_media":77200,"comment_status":"open","ping_status":"closed","template":"","meta":{"_seopress_robots_primary_cat":"","_seopress_titles_title":"","_seopress_titles_desc":"","_seopress_robots_index":""},"product_brand":[],"product_cat":[1348,1349,1350],"product_tag":[],"class_list":{"0":"post-77028","1":"product","2":"type-product","3":"status-publish","4":"has-post-thumbnail","6":"product_cat-damen-mode","7":"product_cat-hosen-damen-mode","8":"product_cat-jeans-hosen-damen-mode","9":"product_shipping_class-standard-versand","11":"first","12":"instock","13":"sale","14":"taxable","15":"shipping-taxable","16":"purchasable","17":"product-type-simple"},"_links":{"self":[{"href":"https:\/\/www.soanam.de\/fr\/wp-json\/wp\/v2\/product\/77028","targetHints":{"allow":["GET"]}}],"collection":[{"href":"https:\/\/www.soanam.de\/fr\/wp-json\/wp\/v2\/product"}],"about":[{"href":"https:\/\/www.soanam.de\/fr\/wp-json\/wp\/v2\/types\/product"}],"replies":[{"embeddable":true,"href":"https:\/\/www.soanam.de\/fr\/wp-json\/wp\/v2\/comments?post=77028"}],"wp:featuredmedia":[{"embeddable":true,"href":"https:\/\/www.soanam.de\/fr\/wp-json\/wp\/v2\/media\/77200"}],"wp:attachment":[{"href":"https:\/\/www.soanam.de\/fr\/wp-json\/wp\/v2\/media?parent=77028"}],"wp:term":[{"taxonomy":"product_brand","embeddable":true,"href":"https:\/\/www.soanam.de\/fr\/wp-json\/wp\/v2\/product_brand?post=77028"},{"taxonomy":"product_cat","embeddable":true,"href":"https:\/\/www.soanam.de\/fr\/wp-json\/wp\/v2\/product_cat?post=77028"},{"taxonomy":"product_tag","embeddable":true,"href":"https:\/\/www.soanam.de\/fr\/wp-json\/wp\/v2\/product_tag?post=77028"}],"curies":[{"name":"wp","href":"https:\/\/api.w.org\/{rel}","templated":true}]}}