{"id":77027,"date":"2023-12-13T20:32:19","date_gmt":"2023-12-13T19:32:19","guid":{"rendered":"https:\/\/www.soanam.de\/?post_type=product&#038;p=77027"},"modified":"2023-12-13T20:41:37","modified_gmt":"2023-12-13T19:41:37","slug":"pepe-jeans-venus-straight-stretch-denim-taille-basse-en-bleu-fonce-w30xl32","status":"publish","type":"product","link":"https:\/\/www.soanam.de\/fr\/produkt\/pepe-jeans-venus-straight-stretch-denim-low-waist-in-dunkel-blau-w30xl32\/","title":{"rendered":"Pepe Jeans VENUS, denim stretch, taille basse, en bleu fonc\u00e9, W30xL32"},"content":{"rendered":"<p>Jeans droits VENUS de Pepe Jeans<br \/>\nM\u00e9lange de coton \u00e9lastique avec une part de stretch pour une coupe optimale<br \/>\nCoupe normale avec jambes longues et droites et taille basse<br \/>\nStyle 5 poches avec fermeture \u00e9clair, double bouton \u00e0 la taille, double poche arri\u00e8re et petits d\u00e9tails du logo de la marque<\/p>\n<p>La coupe droite du jeans est l\u00e9g\u00e8rement moulante, mais ne serre pas les cuisses et les mollets plus larges.<br \/>\nLa mati\u00e8re en coton stretch du denim est facile d'entretien et super confortable.<\/p>\n<p>Mati\u00e8re : 84% coton, 14% polyester, 2% \u00e9lasthanne<br \/>\nConseils d'entretien : Lavage en machine \u00e0 40<\/p>\n<p>Farbe: H06 stretch ultra dark<br \/>\nTaille : W30 L32<\/p>\n<p>Tour de taille : 78cm<br \/>\nTour de hanches : 90cm<br \/>\nLongueur d'entrejambe : 80cm<br \/>\nlongueur totale : 101cm<\/p>\n<p>&nbsp;<\/p>\n<p>Il s'agit pour ce nouvel article d'un retour client sans \u00e9tiquette.<\/p>","protected":false},"excerpt":{"rendered":"<table class=\"dv_characteristicsTable\">\n<tbody>\n<tr>\n<td class=\"left\">Taille<\/td>\n<td>30<\/td>\n<\/tr>\n<tr>\n<td class=\"left\">Hosenl\u00e4nge<\/td>\n<td>32<\/td>\n<\/tr>\n<tr>\n<td class=\"left\">Composition du mat\u00e9riau<\/td>\n<td>Obermaterial: 84% Baumwolle, 14% Polyester, 2% Elasthan<\/td>\n<\/tr>\n<tr>\n<td class=\"left\">Materialhinweis<\/td>\n<td>enth\u00e4lt nichttextile Teile tierischen Ursprungs<\/td>\n<\/tr>\n<tr>\n<td class=\"left\">Materialart<\/td>\n<td>Denim<\/td>\n<\/tr>\n<tr>\n<td class=\"left\">Materialeigenschaften<\/td>\n<td>pflegeleicht, Stretch, elastisch<\/td>\n<\/tr>\n<tr>\n<td class=\"left\">Conseils d'entretien<\/td>\n<td>Lavage en machine<\/td>\n<\/tr>\n<tr>\n<td class=\"left\">Optik<\/td>\n<td>vintage<\/td>\n<\/tr>\n<tr>\n<td class=\"left\">Stil<\/td>\n<td>casual<\/td>\n<\/tr>\n<tr>\n<td class=\"left\">Waschung<\/td>\n<td>stone, washed<\/td>\n<\/tr>\n<tr>\n<td class=\"left\">Herstellerfarbbezeichnung<\/td>\n<td>H06 stretch ultra dark<\/td>\n<\/tr>\n<tr>\n<td class=\"left\">Couleur<\/td>\n<td>bleu fonc\u00e9<\/td>\n<\/tr>\n<tr>\n<td class=\"left\">Leibh\u00f6he<\/td>\n<td>niedrig<\/td>\n<\/tr>\n<tr>\n<td class=\"left\">Beinform<\/td>\n<td>gerade<\/td>\n<\/tr>\n<tr>\n<td class=\"left\">Coupe<\/td>\n<td>straight fit<\/td>\n<\/tr>\n<tr>\n<td class=\"left\">Passants de ceinture<\/td>\n<td>ja<\/td>\n<\/tr>\n<tr>\n<td class=\"left\">Sacs<\/td>\n<td>Coinpocket, Eingrifftaschen, Ges\u00e4\u00dftaschen<\/td>\n<\/tr>\n<tr>\n<td class=\"left\">Verschluss<\/td>\n<td>Fermeture \u00e0 glissi\u00e8re<\/td>\n<\/tr>\n<tr>\n<td class=\"left\">Besondere Merkmale<\/td>\n<td>Straight Passform mit niedrigem Doppel-Knopf-Bund und doppelter Ges\u00e4\u00dftasche in tollem Komfort Stretch Denim<\/td>\n<\/tr>\n<\/tbody>\n<\/table>","protected":false},"featured_media":77195,"comment_status":"open","ping_status":"closed","template":"","meta":{"_seopress_robots_primary_cat":"","_seopress_titles_title":"","_seopress_titles_desc":"","_seopress_robots_index":""},"product_brand":[],"product_cat":[1348,1349,1350],"product_tag":[],"class_list":{"0":"post-77027","1":"product","2":"type-product","3":"status-publish","4":"has-post-thumbnail","6":"product_cat-damen-mode","7":"product_cat-hosen-damen-mode","8":"product_cat-jeans-hosen-damen-mode","9":"product_shipping_class-standard-versand","11":"first","12":"instock","13":"taxable","14":"shipping-taxable","15":"purchasable","16":"product-type-simple"},"_links":{"self":[{"href":"https:\/\/www.soanam.de\/fr\/wp-json\/wp\/v2\/product\/77027","targetHints":{"allow":["GET"]}}],"collection":[{"href":"https:\/\/www.soanam.de\/fr\/wp-json\/wp\/v2\/product"}],"about":[{"href":"https:\/\/www.soanam.de\/fr\/wp-json\/wp\/v2\/types\/product"}],"replies":[{"embeddable":true,"href":"https:\/\/www.soanam.de\/fr\/wp-json\/wp\/v2\/comments?post=77027"}],"wp:featuredmedia":[{"embeddable":true,"href":"https:\/\/www.soanam.de\/fr\/wp-json\/wp\/v2\/media\/77195"}],"wp:attachment":[{"href":"https:\/\/www.soanam.de\/fr\/wp-json\/wp\/v2\/media?parent=77027"}],"wp:term":[{"taxonomy":"product_brand","embeddable":true,"href":"https:\/\/www.soanam.de\/fr\/wp-json\/wp\/v2\/product_brand?post=77027"},{"taxonomy":"product_cat","embeddable":true,"href":"https:\/\/www.soanam.de\/fr\/wp-json\/wp\/v2\/product_cat?post=77027"},{"taxonomy":"product_tag","embeddable":true,"href":"https:\/\/www.soanam.de\/fr\/wp-json\/wp\/v2\/product_tag?post=77027"}],"curies":[{"name":"wp","href":"https:\/\/api.w.org\/{rel}","templated":true}]}}