{"id":77015,"date":"2023-12-13T20:32:13","date_gmt":"2023-12-13T19:32:13","guid":{"rendered":"https:\/\/www.soanam.de\/?post_type=product&#038;p=77015"},"modified":"2023-12-13T20:37:01","modified_gmt":"2023-12-13T19:37:01","slug":"hugo-boss-veste-slim-fit-en-laine-vierge-avec-details-en-soie","status":"publish","type":"product","link":"https:\/\/www.soanam.de\/fr\/produkt\/hugo-boss-slim-fit-sakko-aus-schurwolle-mit-seiden-details\/","title":{"rendered":"HUGO BOSS Veste slim fit en laine vierge avec d\u00e9tails en soie"},"content":{"rendered":"<p><b>HUGO BOSS Veste slim fit en laine vierge avec d\u00e9tails en soie<\/b><\/p>\n<div><span style=\"font-family: Arial;\"><b>Description<\/b><\/span><\/div>\n<div><span style=\"font-family: Arial;\">La veste BOSS en serge de laine vierge, fabriqu\u00e9e avec pr\u00e9cision, fait partie de la collection Create Your Look et est id\u00e9ale pour les occasions formelles.\u00a0<\/span><\/div>\n<div><span style=\"font-family: Arial;\">Cette veste intemporelle pour homme de style smoking a une coupe \u00e9troite et est orn\u00e9e de d\u00e9tails en soie de couleur contrast\u00e9e.\u00a0<\/span><\/div>\n<div><span style=\"font-family: Arial;\">Une patte \u00e0 deux boutons, un revers tombant et une doublure lisse et confortable compl\u00e8tent la veste.<\/span><\/div>\n<div><span style=\"font-family: Arial;\"><b>\u00a0<\/b><\/span><\/div>\n<div><span style=\"font-family: Arial;\"><b>D\u00e9tails<\/b><\/span><\/div>\n<ul>\n<li><span style=\"font-family: Arial;\">Coupe slim<\/span><\/li>\n<li><span style=\"font-family: Arial;\">Revers tombant<\/span><\/li>\n<li><span style=\"font-family: Arial;\">fermeture en haut : Fermeture \u00e0 bouton<\/span><\/li>\n<li><span style=\"font-family: Arial;\">Nombre de boutons : 2<\/span><\/li>\n<li><span style=\"font-family: Arial;\">Poches poitrine avec rebord<\/span><\/li>\n<li><span style=\"font-family: Arial;\">Poches en haut : Poches \u00e0 rabat<\/span><\/li>\n<li><span style=\"font-family: Arial;\">Poches int\u00e9rieures avec passepoil<\/span><\/li>\n<li><span style=\"font-family: Arial;\">Manchettes avec boutons de kissing<\/span><\/li>\n<li><span style=\"font-family: Arial;\">Fente lat\u00e9rale<\/span><\/li>\n<li><span style=\"font-family: Arial;\">Avec doublure int\u00e9rieure<\/span><\/li>\n<li><span style=\"font-family: Arial;\">longueur du dos : 74 cm<\/span><\/li>\n<\/ul>\n<div><span style=\"font-family: Arial;\"><b>\u00a0<\/b><\/span><\/div>\n<div><span style=\"font-family: Arial;\"><b>Mat\u00e9riaux &amp; entretien<\/b><\/span><\/div>\n<ul>\n<li><span style=\"font-family: Arial;\">100% Laine vierge,\u00a0<\/span><\/li>\n<li><span style=\"font-family: Arial;\">Doublure : 52% ac\u00e9tate, 48% viscose,\u00a0<\/span><\/li>\n<li><span style=\"font-family: Arial;\">Garniture : 100% soie,\u00a0<\/span><\/li>\n<li><span style=\"font-family: Arial;\">Doublure de manche : 100% viscose<\/span><\/li>\n<li><span style=\"font-family: Arial;\">Nettoyage \u00e0 sec d\u00e9licat P recommand\u00e9<\/span><\/li>\n<\/ul>","protected":false},"excerpt":{"rendered":"<h3><strong>Caract\u00e9ristiques de l'article<\/strong><\/h3>\n<p><strong>Artikelzustand:<\/strong> Neu mit Etikett: Neuer, unbenutzter und nicht getragener Artikel in der Originalverpackung<\/p>\n<p><strong>Abteilung:<\/strong> Herren<br \/>\n<strong>Anlass:<\/strong> Business, Elegant, Hochzeit, Party\/Cocktail<br \/>\n<strong>Brustumfang:<\/strong> ohne Angabe<br \/>\n<strong>couleur :<\/strong> Noir<br \/>\n<strong>Futtermaterial:<\/strong> Viscose<br \/>\n<strong>Gewebeart:<\/strong> Schurwolle<br \/>\n<strong>taille :<\/strong> 54<br \/>\n<strong>Gr\u00f6\u00dfenkategorie:<\/strong> Normalgr\u00f6\u00dfe<br \/>\n<strong>Jacken-\/Mantell\u00e4nge:<\/strong> Normal<br \/>\n<strong>Jackenrevers-Form:<\/strong> Reversekragen<br \/>\n<strong>Marke:<\/strong> HUGO BOSS<br \/>\n<strong>mat\u00e9riel :<\/strong> Laine<br \/>\n<strong>Ajustement :<\/strong> Slim<br \/>\n<strong>Produktart:<\/strong> Sakko<br \/>\n<strong>Stil:<\/strong> Blazer<br \/>\n<strong>Thema:<\/strong> Designer<br \/>\n<strong>Vintage:<\/strong> Nein<\/p>","protected":false},"featured_media":77122,"comment_status":"open","ping_status":"closed","template":"","meta":{"_seopress_robots_primary_cat":"","_seopress_titles_title":"","_seopress_titles_desc":"","_seopress_robots_index":""},"product_brand":[],"product_cat":[1345,1368,1369],"product_tag":[],"class_list":{"0":"post-77015","1":"product","2":"type-product","3":"status-publish","4":"has-post-thumbnail","6":"product_cat-herrenmode","7":"product_cat-anzuege-anzugsteile","8":"product_cat-sakkos","9":"product_shipping_class-standard-versand","11":"first","12":"instock","13":"sale","14":"taxable","15":"shipping-taxable","16":"purchasable","17":"product-type-simple"},"_links":{"self":[{"href":"https:\/\/www.soanam.de\/fr\/wp-json\/wp\/v2\/product\/77015","targetHints":{"allow":["GET"]}}],"collection":[{"href":"https:\/\/www.soanam.de\/fr\/wp-json\/wp\/v2\/product"}],"about":[{"href":"https:\/\/www.soanam.de\/fr\/wp-json\/wp\/v2\/types\/product"}],"replies":[{"embeddable":true,"href":"https:\/\/www.soanam.de\/fr\/wp-json\/wp\/v2\/comments?post=77015"}],"wp:featuredmedia":[{"embeddable":true,"href":"https:\/\/www.soanam.de\/fr\/wp-json\/wp\/v2\/media\/77122"}],"wp:attachment":[{"href":"https:\/\/www.soanam.de\/fr\/wp-json\/wp\/v2\/media?parent=77015"}],"wp:term":[{"taxonomy":"product_brand","embeddable":true,"href":"https:\/\/www.soanam.de\/fr\/wp-json\/wp\/v2\/product_brand?post=77015"},{"taxonomy":"product_cat","embeddable":true,"href":"https:\/\/www.soanam.de\/fr\/wp-json\/wp\/v2\/product_cat?post=77015"},{"taxonomy":"product_tag","embeddable":true,"href":"https:\/\/www.soanam.de\/fr\/wp-json\/wp\/v2\/product_tag?post=77015"}],"curies":[{"name":"wp","href":"https:\/\/api.w.org\/{rel}","templated":true}]}}