{"id":77011,"date":"2023-12-13T20:32:11","date_gmt":"2023-12-13T19:32:11","guid":{"rendered":"https:\/\/www.soanam.de\/?post_type=product&#038;p=77011"},"modified":"2023-12-13T20:35:23","modified_gmt":"2023-12-13T19:35:23","slug":"dolce-gabbana-slingback","status":"publish","type":"product","link":"https:\/\/www.soanam.de\/fr\/produkt\/dolce-gabbana-slingback\/","title":{"rendered":"Dolce &amp; Gabbana Slingback"},"content":{"rendered":"<div><span style=\"font-family: Arial;\"><b>Dolce &amp; Gabbana Slingback Devotion en denim patchwork, en bleu, taille 39<\/b><\/span><\/div>\n<div><span style=\"font-family: Arial;\">\u00a0<\/span><\/div>\n<div><span style=\"font-family: Arial;\"><b>Description<\/b><\/span><\/div>\n<div><span style=\"font-family: Arial;\">La nouvelle collection \"Patchwork di Sicilia\" est d\u00e9di\u00e9e \u00e0 l'\u00eele du m\u00eame nom qui, sous les diff\u00e9rentes dominations, a donn\u00e9 naissance \u00e0 des atmosph\u00e8res color\u00e9es, des couleurs, des cultures et des r\u00eaves. Le savoir-faire artisanal et le design fait main d\u00e9terminent le caract\u00e8re de cette collection. Les mains expertes de nos artisans comp\u00e9tents font de chaque pi\u00e8ce un exemplaire unique. Le slingback Cardinale en patchwork de denim - un hommage au th\u00e8me de la collection - est bord\u00e9 de cuir de veau et orn\u00e9 d'un c\u0153ur-bijou styl\u00e9 Devotion :<\/span><\/div>\n<ul>\n<li><span style=\"font-family: Arial;\">Dessus en patchwork denim avec liser\u00e9s en cuir de veau et c\u0153ur en alliage m\u00e9tallique orn\u00e9 du logo et incrust\u00e9 de perles<\/span><\/li>\n<li>talon de 60 mm, recouvert de cuir de veau ( variante A ) ou talon de 105 mm, recouvert de cuir de veau ( variante B )<\/li>\n<li>Doublure et semelle de propret\u00e9 en cuir de ch\u00e8vre avec \u00e9tiquette logo<\/li>\n<li>Semelle ext\u00e9rieure en cuir avec d\u00e9tail du logo<\/li>\n<li>Fabriqu\u00e9 en Italie<\/li>\n<\/ul>\n<div><span style=\"font-family: Arial;\"><b>\u00a0<\/b><\/span><\/div>\n<div><span style=\"font-family: Arial;\"><b>Mat\u00e9riaux &amp; d\u00e9tails<\/b><\/span><\/div>\n<ul>\n<li><span style=\"font-family: Arial;\">Tissu ext\u00e9rieur : 65 % coton 35 % cuir de veau<\/span><\/li>\n<li><span style=\"font-family: Arial;\">Mat\u00e9riau int\u00e9rieur : 72 % cuir de ch\u00e8vre 2 % cuir de veau ( variante A )\u00a0<\/span><\/li>\n<li><span style=\"font-family: Arial;\">Mat\u00e9riau int\u00e9rieur : 60 % cuir de ch\u00e8vre 40 % cuir de veau ( variante B )<\/span><\/li>\n<\/ul>","protected":false},"excerpt":{"rendered":"<p><strong>Caract\u00e9ristiques de l'article<\/strong><\/p>\n<p><strong>Artikelzustand:<\/strong> Neu mit Karton: Neuer, unbenutzter und nicht getragener Artikel, in der Originalverpackung<br \/>\n<strong>Absatzart:<\/strong> Stilettoabsatz<br \/>\n<strong>Absatzh\u00f6he:<\/strong> Mittel (5 bis 7,5 cm)<br \/>\n<strong>Abteilung:<\/strong> Damen<br \/>\n<strong>Akzente:<\/strong> Logo-Schmuckherz<br \/>\n<strong>Anlass:<\/strong> Business, Elegant, Freizeit, Party\/Cocktail<br \/>\n<strong>Particularit\u00e9s :<\/strong> Slingback-Kn\u00f6chelriemen und hoher Pfennigabsatz.<br \/>\n<strong>Charakter:<\/strong> ohne<br \/>\n<strong>Gewebeart:<\/strong> Denim<br \/>\n<strong>Herstellernummer:<\/strong> CG0480 AO621<br \/>\n<strong>Herstellungsjahr:<\/strong> 2021<br \/>\n<strong>Herstellungsland und -region:<\/strong> Italien<br \/>\n<strong>Innensohlenmaterial:<\/strong> Cuir<br \/>\n<strong>Jahreszeit:<\/strong> Sommer<br \/>\n<strong>Laufsohlenmaterial:<\/strong> Cuir<br \/>\n<strong>Marke:<\/strong> Dolce &amp; Gabbana<br \/>\n<strong>Modell:<\/strong> Patch Denim<br \/>\n<strong>\u00e9chantillon :<\/strong> Patchwork<br \/>\n<strong>Mat\u00e9riau ext\u00e9rieur :<\/strong> Baumwolle, Kalbsleder<br \/>\n<strong>Produktart:<\/strong> Escarpins<br \/>\n<strong>Schuhspitze:<\/strong> Spitz<br \/>\n<strong>Schuhweite:<\/strong> F<br \/>\n<strong>Stil:<\/strong> Slingback<br \/>\n<strong>Thema:<\/strong> Designer<br \/>\n<strong>UK-Schuhgr\u00f6\u00dfe:<\/strong> UK 6<br \/>\n<strong>US-Schuhgr\u00f6\u00dfe:<\/strong> US 8<br \/>\n<strong>Vintage:<\/strong> Nein<\/p>","protected":false},"featured_media":77084,"comment_status":"open","ping_status":"closed","template":"","meta":{"_seopress_robots_primary_cat":"","_seopress_titles_title":"","_seopress_titles_desc":"","_seopress_robots_index":""},"product_brand":[],"product_cat":[1348,1357,1360,1362],"product_tag":[],"class_list":{"0":"post-77011","1":"product","2":"type-product","3":"status-publish","4":"has-post-thumbnail","6":"product_cat-damen-mode","7":"product_cat-accessoires","8":"product_cat-schuhe","9":"product_cat-pumps","10":"product_shipping_class-standard-versand","12":"first","13":"instock","14":"sale","15":"taxable","16":"shipping-taxable","17":"purchasable","18":"product-type-simple"},"_links":{"self":[{"href":"https:\/\/www.soanam.de\/fr\/wp-json\/wp\/v2\/product\/77011","targetHints":{"allow":["GET"]}}],"collection":[{"href":"https:\/\/www.soanam.de\/fr\/wp-json\/wp\/v2\/product"}],"about":[{"href":"https:\/\/www.soanam.de\/fr\/wp-json\/wp\/v2\/types\/product"}],"replies":[{"embeddable":true,"href":"https:\/\/www.soanam.de\/fr\/wp-json\/wp\/v2\/comments?post=77011"}],"wp:featuredmedia":[{"embeddable":true,"href":"https:\/\/www.soanam.de\/fr\/wp-json\/wp\/v2\/media\/77084"}],"wp:attachment":[{"href":"https:\/\/www.soanam.de\/fr\/wp-json\/wp\/v2\/media?parent=77011"}],"wp:term":[{"taxonomy":"product_brand","embeddable":true,"href":"https:\/\/www.soanam.de\/fr\/wp-json\/wp\/v2\/product_brand?post=77011"},{"taxonomy":"product_cat","embeddable":true,"href":"https:\/\/www.soanam.de\/fr\/wp-json\/wp\/v2\/product_cat?post=77011"},{"taxonomy":"product_tag","embeddable":true,"href":"https:\/\/www.soanam.de\/fr\/wp-json\/wp\/v2\/product_tag?post=77011"}],"curies":[{"name":"wp","href":"https:\/\/api.w.org\/{rel}","templated":true}]}}