{"id":77010,"date":"2023-12-13T20:32:11","date_gmt":"2023-12-13T19:32:11","guid":{"rendered":"https:\/\/www.soanam.de\/?post_type=product&#038;p=77010"},"modified":"2023-12-13T20:35:09","modified_gmt":"2023-12-13T19:35:09","slug":"saint-laurent-sandales-cassandra","status":"publish","type":"product","link":"https:\/\/www.soanam.de\/fr\/produkt\/saint-laurent-cassandra-sandalen\/","title":{"rendered":"Saint Laurent CASSANDRA- Sandales"},"content":{"rendered":"<div><span style=\"color: #000000; font-size: x-large;\"><b>Saint Laurent CASSANDRA- Sandales, cuir lisse avec monogramme dor\u00e9, noir<\/b><\/span><\/div>\n<div><span style=\"font-family: Arial;\">\u00a0<\/span><\/div>\n<div><span style=\"font-family: Arial;\"><b>Description<\/b><\/span><\/div>\n<div><span style=\"font-family: Arial;\"><b>\u00a0<\/b><\/span><\/div>\n<div><span style=\"font-family: Arial;\">SANDALES OUVERTES AVEC TALON STILETTO, FINES LANI\u00c8RES ET BRIDE R\u00c9GLABLE \u00c0 LA CHEVILLE, D\u00c9COR\u00c9ES DES INITIALES YSL EN M\u00c9TAL SUR LE DEVANT.<\/span><\/div>\n<div><span style=\"font-family: Arial;\">\u00a0<\/span><\/div>\n<div><span style=\"font-family: Arial;\"><b>D\u00e9tails<\/b><\/span><\/div>\n<ul>\n<li><span style=\"font-family: Arial;\">100% PEAU DE CH\u00c8VRE<\/span><\/li>\n<li><span style=\"font-family: Arial;\">HAUTEUR TOTALE DU TALON : 10 CM<\/span><\/li>\n<li><span style=\"font-family: Arial;\">SEMELLE EN CUIR<\/span><\/li>\n<li><span style=\"font-family: Arial;\">MONOGRAMME YSL EN M\u00c9TAL DOR\u00c9 OFFICIEL<\/span><\/li>\n<li><span style=\"font-family: Arial;\">SANGLE DE CHEVILLE R\u00c9GLABLE<\/span><\/li>\n<li><span style=\"font-family: Arial;\">STYLE ID 6301091Q0TT1000<\/span><\/li>\n<li><span style=\"font-family: Arial;\">FABRIQU\u00c9 EN ITALIE<\/span><\/li>\n<\/ul>","protected":false},"excerpt":{"rendered":"<p><span style=\"font-family: Arial;\">SANDALES OUVERTES AVEC TALON STILETTO, FINES LANI\u00c8RES ET BRIDE R\u00c9GLABLE \u00c0 LA CHEVILLE, D\u00c9COR\u00c9ES DES INITIALES YSL EN M\u00c9TAL SUR LE DEVANT.<\/span><\/p>","protected":false},"featured_media":77078,"comment_status":"open","ping_status":"closed","template":"","meta":{"_seopress_robots_primary_cat":"","_seopress_titles_title":"","_seopress_titles_desc":"","_seopress_robots_index":""},"product_brand":[],"product_cat":[1348,1360,1361],"product_tag":[],"class_list":{"0":"post-77010","1":"product","2":"type-product","3":"status-publish","4":"has-post-thumbnail","6":"product_cat-damen-mode","7":"product_cat-schuhe","8":"product_cat-sandalen","9":"product_shipping_class-standard-versand","11":"first","12":"instock","13":"sale","14":"taxable","15":"shipping-taxable","16":"purchasable","17":"product-type-simple"},"_links":{"self":[{"href":"https:\/\/www.soanam.de\/fr\/wp-json\/wp\/v2\/product\/77010","targetHints":{"allow":["GET"]}}],"collection":[{"href":"https:\/\/www.soanam.de\/fr\/wp-json\/wp\/v2\/product"}],"about":[{"href":"https:\/\/www.soanam.de\/fr\/wp-json\/wp\/v2\/types\/product"}],"replies":[{"embeddable":true,"href":"https:\/\/www.soanam.de\/fr\/wp-json\/wp\/v2\/comments?post=77010"}],"wp:featuredmedia":[{"embeddable":true,"href":"https:\/\/www.soanam.de\/fr\/wp-json\/wp\/v2\/media\/77078"}],"wp:attachment":[{"href":"https:\/\/www.soanam.de\/fr\/wp-json\/wp\/v2\/media?parent=77010"}],"wp:term":[{"taxonomy":"product_brand","embeddable":true,"href":"https:\/\/www.soanam.de\/fr\/wp-json\/wp\/v2\/product_brand?post=77010"},{"taxonomy":"product_cat","embeddable":true,"href":"https:\/\/www.soanam.de\/fr\/wp-json\/wp\/v2\/product_cat?post=77010"},{"taxonomy":"product_tag","embeddable":true,"href":"https:\/\/www.soanam.de\/fr\/wp-json\/wp\/v2\/product_tag?post=77010"}],"curies":[{"name":"wp","href":"https:\/\/api.w.org\/{rel}","templated":true}]}}