{"id":77009,"date":"2023-12-13T20:32:11","date_gmt":"2023-12-13T19:32:11","guid":{"rendered":"https:\/\/www.soanam.de\/?post_type=product&#038;p=77009"},"modified":"2023-12-13T20:35:00","modified_gmt":"2023-12-13T19:35:00","slug":"balenciaga-top-sac-a-main","status":"publish","type":"product","link":"https:\/\/www.soanam.de\/fr\/produkt\/balenciaga-top-handle-bag\/","title":{"rendered":"Sac \u00e0 poign\u00e9e BALENCIAGA Top"},"content":{"rendered":"<div><span style=\"font-family: Arial;\"><b>BALENCIAGA <\/b><\/span><span style=\"font-family: Arial;\"><b>Hourglass Embossed<br \/>\nSac \u00e0 main Top Handle pur cuir en Nude Beige<\/b><\/span><\/div>\n<div><span style=\"font-family: Arial;\">\u00a0<\/span><\/div>\n<div><span style=\"font-family: Arial;\">Petit sac \u00e0 main f\u00e9minin avec bandouli\u00e8re amovible rose poudr\u00e9<\/span><\/div>\n<div><span style=\"font-family: Arial;\">avec sac \u00e0 poussi\u00e8re pour prot\u00e9ger le sac de haute qualit\u00e9<\/span><\/div>\n<div><span style=\"font-family: Arial;\">\u00a0<\/span><\/div>\n<div><span style=\"font-family: Arial;\"><b>Caract\u00e9ristiques du produit<\/b><\/span><\/div>\n<div><span style=\"font-family: Arial;\">\u00a0<\/span><\/div>\n<div><span style=\"font-family: Arial;\"><b>Caract\u00e9ristiques particuli\u00e8res :<\/b><\/span><\/div>\n<ul>\n<li><span style=\"font-family: Arial;\">couleur : beige<\/span><\/li>\n<li><span style=\"font-family: Arial;\">Mat\u00e9riaux : cuir, m\u00e9tal<\/span><\/li>\n<li>Dimensions (L x H x P) : 23,0 x 14 x 10 cm<\/li>\n<li>(mesur\u00e9 \u00e0 partir du bas du sac)<\/li>\n<li><span style=\"font-family: Arial;\">poids : 505 g<\/span><\/li>\n<\/ul>\n<div><span style=\"font-family: Arial;\">\u00a0<\/span><\/div>\n<div><span style=\"font-family: Arial;\"><b>Ext\u00e9rieur :<\/b><\/span><\/div>\n<ul>\n<li><span style=\"font-family: Arial;\">cuir grain\u00e9 de couleur poudr\u00e9e<\/span><\/li>\n<li>Rabat avec fermeture magn\u00e9tique<\/li>\n<li>une anse (environ 27 cm)<\/li>\n<li>une bandouli\u00e8re amovible et r\u00e9glable (environ 55-112 cm)<\/li>\n<li>une pochette \u00e0 l'arri\u00e8re<\/li>\n<li>Logo en m\u00e9tal sur le devant<\/li>\n<li>d\u00e9tails m\u00e9talliques dor\u00e9s, partiellement grav\u00e9s<\/li>\n<\/ul>\n<div><span style=\"font-family: Arial;\"><b>\u00a0<\/b><\/span><\/div>\n<div><span style=\"font-family: Arial;\"><b>Int\u00e9rieur :<\/b><\/span><\/div>\n<ul>\n<li><span style=\"font-family: Arial;\">Doublure int\u00e9rieure en cuir poudr\u00e9<\/span><\/li>\n<li>un compartiment principal<\/li>\n<li>une poche zipp\u00e9e<\/li>\n<li>logo dor\u00e9 en relief<\/li>\n<\/ul>","protected":false},"excerpt":{"rendered":"<p><strong>Artikelzustand:<\/strong><\/p>\n<p>Neu mit Etikett: Neuer, unbenutzter und nicht getragener Artikel in der Originalverpackung<\/p>\n<p><strong>Abteilung:<\/strong> Damen<br \/>\n<strong>Akzente:<\/strong> Schnallen<br \/>\n<strong>Au\u00dfenfarbe:<\/strong> Rose poudr\u00e9<br \/>\n<strong>Au\u00dfenmaterial:<\/strong> Cuir<br \/>\n<strong>Balenciaga<\/strong><br \/>\n<strong>Particularit\u00e9s :<\/strong> Abnehmbare Tr\u00e4gerMarke:<br \/>\n<strong>Charakter:<\/strong> ohne<br \/>\n<strong>EAN:<\/strong> nichtzutreffend<br \/>\n<strong>Futtermaterial:<\/strong> Cuir<br \/>\n<strong>Gewebeart:<\/strong> Cuir<br \/>\n<strong>Griff-\/Gurtmaterial:<\/strong> Cuir<br \/>\n<strong>Griffstil:<\/strong> Tragehenkel<br \/>\n<strong>taille :<\/strong> Klein<br \/>\n<strong>Innenfutter-Farbe:<\/strong> Rose<br \/>\n<strong>\u00e9chantillon :<\/strong> Ohne Muster<br \/>\n<strong>Produktlinie:<\/strong> Balenciaga<br \/>\n<strong>Stil:<\/strong> Mini Henkeltasche<br \/>\n<strong>Taschenbreite:<\/strong> 23 cm<br \/>\n<strong>Taschenh\u00f6he:<\/strong> 14 cm<br \/>\n<strong>Taschentiefe:<\/strong> 10 cm<br \/>\n<strong>Thema:<\/strong> Designer<br \/>\n<strong>Verschluss:<\/strong> Fermeture magn\u00e9tique<br \/>\n<strong>Vintage:<\/strong> Nein<\/p>","protected":false},"featured_media":77072,"comment_status":"open","ping_status":"closed","template":"","meta":{"_seopress_robots_primary_cat":"","_seopress_titles_title":"","_seopress_titles_desc":"","_seopress_robots_index":""},"product_brand":[],"product_cat":[1348,1357,1358,1359],"product_tag":[],"class_list":{"0":"post-77009","1":"product","2":"type-product","3":"status-publish","4":"has-post-thumbnail","6":"product_cat-damen-mode","7":"product_cat-accessoires","8":"product_cat-taschen","9":"product_cat-abendtaschen","10":"product_shipping_class-standard-versand","12":"first","13":"instock","14":"sale","15":"taxable","16":"shipping-taxable","17":"purchasable","18":"product-type-simple"},"_links":{"self":[{"href":"https:\/\/www.soanam.de\/fr\/wp-json\/wp\/v2\/product\/77009","targetHints":{"allow":["GET"]}}],"collection":[{"href":"https:\/\/www.soanam.de\/fr\/wp-json\/wp\/v2\/product"}],"about":[{"href":"https:\/\/www.soanam.de\/fr\/wp-json\/wp\/v2\/types\/product"}],"replies":[{"embeddable":true,"href":"https:\/\/www.soanam.de\/fr\/wp-json\/wp\/v2\/comments?post=77009"}],"wp:featuredmedia":[{"embeddable":true,"href":"https:\/\/www.soanam.de\/fr\/wp-json\/wp\/v2\/media\/77072"}],"wp:attachment":[{"href":"https:\/\/www.soanam.de\/fr\/wp-json\/wp\/v2\/media?parent=77009"}],"wp:term":[{"taxonomy":"product_brand","embeddable":true,"href":"https:\/\/www.soanam.de\/fr\/wp-json\/wp\/v2\/product_brand?post=77009"},{"taxonomy":"product_cat","embeddable":true,"href":"https:\/\/www.soanam.de\/fr\/wp-json\/wp\/v2\/product_cat?post=77009"},{"taxonomy":"product_tag","embeddable":true,"href":"https:\/\/www.soanam.de\/fr\/wp-json\/wp\/v2\/product_tag?post=77009"}],"curies":[{"name":"wp","href":"https:\/\/api.w.org\/{rel}","templated":true}]}}