{"id":77004,"date":"2023-12-13T20:32:09","date_gmt":"2023-12-13T19:32:09","guid":{"rendered":"https:\/\/www.soanam.de\/?post_type=product&#038;p=77004"},"modified":"2023-12-13T20:33:42","modified_gmt":"2023-12-13T19:33:42","slug":"name-it-nittrap-jeans-garcon-coupe-skinny-black-used-taille-116","status":"publish","type":"product","link":"https:\/\/www.soanam.de\/fr\/produkt\/name-it-nittrap-jeans-fuer-jungen-skinny-fit-in-black-used-groesse-116\/","title":{"rendered":"Name it NITTRAP - Jeans gar\u00e7on, coupe skinny, noir us\u00e9, taille 116"},"content":{"rendered":"<p>Le jeans \u00e9lastique NITTRAP Skinny Fit pour gar\u00e7ons de NAME IT marque des points avec ses zones d'usure et son lavage used look. Des \u00e9lastiques internes \u00e0 la taille permettent de r\u00e9gler la largeur individuelle.<\/p>\n<p>Coupe : Skinny Fit<br \/>\nHauteur de taille : Normale<br \/>\nLongueur : longueur cheville<br \/>\nfermeture : avec crochet et fermeture \u00e9clair<br \/>\nStyle : style \u00e0 cinq poches<br \/>\nPoches de pantalon : Poches arri\u00e8re, poches lat\u00e9rales<br \/>\nForme des jambes : jambes \u00e9troites et fusel\u00e9es vers l'ourlet<\/p>\n<p>Mati\u00e8re : 83% coton, 16% polyester, 1% \u00e9lasthanne<br \/>\nConseils d'entretien : Lavage en machine \u00e0 30\u00b0, sur l'envers<\/p>\n<p>Tour de taille : 53cm<br \/>\nTour de hanches : 58cm<br \/>\nLongueur d'entrejambe:49cm<br \/>\nlongueur totale : 66.5cm<\/p>","protected":false},"excerpt":{"rendered":"<p>Coupe : Skinny Fit<br \/>\nHauteur de taille : Normale<br \/>\nLongueur : longueur cheville<br \/>\nfermeture : avec crochet et fermeture \u00e9clair<br \/>\nStyle : style \u00e0 cinq poches<br \/>\nPoches de pantalon : Poches arri\u00e8re, poches lat\u00e9rales<br \/>\nForme des jambes : jambes \u00e9troites et fusel\u00e9es vers l'ourlet<\/p>","protected":false},"featured_media":77046,"comment_status":"open","ping_status":"closed","template":"","meta":{"_seopress_robots_primary_cat":"","_seopress_titles_title":"","_seopress_titles_desc":"","_seopress_robots_index":""},"product_brand":[],"product_cat":[1351,1352,1353],"product_tag":[],"class_list":{"0":"post-77004","1":"product","2":"type-product","3":"status-publish","4":"has-post-thumbnail","6":"product_cat-kindermode","7":"product_cat-hosen-kindermode","8":"product_cat-jeans-hosen-kindermode","9":"product_shipping_class-standard-versand","11":"first","12":"instock","13":"sale","14":"taxable","15":"shipping-taxable","16":"purchasable","17":"product-type-simple"},"_links":{"self":[{"href":"https:\/\/www.soanam.de\/fr\/wp-json\/wp\/v2\/product\/77004","targetHints":{"allow":["GET"]}}],"collection":[{"href":"https:\/\/www.soanam.de\/fr\/wp-json\/wp\/v2\/product"}],"about":[{"href":"https:\/\/www.soanam.de\/fr\/wp-json\/wp\/v2\/types\/product"}],"replies":[{"embeddable":true,"href":"https:\/\/www.soanam.de\/fr\/wp-json\/wp\/v2\/comments?post=77004"}],"wp:featuredmedia":[{"embeddable":true,"href":"https:\/\/www.soanam.de\/fr\/wp-json\/wp\/v2\/media\/77046"}],"wp:attachment":[{"href":"https:\/\/www.soanam.de\/fr\/wp-json\/wp\/v2\/media?parent=77004"}],"wp:term":[{"taxonomy":"product_brand","embeddable":true,"href":"https:\/\/www.soanam.de\/fr\/wp-json\/wp\/v2\/product_brand?post=77004"},{"taxonomy":"product_cat","embeddable":true,"href":"https:\/\/www.soanam.de\/fr\/wp-json\/wp\/v2\/product_cat?post=77004"},{"taxonomy":"product_tag","embeddable":true,"href":"https:\/\/www.soanam.de\/fr\/wp-json\/wp\/v2\/product_tag?post=77004"}],"curies":[{"name":"wp","href":"https:\/\/api.w.org\/{rel}","templated":true}]}}