{"id":77003,"date":"2023-12-13T20:32:09","date_gmt":"2023-12-13T19:32:09","guid":{"rendered":"https:\/\/www.soanam.de\/?post_type=product&#038;p=77003"},"modified":"2023-12-13T20:33:32","modified_gmt":"2023-12-13T19:33:32","slug":"rello-reese-slim-fit-jeans-mit-schmalem-bein-hellblau-w30xl32","status":"publish","type":"product","link":"https:\/\/www.soanam.de\/fr\/produkt\/rello-reese-slim-fit-jeans-mit-schmalem-bein-hellblau-w30xl32\/","title":{"rendered":"Rello &amp; Reese Jeans slim \u00e0 jambe \u00e9troite, bleu clair, W30xL32"},"content":{"rendered":"<p>Modische Jeans von Rello &amp; Reese f\u00fcr Herren<br \/>\nAus Baumwolle und Elasthan mit detailreicher Verarbeitung<br \/>\nIm klassischen 5-Pocket-Stil gehaltet<br \/>\nMit Knopfverschluss zu schlie\u00dfen<\/p>\n<p>Mit ihrer angenehmen Baumwoll-Elasthan-Mischung wird diese Jeans zum bequemen Begleiter durch den Alltag und die Freizeit. Der schmale Schnitt schmiegt sich dank elastischer Stoffqualit\u00e4t flexibel an die Figur an und macht jede Bewegung mit. In ihrem schlichten Design passt die Hose sowohl zum allt\u00e4glichen Basic-Outfit als auch zu extravaganten Oberteilen wunderbar.<\/p>\n<p>Tour de taille : 74cm<br \/>\nTour de hanches : 90cm<br \/>\nLongueur d'entrejambe:78cm<br \/>\nlongueur totale : 103cm<\/p>\n<p>&nbsp;<\/p>","protected":false},"excerpt":{"rendered":"<table class=\"dv_characteristicsTable\">\n<tbody>\n<tr>\n<td class=\"left\">Taille<\/td>\n<td>30<\/td>\n<\/tr>\n<tr>\n<td class=\"left\">Hosenl\u00e4nge<\/td>\n<td>32<\/td>\n<\/tr>\n<tr>\n<td class=\"left\">Composition du mat\u00e9riau<\/td>\n<td>97% Baumwolle, 3% Elasthan<\/td>\n<\/tr>\n<tr>\n<td class=\"left\">Conseils d'entretien<\/td>\n<td>Lavage en machine<\/td>\n<\/tr>\n<tr>\n<td class=\"left\">Couleur<\/td>\n<td>hellblau<\/td>\n<\/tr>\n<tr>\n<td class=\"left\">Verschluss<\/td>\n<td>Kn\u00f6pfe<\/td>\n<\/tr>\n<tr>\n<td class=\"left\">Besondere Merkmale<\/td>\n<td>mit schmalem Bein<\/td>\n<\/tr>\n<\/tbody>\n<\/table>","protected":false},"featured_media":77044,"comment_status":"open","ping_status":"closed","template":"","meta":{"_seopress_robots_primary_cat":"","_seopress_titles_title":"","_seopress_titles_desc":"","_seopress_robots_index":""},"product_brand":[],"product_cat":[1345,1346,1347],"product_tag":[],"class_list":{"0":"post-77003","1":"product","2":"type-product","3":"status-publish","4":"has-post-thumbnail","6":"product_cat-herrenmode","7":"product_cat-hosen","8":"product_cat-jeans","9":"product_shipping_class-standard-versand","11":"first","12":"instock","13":"sale","14":"taxable","15":"shipping-taxable","16":"purchasable","17":"product-type-simple"},"_links":{"self":[{"href":"https:\/\/www.soanam.de\/fr\/wp-json\/wp\/v2\/product\/77003","targetHints":{"allow":["GET"]}}],"collection":[{"href":"https:\/\/www.soanam.de\/fr\/wp-json\/wp\/v2\/product"}],"about":[{"href":"https:\/\/www.soanam.de\/fr\/wp-json\/wp\/v2\/types\/product"}],"replies":[{"embeddable":true,"href":"https:\/\/www.soanam.de\/fr\/wp-json\/wp\/v2\/comments?post=77003"}],"wp:featuredmedia":[{"embeddable":true,"href":"https:\/\/www.soanam.de\/fr\/wp-json\/wp\/v2\/media\/77044"}],"wp:attachment":[{"href":"https:\/\/www.soanam.de\/fr\/wp-json\/wp\/v2\/media?parent=77003"}],"wp:term":[{"taxonomy":"product_brand","embeddable":true,"href":"https:\/\/www.soanam.de\/fr\/wp-json\/wp\/v2\/product_brand?post=77003"},{"taxonomy":"product_cat","embeddable":true,"href":"https:\/\/www.soanam.de\/fr\/wp-json\/wp\/v2\/product_cat?post=77003"},{"taxonomy":"product_tag","embeddable":true,"href":"https:\/\/www.soanam.de\/fr\/wp-json\/wp\/v2\/product_tag?post=77003"}],"curies":[{"name":"wp","href":"https:\/\/api.w.org\/{rel}","templated":true}]}}