{"id":6842,"date":"2023-12-03T02:30:52","date_gmt":"2023-12-03T01:30:52","guid":{"rendered":"https:\/\/www.soanam.de\/impressum\/"},"modified":"2023-12-03T17:52:00","modified_gmt":"2023-12-03T16:52:00","slug":"mentions-legales","status":"publish","type":"page","link":"https:\/\/www.soanam.de\/fr\/impressum\/","title":{"rendered":"Mentions l\u00e9gales"},"content":{"rendered":"<h2>Informations selon \u00a7 5 TMG<\/h2>\n<p>Uttam's GbR<br \/>\nSachsenhausener Str. 23a<br \/>\n1er \u00e9tage - bureau 2006<br \/>\n16515 Oranienburg<\/p>\n<p><strong>Repr\u00e9sent\u00e9 par :<\/strong><br \/>\nSimone Uttam<br \/>\nKamal Uttam<\/p>\n<h2>Contact<\/h2>\n<p>T\u00e9l\u00e9phone : +49 (0) 3301 2086393<br \/>\nT\u00e9l\u00e9copieur : +49 (0) 03301 5737770<br \/>\nCourrier \u00e9lectronique : info@soanam.de<\/p>\n<h2>Num\u00e9ro d'identification de la taxe sur le chiffre d'affaires<\/h2>\n<p>Num\u00e9ro d'identification de la taxe sur le chiffre d'affaires conform\u00e9ment au \u00a7 27 a de la loi sur la taxe sur le chiffre d'affaires :<br \/>\nDE329720884<\/p>\n<div class=\"woocommerce woocommerce-gzd woocommerce-gzd-complaints-shortcode\">\n\t\t\t<h3>Alternative Dispute Resolution in accordance with Art. 14 (1) ODR-VO and \u00a7 36 VSBG:<\/h3>\n\t\n<p>La Commission europ\u00e9enne met \u00e0 disposition une plateforme de r\u00e8glement en ligne des litiges (RLL) que tu peux consulter \u00e0 l'adresse suivante <a href=\"https:\/\/ec.europa.eu\/consumers\/odr\" target=\"_blank\">https:\/\/ec.europa.eu\/consumers\/odr<\/a> sur le site. Nous ne sommes pas tenus de participer \u00e0 une proc\u00e9dure de r\u00e8glement des litiges devant un organisme de conciliation des consommateurs et ne sommes pas dispos\u00e9s \u00e0 le faire.<\/p>\n<\/div>\n<p>Source : <a href=\"https:\/\/www.e-recht24.de\">eRecht24<\/a><\/p>","protected":false},"excerpt":{"rendered":"<p>Angaben gem\u00e4\u00df \u00a7 5 TMG Uttam's GbR Sachsenhausener Str. 23a OG \u2013 B\u00fcro 2006 16515 Oranienburg Vertreten durch: Simone Uttam Kamal Uttam Kontakt Telefon: +49 (0) 3301 2086393 Telefax: +49 (0) 03301 5737770 E-Mail: info@soanam.de Umsatzsteuer-ID Umsatzsteuer-Identifikationsnummer gem\u00e4\u00df \u00a7 27 a Umsatzsteuergesetz: DE329720884 Quelle: eRecht24<\/p>","protected":false},"author":1,"featured_media":0,"parent":0,"menu_order":0,"comment_status":"closed","ping_status":"closed","template":"","meta":{"_seopress_robots_primary_cat":"","_seopress_titles_title":"Impressum","_seopress_titles_desc":"Hier finden Sie unsere vollst\u00e4ndigen Kontaktdaten, rechtliche Angaben und Vertretungsberechtigungen.","_seopress_robots_index":"","footnotes":""},"class_list":["post-6842","page","type-page","status-publish","hentry"],"_links":{"self":[{"href":"https:\/\/www.soanam.de\/fr\/wp-json\/wp\/v2\/pages\/6842","targetHints":{"allow":["GET"]}}],"collection":[{"href":"https:\/\/www.soanam.de\/fr\/wp-json\/wp\/v2\/pages"}],"about":[{"href":"https:\/\/www.soanam.de\/fr\/wp-json\/wp\/v2\/types\/page"}],"author":[{"embeddable":true,"href":"https:\/\/www.soanam.de\/fr\/wp-json\/wp\/v2\/users\/1"}],"replies":[{"embeddable":true,"href":"https:\/\/www.soanam.de\/fr\/wp-json\/wp\/v2\/comments?post=6842"}],"version-history":[{"count":0,"href":"https:\/\/www.soanam.de\/fr\/wp-json\/wp\/v2\/pages\/6842\/revisions"}],"wp:attachment":[{"href":"https:\/\/www.soanam.de\/fr\/wp-json\/wp\/v2\/media?parent=6842"}],"curies":[{"name":"wp","href":"https:\/\/api.w.org\/{rel}","templated":true}]}}