{"id":83837,"date":"2023-12-17T23:17:20","date_gmt":"2023-12-17T22:17:20","guid":{"rendered":"https:\/\/www.soanam.de\/?post_type=product&#038;p=83837"},"modified":"2023-12-17T23:20:03","modified_gmt":"2023-12-17T22:20:03","slug":"murimage-tuertapete-schlosstor-rustikal-86-x-200-cm-2-tlg","status":"publish","type":"product","link":"https:\/\/www.soanam.de\/es\/produkt\/murimage-tuertapete-schlosstor-rustikal-86-x-200-cm-2-tlg\/","title":{"rendered":"murimage T\u00fcrtapete Schlosstor rustikal, 86 x 200 cm, 2-tlg."},"content":{"rendered":"<div>Zum Verkauf steht hier eine wundersch\u00f6ne, zeitlose murimage T\u00fcrtapete - Model \"Schlosstor rustikal\".<\/div>\n<div><\/div>\n<div>Este papel pintado de alta calidad para puertas murimage se fabrica en Alemania.<\/div>\n<div>Los colores son brillantes, resistentes a la luz e inodoros, por lo que son 100% adecuados para su espacio vital.<\/div>\n<div>F\u00e1cil de instalar con la pasta suministrada.<\/div>\n<div><\/div>\n<div>Recibir\u00e1 este papel pintado fotogr\u00e1fico de 86 x 200 cm en 2 piezas individuales, cada una de 86 x 100 cm (ancho x alto), incluida la pasta para pegar, as\u00ed como una gu\u00eda de instalaci\u00f3n paso a paso en la que se explica c\u00f3mo colocar el papel pintado.<\/div>\n<div><\/div>\n<div>Las planchas se cortan de forma que dos partes siempre se solapen 5 mm.<br \/>\nLos elementos se hinchan varios mil\u00edmetros durante el pegado.<br \/>\nPara obtener un resultado perfecto, deje cada hoja en remojo durante 5 minutos.<br \/>\nAtenci\u00f3n: \u00a1Ordenar las piezas individuales antes de montarlas! Las piezas individuales est\u00e1n numeradas en la parte inferior derecha del frontal.<br \/>\nLa numeraci\u00f3n queda cubierta por el solapamiento de 5 mm durante el encolado y, por tanto, deja de ser visible al final.<br \/>\nSe recomienda instalar los siguientes accesorios:<br \/>\nBrocha para empapelar, rodillo para empapelar, cubo y agua para mezclar la pasta<br \/>\nRegla plegable, l\u00e1piz y nivel de burbuja, c\u00fater, protecci\u00f3n para el suelo<\/div>","protected":false},"excerpt":{"rendered":"<div class=\"ux-layout-section-evo__row\">\n<div class=\"ux-layout-section-evo__col\">\n<div class=\"ux-labels-values__labels\">\n<div class=\"ux-labels-values__labels-content\">\n<div><span class=\"ux-textspans\">Produktart: <\/span>Fototapete<\/div>\n<\/div>\n<\/div>\n<\/div>\n<div class=\"ux-layout-section-evo__col\">\n<div class=\"ux-labels-values__labels\">\n<div class=\"ux-labels-values__labels-content\">\n<div><span class=\"ux-textspans\">Material: <\/span>Papier<\/div>\n<\/div>\n<\/div>\n<\/div>\n<\/div>\n<div class=\"ux-layout-section-evo__row\">\n<div class=\"ux-layout-section-evo__col\">\n<div class=\"ux-labels-values__labels\">\n<div class=\"ux-labels-values__labels-content\">\n<div><span class=\"ux-textspans\">Besonderheiten: T\u00fcrtapete\u00a0<\/span><\/div>\n<\/div>\n<\/div>\n<\/div>\n<div class=\"ux-layout-section-evo__col\">\n<div class=\"ux-labels-values__labels\">\n<div class=\"ux-labels-values__labels-content\">\n<div><span class=\"ux-textspans\">Zimmer: <\/span>Geeignet f\u00fcr alle Innent\u00fcren<\/div>\n<\/div>\n<\/div>\n<\/div>\n<\/div>\n<div class=\"ux-layout-section-evo__row\">\n<div class=\"ux-layout-section-evo__col\">\n<div class=\"ux-labels-values__labels\">\n<div class=\"ux-labels-values__labels-content\">\n<div><span class=\"ux-textspans\">Stil: Rustikal<\/span><\/div>\n<\/div>\n<\/div>\n<\/div>\n<div class=\"ux-layout-section-evo__col\">\n<div class=\"ux-labels-values__labels\">\n<div class=\"ux-labels-values__labels-content\">\n<div><span class=\"ux-textspans\">Finish: <\/span>Fototapete<\/div>\n<\/div>\n<\/div>\n<\/div>\n<\/div>\n<div class=\"ux-layout-section-evo__row\">\n<div class=\"ux-layout-section-evo__col\">\n<div class=\"ux-labels-values__labels\">\n<div class=\"ux-labels-values__labels-content\">\n<div><span class=\"ux-textspans\">Herstellungsland und -region: <\/span>Alemania<\/div>\n<\/div>\n<\/div>\n<\/div>\n<\/div>\n<div class=\"ux-layout-section-evo__row\">\n<div class=\"ux-layout-section-evo__col\">\n<div class=\"ux-labels-values__labels\">\n<div class=\"ux-labels-values__labels-content\">\n<div><span class=\"ux-textspans\">Marke: <\/span>murimage\u00ae<\/div>\n<\/div>\n<\/div>\n<\/div>\n<\/div>","protected":false},"featured_media":83872,"comment_status":"open","ping_status":"closed","template":"","meta":{"_seopress_robots_primary_cat":"","_seopress_titles_title":"","_seopress_titles_desc":"","_seopress_robots_index":""},"product_brand":[],"product_cat":[1400,1420],"product_tag":[],"class_list":{"0":"post-83837","1":"product","2":"type-product","3":"status-publish","4":"has-post-thumbnail","6":"product_cat-wohnzubehoer","7":"product_cat-wohndekoration","8":"product_shipping_class-standard-versand","10":"first","11":"instock","12":"sale","13":"taxable","14":"shipping-taxable","15":"purchasable","16":"product-type-simple"},"_links":{"self":[{"href":"https:\/\/www.soanam.de\/es\/wp-json\/wp\/v2\/product\/83837","targetHints":{"allow":["GET"]}}],"collection":[{"href":"https:\/\/www.soanam.de\/es\/wp-json\/wp\/v2\/product"}],"about":[{"href":"https:\/\/www.soanam.de\/es\/wp-json\/wp\/v2\/types\/product"}],"replies":[{"embeddable":true,"href":"https:\/\/www.soanam.de\/es\/wp-json\/wp\/v2\/comments?post=83837"}],"wp:featuredmedia":[{"embeddable":true,"href":"https:\/\/www.soanam.de\/es\/wp-json\/wp\/v2\/media\/83872"}],"wp:attachment":[{"href":"https:\/\/www.soanam.de\/es\/wp-json\/wp\/v2\/media?parent=83837"}],"wp:term":[{"taxonomy":"product_brand","embeddable":true,"href":"https:\/\/www.soanam.de\/es\/wp-json\/wp\/v2\/product_brand?post=83837"},{"taxonomy":"product_cat","embeddable":true,"href":"https:\/\/www.soanam.de\/es\/wp-json\/wp\/v2\/product_cat?post=83837"},{"taxonomy":"product_tag","embeddable":true,"href":"https:\/\/www.soanam.de\/es\/wp-json\/wp\/v2\/product_tag?post=83837"}],"curies":[{"name":"wp","href":"https:\/\/api.w.org\/{rel}","templated":true}]}}