{"id":83819,"date":"2023-12-17T02:50:48","date_gmt":"2023-12-17T01:50:48","guid":{"rendered":"https:\/\/www.soanam.de\/?post_type=product&#038;p=83819"},"modified":"2023-12-17T23:18:07","modified_gmt":"2023-12-17T22:18:07","slug":"mazaya-summer-slice-wassermelone-200-g-wasserpfeifentabak","status":"publish","type":"product","link":"https:\/\/www.soanam.de\/es\/produkt\/mazaya-summer-slice-wassermelone-200-g-wasserpfeifentabak\/","title":{"rendered":"Mazaya Summer Slice (sand\u00eda) 200 g de tabaco de pipa de agua"},"content":{"rendered":"<div>\n<p>Mazaya\u00a0 Summer Slice Shisha-Tabak besitzt hervorragende Raucheigenschaften und einen intensiven Geschmack nach Wassermelone.<\/p>\n<p>El tabaco Virginia franc\u00e9s de alta calidad se produce en Jordania. Combinado con sabores cl\u00e1sicos, el resultado son momentos intensos para fumar shisha.<\/p>\n<p>Como este tabaco para pipa de agua est\u00e1 inmediatamente listo para fumar, no se necesita melaza para humedecer el tabaco. Las latas de 200 g, resellables y selladas con sabor, no permiten que penetren ni la luz ni el aire del exterior, por lo que el tabaco para narguile Mazaya no puede secarse tan r\u00e1pidamente.<\/p>\n<p>Un tabaco ideal para narguile que puedes usar perfectamente en el <b>Cabezal multiagujero <\/b>puede fumar.<\/p>\n<p>El corte del tabaco es\u00a0<strong>grueso\/medio<\/strong> y la fuerza es <strong>medio\/fuerte<\/strong><\/p>\n<\/div>\n<div><\/div>\n<div>Atenci\u00f3n: Esta oferta est\u00e1 dirigida exclusivamente a adultos. La Ley alemana de protecci\u00f3n de menores proh\u00edbe la oferta y venta de este art\u00edculo a ni\u00f1os y j\u00f3venes. S\u00f3lo se celebrar\u00e1 un contrato de compra tras haber comprobado correctamente la edad. Adem\u00e1s, el cartero realizar\u00e1 una comprobaci\u00f3n al entregar el paquete.<\/div>","protected":false},"excerpt":{"rendered":"<table class=\"table table-bordered\">\n<tbody>\n<tr class=\"attr-characteristic\">\n<td class=\"attr-label\">Geschmack:<\/td>\n<td class=\"attr-value\"><span class=\"value\"><a title=\"\" href=\"https:\/\/www.paradise-shisha.de\/tabak-geschmack-wassermelone\" data-toggle=\"tooltip\" data-placement=\"top\" data-original-title=\"Wassermelone\"><img decoding=\"async\" title=\"Wassermelone\" src=\"https:\/\/www.paradise-shisha.de\/bilder\/merkmalwerte\/klein\/614.jpg\" alt=\"Wassermelone\" \/><\/a><\/span><\/td>\n<\/tr>\n<tr class=\"attr-characteristic\">\n<td class=\"attr-label\">Kopfart:<\/td>\n<td class=\"attr-value\"><span class=\"value\"><a class=\"label label-primary\" href=\"https:\/\/www.paradise-shisha.de\/tabak-geschmack-mehrlochkopf\">Cabezal multiagujero<\/a><\/span><\/td>\n<\/tr>\n<tr class=\"attr-characteristic\">\n<td class=\"attr-label\">Tabakart:<\/td>\n<td class=\"attr-value\"><span class=\"value\"><a class=\"label label-primary\" href=\"https:\/\/www.paradise-shisha.de\/tabakart-virginia\">Virginia<\/a><\/span><\/td>\n<\/tr>\n<tr class=\"attr-characteristic\">\n<td class=\"attr-label\">Tabakschnitt:<\/td>\n<td class=\"attr-value\"><span class=\"value\"><a class=\"label label-primary\" href=\"https:\/\/www.paradise-shisha.de\/tabakschnitt-grob-mittel\">grueso\/medio<\/a><\/span><\/td>\n<\/tr>\n<tr class=\"attr-characteristic\">\n<td class=\"attr-label\">Geschmacksrichtung:<\/td>\n<td class=\"attr-value\"><span class=\"value\"><a title=\"\" href=\"https:\/\/www.paradise-shisha.de\/suesser-shisha-tabak\" data-toggle=\"tooltip\" data-placement=\"top\" data-original-title=\"s\u00fc\u00df\"><img decoding=\"async\" title=\"s\u00fc\u00df\" src=\"https:\/\/www.paradise-shisha.de\/bilder\/merkmalwerte\/klein\/860.jpg\" alt=\"s\u00fc\u00df\" \/><\/a><\/span><\/td>\n<\/tr>\n<tr class=\"attr-characteristic\">\n<td class=\"attr-label\">Tabakst\u00e4rke:<\/td>\n<td class=\"attr-value\"><span class=\"value\"><a class=\"label label-primary\" href=\"https:\/\/www.paradise-shisha.de\/tabak-staerke-mittel-stark\">medio\/fuerte<\/a><\/span><\/td>\n<\/tr>\n<tr class=\"attr-weight\">\n<td class=\"attr-label\">Artikelgewicht:<\/td>\n<td class=\"attr-value weight-unit weight-unit-article\">0,20\u00a0Kg<\/td>\n<\/tr>\n<tr class=\"attr-contents\">\n<td class=\"attr-label\">Inhalt:<\/td>\n<td class=\"attr-value\">0,20 kg<\/td>\n<\/tr>\n<\/tbody>\n<\/table>\n<p align=\"LEFT\"><strong><span style=\"color: #000000;\"><span style=\"font-family: Market Sans, Arial, sans-serif;\"><span style=\"font-size: small;\">Gefahrenhinweis: macht abh\u00e4ngig<\/span><\/span><\/span><\/strong><\/p>","protected":false},"featured_media":83846,"comment_status":"open","ping_status":"closed","template":"","meta":{"_seopress_robots_primary_cat":"","_seopress_titles_title":"","_seopress_titles_desc":"","_seopress_robots_index":""},"product_brand":[],"product_cat":[1713,1727],"product_tag":[],"class_list":{"0":"post-83819","1":"product","2":"type-product","3":"status-publish","4":"has-post-thumbnail","6":"product_cat-genussmittel","7":"product_cat-shisha-tabak","8":"product_shipping_class-standard-versand","10":"first","11":"instock","12":"sale","13":"taxable","14":"shipping-taxable","15":"purchasable","16":"product-type-simple"},"_links":{"self":[{"href":"https:\/\/www.soanam.de\/es\/wp-json\/wp\/v2\/product\/83819","targetHints":{"allow":["GET"]}}],"collection":[{"href":"https:\/\/www.soanam.de\/es\/wp-json\/wp\/v2\/product"}],"about":[{"href":"https:\/\/www.soanam.de\/es\/wp-json\/wp\/v2\/types\/product"}],"replies":[{"embeddable":true,"href":"https:\/\/www.soanam.de\/es\/wp-json\/wp\/v2\/comments?post=83819"}],"wp:featuredmedia":[{"embeddable":true,"href":"https:\/\/www.soanam.de\/es\/wp-json\/wp\/v2\/media\/83846"}],"wp:attachment":[{"href":"https:\/\/www.soanam.de\/es\/wp-json\/wp\/v2\/media?parent=83819"}],"wp:term":[{"taxonomy":"product_brand","embeddable":true,"href":"https:\/\/www.soanam.de\/es\/wp-json\/wp\/v2\/product_brand?post=83819"},{"taxonomy":"product_cat","embeddable":true,"href":"https:\/\/www.soanam.de\/es\/wp-json\/wp\/v2\/product_cat?post=83819"},{"taxonomy":"product_tag","embeddable":true,"href":"https:\/\/www.soanam.de\/es\/wp-json\/wp\/v2\/product_tag?post=83819"}],"curies":[{"name":"wp","href":"https:\/\/api.w.org\/{rel}","templated":true}]}}