{"id":83799,"date":"2023-12-17T02:48:55","date_gmt":"2023-12-17T01:48:55","guid":{"rendered":"https:\/\/www.soanam.de\/?post_type=product&#038;p=83799"},"modified":"2023-12-17T02:50:16","modified_gmt":"2023-12-17T01:50:16","slug":"187-strassenbande-600-reeperbahn-2ml-20mg-ml","status":"publish","type":"product","link":"https:\/\/www.soanam.de\/es\/produkt\/187-strassenbande-600-reeperbahn-2ml-20mg-ml\/","title":{"rendered":"187 Strassenbande 600 Reeperbahn, 2ml, 20mg\/ml"},"content":{"rendered":"<div>\n<p><span style=\"color: #525252;\"><span style=\"font-family: Times New Roman, serif;\">Este dispositivo es perfecto para cualquiera que quiera pasar de fumar cigarrillos tradicionales a vapear. Ha sido dise\u00f1ado para que la transici\u00f3n sea lo m\u00e1s f\u00e1cil y agradable posible.<\/span><\/span><\/p>\n<p>Die 187 Strassenbande 600\u00a0\u00a0sind perfekt f\u00fcr jeden, der auch unterwegs nicht auf seine Shisha verzichten will. Durch die optimale Regulierung der Hitze wird das Liquid perfekt verdampft und man kann den vollen Geschmack genie\u00dfen. Die E-Zigarette ben\u00f6tigt keine Wartung und ist ein Einweg-Pod-System.<\/p>\n<p>Un dep\u00f3sito de algod\u00f3n independiente con dep\u00f3sito de aceite que almacena de forma segura cada gota de e-l\u00edquido. Una variedad de sabores mezclados que te ofrecen una rica experiencia de sabor.<\/p>\n<p>La tensi\u00f3n de salida constante de 3,6 V proporciona un sabor estable y rico hasta la \u00faltima calada.<\/p>\n<h2>Caracter\u00edsticas<\/h2>\n<h4 class=\"western\"><span style=\"font-family: Times New Roman, serif;\"><span style=\"font-size: medium;\">Kit desechable compacto<\/span><\/span><\/h4>\n<h4 class=\"western\"><span style=\"font-family: Times New Roman, serif;\"><span style=\"font-size: medium;\">Para principiantes<\/span><\/span><\/h4>\n<h4 class=\"western\"><span style=\"font-family: Times New Roman, serif;\"><span style=\"font-size: medium;\">600 trenes por barra<\/span><\/span><\/h4>\n<h4 class=\"western\"><span style=\"font-family: Times New Roman, serif;\"><span style=\"font-size: medium;\">Inhalaci\u00f3n activada<\/span><\/span><\/h4>\n<h4 class=\"western\"><span style=\"font-family: Times New Roman, serif;\"><span style=\"font-size: medium;\">20mg nic sal<\/span><\/span><\/h4>\n<h4 class=\"western\"><span style=\"font-family: Times New Roman, serif;\"><span style=\"font-size: medium;\">Contenido de nicotina: 20 mg\/ml<\/span><\/span><\/h4>\n<h4 class=\"western\"><span style=\"font-family: Times New Roman, serif;\"><span style=\"font-size: medium;\">Volumen de llenado: 2,0 ml<\/span><\/span><\/h4>\n<h5>Modell: Reeperbahn<\/h5>\n<h5>Geschmacksrichtung: Himbeere, Cranberry, Vanilleeis<\/h5>\n<div><\/div>\n<\/div>\n<div><\/div>\n<div>Atenci\u00f3n: Esta oferta est\u00e1 dirigida exclusivamente a adultos. La Ley alemana de protecci\u00f3n de menores proh\u00edbe la oferta y venta de este art\u00edculo a ni\u00f1os y j\u00f3venes. S\u00f3lo se celebrar\u00e1 un contrato de compra tras haber comprobado correctamente la edad. Adem\u00e1s, el cartero realizar\u00e1 una comprobaci\u00f3n al entregar el paquete.<\/div>","protected":false},"excerpt":{"rendered":"<p><span style=\"color: #000000;\"><span style=\"font-family: Market Sans, Arial, sans-serif;\"><span style=\"font-size: small;\">Produktart: Einweg-Zigarette<\/span><\/span><\/span><\/p>\n<p align=\"LEFT\"><span style=\"color: #000000;\"><span style=\"font-family: Market Sans, Arial, sans-serif;\"><span style=\"font-size: small;\">Marke: 187 Strassenbande<\/span><\/span><\/span><\/p>\n<p align=\"LEFT\"><span style=\"color: #000000;\"><span style=\"font-family: Market Sans, Arial, sans-serif;\"><span style=\"font-size: small;\">EAN: 4251822802099<\/span><\/span><\/span><\/p>\n<p align=\"LEFT\"><span style=\"color: #000000;\"><span style=\"font-family: Market Sans, Arial, sans-serif;\"><span style=\"font-size: small;\">Modell: 187 Strassenbande 600 Reeperbahn Einweg E-Zigarette<\/span><\/span><\/span><\/p>\n<p align=\"LEFT\"><span style=\"color: #000000;\"><span style=\"font-family: Market Sans, Arial, sans-serif;\"><span style=\"font-size: small;\">Geschmacksrichtung: Himbeere Cranberry Vanilleeis<\/span><\/span><\/span><\/p>\n<p align=\"LEFT\"><span style=\"color: #000000;\"><span style=\"font-family: Market Sans, Arial, sans-serif;\"><span style=\"font-size: small;\">Bedienung: Elektronisch<\/span><\/span><\/span><\/p>\n<p align=\"LEFT\"><span style=\"color: #000000;\"><span style=\"font-family: Market Sans, Arial, sans-serif;\"><span style=\"font-size: small;\">Akkukapazit\u00e4t: 550 mAh<\/span><\/span><\/span><\/p>\n<p align=\"LEFT\"><span style=\"color: #000000;\"><span style=\"font-family: Market Sans, Arial, sans-serif;\"><span style=\"font-size: small;\">Nikotinst\u00e4rke: 20mg\/ml<\/span><\/span><\/span><\/p>\n<p align=\"LEFT\"><span style=\"color: #000000;\"><span style=\"font-family: Market Sans, Arial, sans-serif;\"><span style=\"font-size: small;\">Gefahrenhinweis: macht abh\u00e4ngig<\/span><\/span><\/span><\/p>","protected":false},"featured_media":83808,"comment_status":"open","ping_status":"closed","template":"","meta":{"_seopress_robots_primary_cat":"","_seopress_titles_title":"","_seopress_titles_desc":"","_seopress_robots_index":""},"product_brand":[],"product_cat":[1713,2626],"product_tag":[],"class_list":{"0":"post-83799","1":"product","2":"type-product","3":"status-publish","4":"has-post-thumbnail","6":"product_cat-genussmittel","7":"product_cat-e-zigaretten","8":"product_shipping_class-standard-versand","10":"first","11":"instock","12":"sale","13":"taxable","14":"shipping-taxable","15":"purchasable","16":"product-type-simple"},"_links":{"self":[{"href":"https:\/\/www.soanam.de\/es\/wp-json\/wp\/v2\/product\/83799","targetHints":{"allow":["GET"]}}],"collection":[{"href":"https:\/\/www.soanam.de\/es\/wp-json\/wp\/v2\/product"}],"about":[{"href":"https:\/\/www.soanam.de\/es\/wp-json\/wp\/v2\/types\/product"}],"replies":[{"embeddable":true,"href":"https:\/\/www.soanam.de\/es\/wp-json\/wp\/v2\/comments?post=83799"}],"wp:featuredmedia":[{"embeddable":true,"href":"https:\/\/www.soanam.de\/es\/wp-json\/wp\/v2\/media\/83808"}],"wp:attachment":[{"href":"https:\/\/www.soanam.de\/es\/wp-json\/wp\/v2\/media?parent=83799"}],"wp:term":[{"taxonomy":"product_brand","embeddable":true,"href":"https:\/\/www.soanam.de\/es\/wp-json\/wp\/v2\/product_brand?post=83799"},{"taxonomy":"product_cat","embeddable":true,"href":"https:\/\/www.soanam.de\/es\/wp-json\/wp\/v2\/product_cat?post=83799"},{"taxonomy":"product_tag","embeddable":true,"href":"https:\/\/www.soanam.de\/es\/wp-json\/wp\/v2\/product_tag?post=83799"}],"curies":[{"name":"wp","href":"https:\/\/api.w.org\/{rel}","templated":true}]}}