{"id":83766,"date":"2023-12-17T02:46:14","date_gmt":"2023-12-17T01:46:14","guid":{"rendered":"https:\/\/www.soanam.de\/?post_type=product&#038;p=83766"},"modified":"2025-11-06T11:18:23","modified_gmt":"2025-11-06T10:18:23","slug":"cacao-soluble-la-plata-min-23-de-espana-sin-gluten-1000g","status":"publish","type":"product","link":"https:\/\/www.soanam.de\/es\/produkt\/la-plata-loeslicher-kakao-mind-23-aus-spanien-glutenfrei-1000g\/","title":{"rendered":"La Plata - Cacao soluble min. 23%, de Espa\u00f1a, sin gluten, 1000g"},"content":{"rendered":"<p><strong><span style=\"color: #01011b;\"><span style=\"font-family: Arial, sans-serif;\"><i>La Plata Cacao soluble 1000 g (Espa\u00f1a), sin gluten<\/i><\/span><\/span><\/strong><\/p>\n<p><em><span style=\"color: #01011b;\"><span style=\"font-family: Arial, sans-serif;\">El cacao instant\u00e1neo en polvo para hacer cacao no contiene gluten. Pueden consumirlo los diab\u00e9ticos y las personas que siguen una dieta sin gluten. Los incomparables beneficios del cacao residen en el contenido de una gran cantidad de flavonoides, antioxidantes y vitaminas que estimulan la circulaci\u00f3n sangu\u00ednea en el cerebro, lo que contribuye a la longevidad y protege al organismo contra la esclerosis senil y la demencia. Seg\u00fan muchos cient\u00edficos, el cacao contiene muchos m\u00e1s antioxidantes que el t\u00e9 verde.<\/span><\/span><\/em><\/p>\n<p><em><span style=\"color: #01011b;\"><span style=\"font-family: Arial, sans-serif;\">El cacao es conocido por su capacidad para mejorar el estado de \u00e1nimo (gracias a la producci\u00f3n de serotonina, la \"hormona de la felicidad\") y aumentar el rendimiento. Esta bebida tambi\u00e9n contiene una gran cantidad de vitaminas y antioxidantes que nuestro organismo necesita, sobre todo el de los ni\u00f1os.\u00a0<\/span><\/span><\/em><\/p>\n<p><em><span style=\"color: #01011b;\"><span style=\"font-family: Arial, sans-serif;\">Para preparar una maravillosa bebida de chocolate, basta con disolver el cacao en polvo en la leche.<\/span><\/span><\/em><\/p>\n<p>&nbsp;<\/p>\n<p><span style=\"font-family: Arial, sans-serif;\">Informaci\u00f3n nutricional 100 g \/ 100 ml\u00a0<\/span><\/p>\n<p><span style=\"font-family: Arial, sans-serif;\">Energ\u00eda 1.678 kj \/ 401 kcal<\/span><\/p>\n<p><span style=\"font-family: Arial, sans-serif;\">Grasa 2,5 g<\/span><\/p>\n<p><span style=\"font-family: Arial, sans-serif;\">\u00c1cidos grasos saturados 1,6 g<\/span><\/p>\n<p><span style=\"font-family: Arial, sans-serif;\">Carbohidratos 88 g<\/span><\/p>\n<p><span style=\"font-family: Arial, sans-serif;\">Az\u00facar 69 g<\/span><\/p>\n<p><span style=\"font-family: Arial, sans-serif;\">Prote\u00ednas 5,8 g<\/span><\/p>\n<p><span style=\"font-family: Arial, sans-serif;\">Sal 0,03 g<\/span><\/p>","protected":false},"excerpt":{"rendered":"<div>\n<div id=\"viTabs_0_is\" class=\"vim x-about-this-item\" data-viewport=\"{&quot;trackableId&quot;:&quot;01H5WRK8JQHPGP9FYM6C6CY0PK&quot;}\" data-testid=\"x-about-this-item\">\n<div class=\"ux-layout-section-module-evo\" data-testid=\"ux-layout-section-module-evo\">\n<div class=\"ux-layout-section-evo ux-layout-section--features\" data-testid=\"ux-layout-section-evo\">\n<div class=\"ux-layout-section-evo__item ux-layout-section-evo__item--table-view\" data-testid=\"ux-layout-section-evo__item\">\n<div class=\"ux-layout-section-evo__row\">\n<div class=\"ux-layout-section-evo__col\">\n<div class=\"ux-labels-values__labels\">\n<div class=\"ux-labels-values__labels-content\">\n<div><span class=\"ux-textspans\">Produkt: <\/span>Kakao- &amp; Malzgetr\u00e4nk<\/div>\n<\/div>\n<\/div>\n<\/div>\n<div class=\"ux-layout-section-evo__col\">\n<div class=\"ux-labels-values__labels\">\n<div class=\"ux-labels-values__labels-content\">\n<div><span class=\"ux-textspans\">Lebensmittelspezifikationen: <\/span>Glutenfrei<\/div>\n<\/div>\n<\/div>\n<\/div>\n<\/div>\n<div class=\"ux-layout-section-evo__row\">\n<div class=\"ux-layout-section-evo__col\">\n<div class=\"ux-labels-values__labels\">\n<div class=\"ux-labels-values__labels-content\">\n<div><span class=\"ux-textspans\">Produktname: <\/span>La Plata Chocolates<\/div>\n<\/div>\n<\/div>\n<\/div>\n<div class=\"ux-layout-section-evo__col\">\n<div class=\"ux-labels-values__labels\">\n<div class=\"ux-labels-values__labels-content\">\n<div><span class=\"ux-textspans\">Produktart: <\/span>Instant Kakao<\/div>\n<\/div>\n<\/div>\n<\/div>\n<\/div>\n<div class=\"ux-layout-section-evo__row\">\n<div class=\"ux-layout-section-evo__col\">\n<div class=\"ux-labels-values__labels\">\n<div class=\"ux-labels-values__labels-content\">\n<div><span class=\"ux-textspans\">Form: <\/span>Pulver<\/div>\n<\/div>\n<\/div>\n<\/div>\n<div class=\"ux-layout-section-evo__col\">\n<div class=\"ux-labels-values__labels\">\n<div class=\"ux-labels-values__labels-content\">\n<div><span class=\"ux-textspans\">Anlass: <\/span>t\u00e4glich<\/div>\n<\/div>\n<\/div>\n<\/div>\n<\/div>\n<div class=\"ux-layout-section-evo__row\">\n<div class=\"ux-layout-section-evo__col\">\n<div class=\"ux-labels-values__labels\">\n<div class=\"ux-labels-values__labels-content\">\n<div><span class=\"ux-textspans\">Geschmack: <\/span>Schokolade<\/div>\n<\/div>\n<\/div>\n<\/div>\n<div class=\"ux-layout-section-evo__col\">\n<div class=\"ux-labels-values__labels\">\n<div class=\"ux-labels-values__labels-content\">\n<div><span class=\"ux-textspans\">Gewicht: <\/span>1 kg<\/div>\n<\/div>\n<\/div>\n<\/div>\n<\/div>\n<div class=\"ux-layout-section-evo__row\">\n<div class=\"ux-layout-section-evo__col\">\n<div class=\"ux-labels-values__labels\">\n<div class=\"ux-labels-values__labels-content\">\n<div><span class=\"ux-textspans\">Herstellernummer: <\/span>210227<\/div>\n<\/div>\n<\/div>\n<\/div>\n<div class=\"ux-layout-section-evo__col\">\n<div class=\"ux-labels-values__labels\">\n<div class=\"ux-labels-values__labels-content\">\n<div><span class=\"ux-textspans\">Marke: <\/span>La Plata<\/div>\n<\/div>\n<\/div>\n<\/div>\n<\/div>\n<div class=\"ux-layout-section-evo__row\">\n<div class=\"ux-layout-section-evo__col\">\n<div class=\"ux-labels-values__labels\">\n<div class=\"ux-labels-values__labels-content\">\n<div><span class=\"ux-textspans\">EAN: <\/span>8437001195220<\/div>\n<\/div>\n<\/div>\n<\/div>\n<div class=\"ux-layout-section-evo__col\">\n<div class=\"ux-labels-values__labels\">\n<div class=\"ux-labels-values__labels-content\">\n<div><span class=\"ux-textspans\">Herstellungsland und -region: <\/span>Spanien<\/div>\n<\/div>\n<\/div>\n<\/div>\n<\/div>\n<div class=\"ux-layout-section-evo__row\">\n<div class=\"ux-layout-section-evo__col\">\n<div class=\"ux-labels-values__labels\">\n<div class=\"ux-labels-values__labels-content\">\n<div><span class=\"ux-textspans\">Kakaogehalt: <\/span>23%<\/div>\n<\/div>\n<\/div>\n<\/div>\n<div class=\"ux-layout-section-evo__col\">\n<div class=\"ux-labels-values__labels\">\n<div class=\"ux-labels-values__labels-content\">\n<div><span class=\"ux-textspans\">Lebensmittelabteilung: <\/span>Haltbare Lebensmittel<\/div>\n<\/div>\n<\/div>\n<\/div>\n<\/div>\n<div class=\"ux-layout-section-evo__row\">\n<div class=\"ux-layout-section-evo__col\">\n<div class=\"ux-labels-values__labels\">\n<div class=\"ux-labels-values__labels-content\">\n<div><span class=\"ux-textspans\">Ablaufdatum: <\/span>2025<\/div>\n<\/div>\n<\/div>\n<\/div>\n<div class=\"ux-layout-section-evo__col\">\n<div class=\"ux-labels-values__labels\">\n<div class=\"ux-labels-values__labels-content\">\n<div><span class=\"ux-textspans\">L\u00e4nderk\u00fcche\/Region: <\/span>Spanisch<\/div>\n<\/div>\n<\/div>\n<\/div>\n<\/div>\n<\/div>\n<\/div>\n<\/div>\n<\/div>\n<\/div>\n<div id=\"desc_wrapper_ctr\">\n<div id=\"desc_div\" class=\"\">\n<div>\n<div class=\"vim d-item-description\" data-viewport=\"{&quot;trackableId&quot;:&quot;01H5WRK8J1W5AS3Q8TKNV8KWK3&quot;}\" data-testid=\"d-item-description\">\n<div class=\"section-title\">\n<div class=\"section-title__title-container\"><\/div>\n<\/div>\n<\/div>\n<\/div>\n<\/div>\n<\/div>","protected":false},"featured_media":83782,"comment_status":"open","ping_status":"closed","template":"","meta":{"_seopress_robots_primary_cat":"none","_seopress_titles_title":"","_seopress_titles_desc":"","_seopress_robots_index":""},"product_brand":[],"product_cat":[1713,1726],"product_tag":[],"class_list":{"0":"post-83766","1":"product","2":"type-product","3":"status-publish","4":"has-post-thumbnail","6":"product_cat-genussmittel","7":"product_cat-kakao","9":"first","10":"instock","11":"sale","12":"taxable","13":"shipping-taxable","14":"purchasable","15":"product-type-simple"},"_links":{"self":[{"href":"https:\/\/www.soanam.de\/es\/wp-json\/wp\/v2\/product\/83766","targetHints":{"allow":["GET"]}}],"collection":[{"href":"https:\/\/www.soanam.de\/es\/wp-json\/wp\/v2\/product"}],"about":[{"href":"https:\/\/www.soanam.de\/es\/wp-json\/wp\/v2\/types\/product"}],"replies":[{"embeddable":true,"href":"https:\/\/www.soanam.de\/es\/wp-json\/wp\/v2\/comments?post=83766"}],"wp:featuredmedia":[{"embeddable":true,"href":"https:\/\/www.soanam.de\/es\/wp-json\/wp\/v2\/media\/83782"}],"wp:attachment":[{"href":"https:\/\/www.soanam.de\/es\/wp-json\/wp\/v2\/media?parent=83766"}],"wp:term":[{"taxonomy":"product_brand","embeddable":true,"href":"https:\/\/www.soanam.de\/es\/wp-json\/wp\/v2\/product_brand?post=83766"},{"taxonomy":"product_cat","embeddable":true,"href":"https:\/\/www.soanam.de\/es\/wp-json\/wp\/v2\/product_cat?post=83766"},{"taxonomy":"product_tag","embeddable":true,"href":"https:\/\/www.soanam.de\/es\/wp-json\/wp\/v2\/product_tag?post=83766"}],"curies":[{"name":"wp","href":"https:\/\/api.w.org\/{rel}","templated":true}]}}