{"id":83649,"date":"2023-12-17T02:04:35","date_gmt":"2023-12-17T01:04:35","guid":{"rendered":"https:\/\/www.soanam.de\/?post_type=product&#038;p=83649"},"modified":"2023-12-17T02:41:58","modified_gmt":"2023-12-17T01:41:58","slug":"traje-de-casa-mont-chalet-senoras-en-crema-oro-gr-m","status":"publish","type":"product","link":"https:\/\/www.soanam.de\/es\/produkt\/mont-chalet-damen-hausanzug-in-creme-gold-gr-m\/","title":{"rendered":"Traje de casa de se\u00f1ora Mont Chalet, en crema, dorado, talla M"},"content":{"rendered":"<p>Traje de casa de microfibra de chinchilla 100%<\/p>\n<p>Top con estampado de anclas y cierre de cremallera bidireccional<\/p>\n<p>Pantal\u00f3n recto con cintura el\u00e1stica ancha y el\u00e1stica<\/p>\n<p>C\u00e1lido, suave, transpirable, agradable a la piel y c\u00f3modo<\/p>\n<p>&nbsp;<\/p>\n<p>Confeccionado en fina microfibra de chinchilla, este acogedor traje de casa de Mont Chalet ofrece una sensaci\u00f3n de bienestar de la que no querr\u00e1 prescindir.<\/p>\n<p>En un sofisticado color crema con un estampado de anclas dorado, la chaqueta cuenta con una cremallera bidireccional, 2 bolsillos laterales y un cuello alto.<\/p>\n<p>Este pantal\u00f3n de color liso tiene corte recto, tiro normal y cintura el\u00e1stica.<\/p>\n<p>&nbsp;<\/p>\n<p>Material: poli\u00e9ster 100%<br \/>\nInstrucciones de cuidado: Lavar a m\u00e1quina<\/p>\n<p>Color: crema, dorado<br \/>\nPatr\u00f3n: Ancla<br \/>\nTalla: M<\/p>\n<p>Dimensiones de la parte superior<\/p>\n<p>Anchura de los hombros: 43 cm<br \/>\nAnchura del pecho: 114 cm<br \/>\nLongitud de la manga: 59 cm<br \/>\nLongitud total: 68 cm<\/p>\n<p>Dimensiones del pantal\u00f3n<\/p>\n<p>Cintura: 70 cm<br \/>\nAncho de cadera: 108 cm<br \/>\nLongitud del pelda\u00f1o: 74 cm<br \/>\nLongitud total: 108 cm<\/p>\n<p>&nbsp;<\/p>\n<p>Se trata de una devoluci\u00f3n de un cliente sin etiqueta.<\/p>","protected":false},"excerpt":{"rendered":"<table class=\"dv_characteristicsTable\">\n<tbody>\n<tr>\n<td class=\"left\">Talla<\/td>\n<td>M<\/td>\n<\/tr>\n<tr>\n<td class=\"left\">Gr\u00f6\u00dfensystem<\/td>\n<td>EU-Gr\u00f6\u00dfen<\/td>\n<\/tr>\n<tr>\n<td class=\"left\">Gr\u00f6\u00dfentyp<\/td>\n<td>Normalgr\u00f6\u00dfe<\/td>\n<\/tr>\n<tr>\n<td class=\"left\">Color<\/td>\n<td>creme<\/td>\n<\/tr>\n<tr>\n<td class=\"left\">Applikationen<\/td>\n<td>Hausanzug \/ Freizeitanzug aus Mikrofaser-Chinchilla<\/td>\n<\/tr>\n<tr>\n<td class=\"left\">Bolsas<\/td>\n<td>Bolsillos<\/td>\n<\/tr>\n<tr>\n<td class=\"left\">Verschluss<\/td>\n<td>Rei\u00dfverschlu\u00df<\/td>\n<\/tr>\n<tr>\n<td class=\"left\">Verschlussdetails<\/td>\n<td>2-Wege-Rei\u00dfverschlu\u00df<\/td>\n<\/tr>\n<tr>\n<td class=\"left\">Materialart<\/td>\n<td>Mikrofaser Chinchilla<\/td>\n<\/tr>\n<tr>\n<td class=\"left\">Materialeigenschaften<\/td>\n<td>w\u00e4rmend , pflegeleicht, bequem<\/td>\n<\/tr>\n<tr>\n<td class=\"left\">Composici\u00f3n del material<\/td>\n<td>100% Poli\u00e9ster<\/td>\n<\/tr>\n<tr>\n<td class=\"left\">Instrucciones de cuidado<\/td>\n<td>Maschinenw\u00e4sche 40 Grad , nicht trocknergeeignet<\/td>\n<\/tr>\n<tr>\n<td class=\"left\">Optik<\/td>\n<td>mit goldfarbigen Druck<\/td>\n<\/tr>\n<tr>\n<td class=\"left\">Stil<\/td>\n<td>klassisch, casual<\/td>\n<\/tr>\n<tr>\n<td class=\"left\">Kragen<\/td>\n<td>Cuello alto<\/td>\n<\/tr>\n<tr>\n<td class=\"left\">Ajuste<\/td>\n<td>bequem<\/td>\n<\/tr>\n<tr>\n<td class=\"left\">Beinform<\/td>\n<td>gerade<\/td>\n<\/tr>\n<tr>\n<td class=\"left\">Leibh\u00f6he<\/td>\n<td>normal<\/td>\n<\/tr>\n<tr>\n<td class=\"left\">Bundabschluss<\/td>\n<td>elastischer Bund<\/td>\n<\/tr>\n<tr>\n<td class=\"left\"><\/td>\n<td><\/td>\n<\/tr>\n<tr>\n<td class=\"left\"><\/td>\n<td><\/td>\n<\/tr>\n<tr>\n<td class=\"left\"><\/td>\n<td><\/td>\n<\/tr>\n<tr>\n<td class=\"left\"><\/td>\n<td><\/td>\n<\/tr>\n<tr>\n<td class=\"left\"><\/td>\n<td><\/td>\n<\/tr>\n<tr>\n<td class=\"left\"><\/td>\n<td><\/td>\n<\/tr>\n<tr>\n<td class=\"left\"><\/td>\n<td><\/td>\n<\/tr>\n<tr>\n<td class=\"left\"><\/td>\n<td><\/td>\n<\/tr>\n<tr>\n<td class=\"left\"><\/td>\n<td><\/td>\n<\/tr>\n<\/tbody>\n<\/table>\n<p>&nbsp;<\/p>\n<p>&nbsp;<\/p>\n<p>&nbsp;<\/p>","protected":false},"featured_media":83705,"comment_status":"open","ping_status":"closed","template":"","meta":{"_seopress_robots_primary_cat":"","_seopress_titles_title":"","_seopress_titles_desc":"","_seopress_robots_index":""},"product_brand":[],"product_cat":[1348,1520,1578,1638,1639],"product_tag":[],"class_list":{"0":"post-83649","1":"product","2":"type-product","3":"status-publish","4":"has-post-thumbnail","6":"product_cat-damen-mode","7":"product_cat-nachtwaesche","8":"product_cat-sets-damen-mode","9":"product_cat-schlafanzuege-nachtwaesche","10":"product_cat-pyjama-lang","11":"product_shipping_class-standard-versand","13":"first","14":"instock","15":"sale","16":"taxable","17":"shipping-taxable","18":"purchasable","19":"product-type-simple"},"_links":{"self":[{"href":"https:\/\/www.soanam.de\/es\/wp-json\/wp\/v2\/product\/83649","targetHints":{"allow":["GET"]}}],"collection":[{"href":"https:\/\/www.soanam.de\/es\/wp-json\/wp\/v2\/product"}],"about":[{"href":"https:\/\/www.soanam.de\/es\/wp-json\/wp\/v2\/types\/product"}],"replies":[{"embeddable":true,"href":"https:\/\/www.soanam.de\/es\/wp-json\/wp\/v2\/comments?post=83649"}],"wp:featuredmedia":[{"embeddable":true,"href":"https:\/\/www.soanam.de\/es\/wp-json\/wp\/v2\/media\/83705"}],"wp:attachment":[{"href":"https:\/\/www.soanam.de\/es\/wp-json\/wp\/v2\/media?parent=83649"}],"wp:term":[{"taxonomy":"product_brand","embeddable":true,"href":"https:\/\/www.soanam.de\/es\/wp-json\/wp\/v2\/product_brand?post=83649"},{"taxonomy":"product_cat","embeddable":true,"href":"https:\/\/www.soanam.de\/es\/wp-json\/wp\/v2\/product_cat?post=83649"},{"taxonomy":"product_tag","embeddable":true,"href":"https:\/\/www.soanam.de\/es\/wp-json\/wp\/v2\/product_tag?post=83649"}],"curies":[{"name":"wp","href":"https:\/\/api.w.org\/{rel}","templated":true}]}}