{"id":83630,"date":"2023-12-17T02:02:46","date_gmt":"2023-12-17T01:02:46","guid":{"rendered":"https:\/\/www.soanam.de\/?post_type=product&#038;p=83630"},"modified":"2023-12-17T02:40:20","modified_gmt":"2023-12-17T01:40:20","slug":"sujetador-con-aros-petite-fleur-gold-en-chetaah-look-negro-talla-95e","status":"publish","type":"product","link":"https:\/\/www.soanam.de\/es\/produkt\/petite-fleur-gold-buegel-bh-in-chetaah-optik-schwarz-gr-95e\/","title":{"rendered":"Sujetador Petite Fleur con aros dorados y look Chetaah, negro, talla 95E"},"content":{"rendered":"<p>Sujetador con aros de petite Fleur dorado<br \/>\nTirantes anchos ajustables<br \/>\nCon aros y banda bajo el pecho<br \/>\nCierre ancho con 4 ganchos y ojales<br \/>\nForrado, con estampado Chetaah<\/p>\n<p>Este sujetador con aros de Petite Fleur combina la comodidad con un look sutilmente femenino.<br \/>\nPara garantizar un ajuste perfecto a todas las tallas, los tirantes son m\u00e1s anchos en las tallas m\u00e1s grandes de bajo pecho y en las copas, para que no se corten inc\u00f3modamente en los hombros.<br \/>\nLos cierres traseros y de gancho tambi\u00e9n son m\u00e1s anchos para una sujeci\u00f3n fiable y un ajuste \u00f3ptimo. Las bandas el\u00e1sticas m\u00e1s anchas a lo largo de los bordes, que no aprietan gracias a las costuras altamente el\u00e1sticas, garantizan un alto nivel de comodidad.<br \/>\nEsta comodidad se optimiza en la espalda mediante un cierre de gancho con 3 opciones de ajuste.<\/p>\n<p>Material: 88% poliamida, 12% elast\u00e1n<br \/>\nInstrucciones de cuidado: Lavar a mano<\/p>\n<p>Color: negro<br \/>\nPatr\u00f3n: Chetaah<br \/>\nTama\u00f1o: 95<br \/>\nCopa: E<\/p>","protected":false},"excerpt":{"rendered":"<table class=\"dv_characteristicsTable\">\n<tbody>\n<tr>\n<td class=\"left\">Talla<\/td>\n<td>95<\/td>\n<\/tr>\n<\/tbody>\n<\/table>\n<table class=\"dv_characteristicsTable\">\n<tbody>\n<tr>\n<td class=\"left\">K\u00f6rbchengr\u00f6\u00dfe<\/td>\n<td>Cup E<\/td>\n<\/tr>\n<\/tbody>\n<\/table>\n<table class=\"dv_characteristicsTable\">\n<tbody>\n<tr>\n<td class=\"left\">Color<\/td>\n<td>schwarz<\/td>\n<\/tr>\n<\/tbody>\n<\/table>\n<table class=\"dv_characteristicsTable\">\n<tbody>\n<tr>\n<td class=\"left\">Composici\u00f3n del material<\/td>\n<td>88% Polyamid, 12% Elasthan<\/td>\n<\/tr>\n<tr>\n<td class=\"left\">Materialart<\/td>\n<td>Mesh<\/td>\n<\/tr>\n<\/tbody>\n<\/table>\n<table class=\"dv_characteristicsTable\">\n<tbody>\n<tr>\n<td class=\"left\">Optik<\/td>\n<td>gemustert<\/td>\n<\/tr>\n<tr>\n<td class=\"left\">Tr\u00e4ger<\/td>\n<td>verstellbar<\/td>\n<\/tr>\n<\/tbody>\n<\/table>\n<p>&nbsp;<\/p>","protected":false},"featured_media":83693,"comment_status":"open","ping_status":"closed","template":"","meta":{"_seopress_robots_primary_cat":"","_seopress_titles_title":"","_seopress_titles_desc":"","_seopress_robots_index":""},"product_brand":[],"product_cat":[1348,1444,1516],"product_tag":[],"class_list":{"0":"post-83630","1":"product","2":"type-product","3":"status-publish","4":"has-post-thumbnail","6":"product_cat-damen-mode","7":"product_cat-unterwaesche","8":"product_cat-bhs","9":"product_shipping_class-standard-versand","11":"first","12":"instock","13":"sale","14":"taxable","15":"shipping-taxable","16":"purchasable","17":"product-type-simple"},"_links":{"self":[{"href":"https:\/\/www.soanam.de\/es\/wp-json\/wp\/v2\/product\/83630","targetHints":{"allow":["GET"]}}],"collection":[{"href":"https:\/\/www.soanam.de\/es\/wp-json\/wp\/v2\/product"}],"about":[{"href":"https:\/\/www.soanam.de\/es\/wp-json\/wp\/v2\/types\/product"}],"replies":[{"embeddable":true,"href":"https:\/\/www.soanam.de\/es\/wp-json\/wp\/v2\/comments?post=83630"}],"wp:featuredmedia":[{"embeddable":true,"href":"https:\/\/www.soanam.de\/es\/wp-json\/wp\/v2\/media\/83693"}],"wp:attachment":[{"href":"https:\/\/www.soanam.de\/es\/wp-json\/wp\/v2\/media?parent=83630"}],"wp:term":[{"taxonomy":"product_brand","embeddable":true,"href":"https:\/\/www.soanam.de\/es\/wp-json\/wp\/v2\/product_brand?post=83630"},{"taxonomy":"product_cat","embeddable":true,"href":"https:\/\/www.soanam.de\/es\/wp-json\/wp\/v2\/product_cat?post=83630"},{"taxonomy":"product_tag","embeddable":true,"href":"https:\/\/www.soanam.de\/es\/wp-json\/wp\/v2\/product_tag?post=83630"}],"curies":[{"name":"wp","href":"https:\/\/api.w.org\/{rel}","templated":true}]}}