{"id":83485,"date":"2023-12-17T01:48:08","date_gmt":"2023-12-17T00:48:08","guid":{"rendered":"https:\/\/www.soanam.de\/?post_type=product&#038;p=83485"},"modified":"2023-12-17T01:54:02","modified_gmt":"2023-12-17T00:54:02","slug":"tom-tailor-struktur-strickpullover-mit-stehkragen-in-hellblau-gr-36-38","status":"publish","type":"product","link":"https:\/\/www.soanam.de\/es\/produkt\/tom-tailor-struktur-strickpullover-mit-stehkragen-in-hellblau-gr-36-38\/","title":{"rendered":"TOM TAILOR jersey de punto texturizado con cuello alto, en azul claro, talla 36\/38"},"content":{"rendered":"<p>Strickpullover von Tom Tailor<br \/>\nIn tollem Strukturstrick<br \/>\nCon un corte ce\u00f1ido<br \/>\nAkzente setzende Rollkante am Stehkragen<br \/>\n\u00dcberschnittene Schultern f\u00fcr einen l\u00e4ssigen Look<br \/>\nLogotipo de la marca<\/p>\n<p>Der Strickpullover mit langen \u00c4rmeln und figurumspielender Passform wird zu deinem Lieblingspulli, denn er sieht einfach super aus und ist genau so bequem.<br \/>\nVerst\u00e4rkt wird die l\u00e4ssige Note noch durch den coolen Strukturstrick und den Rollsaum am Stehkragen.<br \/>\nDie weiche Strickqualit\u00e4t sorgt f\u00fcr h\u00f6chsten Tragekomfort.<\/p>\n<p>Material: poliacr\u00edlico 100%<br \/>\nInstrucciones de cuidado: Lavar a m\u00e1quina<\/p>\n<p>Farbe: hellblau<br \/>\nMuster: Strukturstrick<br \/>\nTalla: 36\/38<\/p>\n<p>Schulterbreite: 57cm<br \/>\nBrustweite: 102 cm<br \/>\n\u00c4rmell\u00e4nge: 52cm<br \/>\nLongitud total: 58 cm<\/p>","protected":false},"excerpt":{"rendered":"<table class=\"dv_characteristicsTable\">\n<tbody>\n<tr>\n<td class=\"left\">Talla<\/td>\n<td>36\/38<\/td>\n<\/tr>\n<tr>\n<td class=\"left\">Composici\u00f3n del material<\/td>\n<td>100% Polyacryl<\/td>\n<\/tr>\n<tr>\n<td class=\"left\">Materialart<\/td>\n<td>Strick<\/td>\n<\/tr>\n<tr>\n<td class=\"left\">Instrucciones de cuidado<\/td>\n<td>Lavado a m\u00e1quina<\/td>\n<\/tr>\n<tr>\n<td class=\"left\">Optik<\/td>\n<td>unifarben<\/td>\n<\/tr>\n<tr>\n<td class=\"left\">Stil<\/td>\n<td>modisch<\/td>\n<\/tr>\n<tr>\n<td class=\"left\">Color<\/td>\n<td>hellblau<\/td>\n<\/tr>\n<tr>\n<td class=\"left\">Ausschnitt<\/td>\n<td>Cuello alto<\/td>\n<\/tr>\n<tr>\n<td class=\"left\">\u00c4rmel<\/td>\n<td>Manga larga<\/td>\n<\/tr>\n<tr>\n<td class=\"left\">\u00c4rmelabschluss<\/td>\n<td>B\u00fcndchen<\/td>\n<\/tr>\n<tr>\n<td class=\"left\">Rumpfabschluss<\/td>\n<td>B\u00fcndchen<\/td>\n<\/tr>\n<tr>\n<td class=\"left\">Ajuste<\/td>\n<td>figurnah<\/td>\n<\/tr>\n<tr>\n<td class=\"left\">Schnittform L\u00e4nge<\/td>\n<td>h\u00fcftlang<\/td>\n<\/tr>\n<tr>\n<td class=\"left\">Besondere Merkmale<\/td>\n<td>mit Strukturdetails<\/td>\n<\/tr>\n<\/tbody>\n<\/table>","protected":false},"featured_media":83542,"comment_status":"open","ping_status":"closed","template":"","meta":{"_seopress_robots_primary_cat":"","_seopress_titles_title":"","_seopress_titles_desc":"","_seopress_robots_index":""},"product_brand":[],"product_cat":[1348,1456,1465],"product_tag":[],"class_list":{"0":"post-83485","1":"product","2":"type-product","3":"status-publish","4":"has-post-thumbnail","6":"product_cat-damen-mode","7":"product_cat-pullover-sweater","8":"product_cat-strickpullover","9":"product_shipping_class-standard-versand","11":"first","12":"instock","13":"sale","14":"taxable","15":"shipping-taxable","16":"purchasable","17":"product-type-simple"},"_links":{"self":[{"href":"https:\/\/www.soanam.de\/es\/wp-json\/wp\/v2\/product\/83485","targetHints":{"allow":["GET"]}}],"collection":[{"href":"https:\/\/www.soanam.de\/es\/wp-json\/wp\/v2\/product"}],"about":[{"href":"https:\/\/www.soanam.de\/es\/wp-json\/wp\/v2\/types\/product"}],"replies":[{"embeddable":true,"href":"https:\/\/www.soanam.de\/es\/wp-json\/wp\/v2\/comments?post=83485"}],"wp:featuredmedia":[{"embeddable":true,"href":"https:\/\/www.soanam.de\/es\/wp-json\/wp\/v2\/media\/83542"}],"wp:attachment":[{"href":"https:\/\/www.soanam.de\/es\/wp-json\/wp\/v2\/media?parent=83485"}],"wp:term":[{"taxonomy":"product_brand","embeddable":true,"href":"https:\/\/www.soanam.de\/es\/wp-json\/wp\/v2\/product_brand?post=83485"},{"taxonomy":"product_cat","embeddable":true,"href":"https:\/\/www.soanam.de\/es\/wp-json\/wp\/v2\/product_cat?post=83485"},{"taxonomy":"product_tag","embeddable":true,"href":"https:\/\/www.soanam.de\/es\/wp-json\/wp\/v2\/product_tag?post=83485"}],"curies":[{"name":"wp","href":"https:\/\/api.w.org\/{rel}","templated":true}]}}