{"id":83455,"date":"2023-12-17T01:44:59","date_gmt":"2023-12-17T00:44:59","guid":{"rendered":"https:\/\/www.soanam.de\/?post_type=product&#038;p=83455"},"modified":"2023-12-17T01:51:53","modified_gmt":"2023-12-17T00:51:53","slug":"lascana-strickpullover-mit-zopfmusterdetails-in-puderrosa-gr-36-38","status":"publish","type":"product","link":"https:\/\/www.soanam.de\/es\/produkt\/lascana-strickpullover-mit-zopfmusterdetails-in-puderrosa-gr-36-38\/","title":{"rendered":"LASCANA Strickpullover mit Zopfmusterdetails, in Puderrosa, Gr. 36\/38"},"content":{"rendered":"<p>Jersey de punto de Lascana<br \/>\nV-Ausschnitt mit Zopfmuster<br \/>\nLang\u00e4rmliger Pullover aus Strukturstrick<br \/>\nCorte holgado<br \/>\nWeiche Strickqualit\u00e4t<\/p>\n<p>Der Strickpullover mit langen \u00c4rmeln und lockerer Passform wird zu deinem Lieblingspulli, denn er sieht einfach super aus und ist genau so bequem.<br \/>\nVerst\u00e4rkt wird die l\u00e4ssige Note noch durch h\u00fcbsche Zopfmuster-Details am Ausschnitt.<br \/>\nDie weiche Strickqualit\u00e4t sorgt f\u00fcr h\u00f6chsten Tragekomfort.<\/p>\n<p>Material: algod\u00f3n 50%, poliacr\u00edlico 50%<br \/>\nInstrucciones de cuidado: Lavar a m\u00e1quina<\/p>\n<p>Color: polvo<br \/>\nMuster: Zopfmuster<br \/>\nTalla: 36\/38<\/p>\n<p>Anchura de los hombros: 49 cm<br \/>\nAnchura del pecho: 94 cm<br \/>\nLongitud de la manga: 54 cm<br \/>\nLongitud total: 58 cm<\/p>\n<p>&nbsp;<\/p>\n<p>Se trata de una devoluci\u00f3n de un cliente sin etiqueta.<\/p>","protected":false},"excerpt":{"rendered":"<table class=\"dv_characteristicsTable\">\n<tbody>\n<tr>\n<td class=\"left\">Talla<\/td>\n<td>36\/38<\/td>\n<\/tr>\n<tr>\n<td class=\"left\">Composici\u00f3n del material<\/td>\n<td>50% Baumwolle, 50% Polyacryl<\/td>\n<\/tr>\n<tr>\n<td class=\"left\">Materialart<\/td>\n<td>Strick<\/td>\n<\/tr>\n<tr>\n<td class=\"left\">Instrucciones de cuidado<\/td>\n<td>Lavado a m\u00e1quina<\/td>\n<\/tr>\n<tr>\n<td class=\"left\">Optik<\/td>\n<td>unifarben<\/td>\n<\/tr>\n<tr>\n<td class=\"left\">Stil<\/td>\n<td>modisch<\/td>\n<\/tr>\n<tr>\n<td class=\"left\">Color<\/td>\n<td>puderrosa<\/td>\n<\/tr>\n<tr>\n<td class=\"left\">Ausschnitt<\/td>\n<td>Cuello en V<\/td>\n<\/tr>\n<tr>\n<td class=\"left\">\u00c4rmel<\/td>\n<td>Manga larga<\/td>\n<\/tr>\n<tr>\n<td class=\"left\">\u00c4rmelabschluss<\/td>\n<td>B\u00fcndchen<\/td>\n<\/tr>\n<tr>\n<td class=\"left\">Rumpfabschluss<\/td>\n<td>gerader Abschluss<\/td>\n<\/tr>\n<tr>\n<td class=\"left\">Ajuste<\/td>\n<td>figurumspielend<\/td>\n<\/tr>\n<tr>\n<td class=\"left\">Schnittform L\u00e4nge<\/td>\n<td>h\u00fcftlang<\/td>\n<\/tr>\n<tr>\n<td class=\"left\">Besondere Merkmale<\/td>\n<td>mit Zopfmusterdetails<\/td>\n<\/tr>\n<\/tbody>\n<\/table>","protected":false},"featured_media":83520,"comment_status":"open","ping_status":"closed","template":"","meta":{"_seopress_robots_primary_cat":"","_seopress_titles_title":"","_seopress_titles_desc":"","_seopress_robots_index":""},"product_brand":[],"product_cat":[1348,1456,1465],"product_tag":[],"class_list":{"0":"post-83455","1":"product","2":"type-product","3":"status-publish","4":"has-post-thumbnail","6":"product_cat-damen-mode","7":"product_cat-pullover-sweater","8":"product_cat-strickpullover","9":"product_shipping_class-standard-versand","11":"first","12":"instock","13":"sale","14":"taxable","15":"shipping-taxable","16":"purchasable","17":"product-type-simple"},"_links":{"self":[{"href":"https:\/\/www.soanam.de\/es\/wp-json\/wp\/v2\/product\/83455","targetHints":{"allow":["GET"]}}],"collection":[{"href":"https:\/\/www.soanam.de\/es\/wp-json\/wp\/v2\/product"}],"about":[{"href":"https:\/\/www.soanam.de\/es\/wp-json\/wp\/v2\/types\/product"}],"replies":[{"embeddable":true,"href":"https:\/\/www.soanam.de\/es\/wp-json\/wp\/v2\/comments?post=83455"}],"wp:featuredmedia":[{"embeddable":true,"href":"https:\/\/www.soanam.de\/es\/wp-json\/wp\/v2\/media\/83520"}],"wp:attachment":[{"href":"https:\/\/www.soanam.de\/es\/wp-json\/wp\/v2\/media?parent=83455"}],"wp:term":[{"taxonomy":"product_brand","embeddable":true,"href":"https:\/\/www.soanam.de\/es\/wp-json\/wp\/v2\/product_brand?post=83455"},{"taxonomy":"product_cat","embeddable":true,"href":"https:\/\/www.soanam.de\/es\/wp-json\/wp\/v2\/product_cat?post=83455"},{"taxonomy":"product_tag","embeddable":true,"href":"https:\/\/www.soanam.de\/es\/wp-json\/wp\/v2\/product_tag?post=83455"}],"curies":[{"name":"wp","href":"https:\/\/api.w.org\/{rel}","templated":true}]}}